{"id":9999,"date":"2024-10-28T14:13:51","date_gmt":"2024-10-28T14:13:51","guid":{"rendered":"https:\/\/puregrowshop.com\/bio-grow-250-ml-bio-bizz\/"},"modified":"2025-12-27T20:02:54","modified_gmt":"2025-12-27T20:02:54","slug":"bio-grow-250-ml-bio-bizz","status":"publish","type":"product","link":"https:\/\/puregrowshop.com\/fr\/bio-grow-250-ml-bio-bizz\/","title":{"rendered":"Bio Grow   250 ml. Bio Bizz"},"content":{"rendered":"<p>Introducci\u00f3n: Descubre Bio Grow 250 ml de Bio Bizz, un fertilizante org\u00e1nico de alta calidad dise\u00f1ado para potenciar el crecimiento saludable y vigoroso de tus plantas. Ideal para cualquier fase de cultivo, este producto garantiza un desarrollo \u00f3ptimo y sostenible.<\/p>\n<p>Especificaciones t\u00e9cnicas:<\/p>\n<ul>\n<li>Capacidad: 250 ml<\/li>\n<li>Peso: 0.3 kg<\/li>\n<li>Categor\u00eda: Fertilizantes org\u00e1nicos<\/li>\n<li>Compatible con todo tipo de sustratos<\/li>\n<\/ul>\n<p>Beneficios y usos: Bio Grow promueve un crecimiento robusto de las plantas desde las primeras etapas, asegurando una nutrici\u00f3n equilibrada. Estimula la vida microbiana del suelo, mejorando la absorci\u00f3n de nutrientes y aumentando la resistencia de las plantas frente a condiciones adversas. Su uso es ideal tanto para cultivos interiores como exteriores, asegurando un rendimiento excepcional.<\/p>\n<p>Composici\u00f3n: Formulado a base de extractos de remolacha azucarera 100% org\u00e1nicos, Bio Grow es rico en az\u00facares naturales y minerales esenciales que favorecen el desarrollo radicular y foliar.<\/p>\n<p>Instrucciones de uso y dosificaci\u00f3n: Agitar bien antes de usar. A\u00f1adir 2-4 ml de Bio Grow por litro de agua en cada riego durante la fase de crecimiento. Ajustar la dosis seg\u00fan las necesidades espec\u00edficas de tus plantas para obtener los mejores resultados.<\/p>\n","protected":false},"excerpt":{"rendered":"<p><P>Fertilizante l\u00edquido de crecimiento aplicable a la mayor\u00eda de tipos de tierra y mezclas de tierra. Bio\u00b7Grow\u00ae activa la flora bacteriana de los sustratos gracias a su base de remolacha azucarera holandesa 100% ecol\u00f3gica, conocida com\u00fanmente como melaza.<\/P><br \/><P>La melaza es un producto l\u00edquido espeso derivado de la ca\u00f1a de az\u00facar y en menor medida de la remolacha azucarera, obtenido del residuo restante en las cubas de extracci\u00f3n de los az\u00facares. Su aspecto es similar<BR>al de la miel aunque de color parduzco muy oscuro. La f\u00e9cula de trigo es la otra materia prima importante utilizada para la producci\u00f3n de etanol. Antes de ser fermentada, la f\u00e9cula se transforma en glucosa con la ayuda de enzimas. Su alto contenido de beta\u00edna que ayuda a activar la micro actividad de la tierra por medio de un proceso de fertilizaci\u00f3n ecol\u00f3gica.<\/P><br \/><P>Bio\u00b7Grow\u00ae contiene 70 oligoelementos y vitaminas B1, B2, C y E. Como todos los productos de Biobizz, tiene bajo contenido de fosfatos, que son considerados da\u00f1inos para nuestro cuerpo y el medioambiente.<\/P><\/p>\n","protected":false},"featured_media":9916,"comment_status":"open","ping_status":"closed","template":"","meta":{"_bst_post_transparent":"","_bst_post_title":"","_bst_post_layout":"","_bst_post_sidebar_id":"","_bst_post_content_style":"","_bst_post_vertical_padding":"","_bst_post_feature":"","_bst_post_feature_position":"","_bst_post_header":false,"_bst_post_footer":false},"pwb-brand":[134],"product_brand":[],"product_cat":[39],"product_tag":[],"class_list":{"0":"post-9999","1":"product","2":"type-product","3":"status-publish","4":"has-post-thumbnail","6":"pwb-brand-bio-bizz","7":"product_cat-fertilizantes","9":"first","10":"instock","11":"sale","12":"taxable","13":"shipping-taxable","14":"purchasable","15":"product-type-simple","16":"entry","17":"content-bg","18":"loop-entry"},"brands":[{"id":134,"name":"Bio Bizz","slug":"bio-bizz"}],"_links":{"self":[{"href":"https:\/\/puregrowshop.com\/fr\/wp-json\/wp\/v2\/product\/9999","targetHints":{"allow":["GET"]}}],"collection":[{"href":"https:\/\/puregrowshop.com\/fr\/wp-json\/wp\/v2\/product"}],"about":[{"href":"https:\/\/puregrowshop.com\/fr\/wp-json\/wp\/v2\/types\/product"}],"replies":[{"embeddable":true,"href":"https:\/\/puregrowshop.com\/fr\/wp-json\/wp\/v2\/comments?post=9999"}],"wp:featuredmedia":[{"embeddable":true,"href":"https:\/\/puregrowshop.com\/fr\/wp-json\/wp\/v2\/media\/9916"}],"wp:attachment":[{"href":"https:\/\/puregrowshop.com\/fr\/wp-json\/wp\/v2\/media?parent=9999"}],"wp:term":[{"taxonomy":"pwb-brand","embeddable":true,"href":"https:\/\/puregrowshop.com\/fr\/wp-json\/wp\/v2\/pwb-brand?post=9999"},{"taxonomy":"product_brand","embeddable":true,"href":"https:\/\/puregrowshop.com\/fr\/wp-json\/wp\/v2\/product_brand?post=9999"},{"taxonomy":"product_cat","embeddable":true,"href":"https:\/\/puregrowshop.com\/fr\/wp-json\/wp\/v2\/product_cat?post=9999"},{"taxonomy":"product_tag","embeddable":true,"href":"https:\/\/puregrowshop.com\/fr\/wp-json\/wp\/v2\/product_tag?post=9999"}],"curies":[{"name":"wp","href":"https:\/\/api.w.org\/{rel}","templated":true}]}}