{"id":9996,"date":"2024-10-28T14:13:51","date_gmt":"2024-10-28T14:13:51","guid":{"rendered":"https:\/\/puregrowshop.com\/top-max-20-lt-bio-bizz\/"},"modified":"2026-02-10T09:26:00","modified_gmt":"2026-02-10T09:26:00","slug":"top-max-20-lt-bio-bizz","status":"publish","type":"product","link":"https:\/\/puregrowshop.com\/fr\/top-max-20-lt-bio-bizz\/","title":{"rendered":"Top Max 20 lt. Bio Bizz"},"content":{"rendered":"<p>Descubre el poder de &quot;Top Max 20 lt. Bio Bizz&quot;, un fertilizante org\u00e1nico de alta calidad dise\u00f1ado para maximizar el rendimiento de tus cultivos. Ideal para agricultores y jardineros que buscan un crecimiento vigoroso y saludable de sus plantas, este producto es una soluci\u00f3n eficaz y respetuosa con el medio ambiente.<\/p>\n<ul>\n<li>Peso: 22 kg<\/li>\n<li>Volumen: 20 litros<\/li>\n<li>Categor\u00eda: Fertilizantes org\u00e1nicos<\/li>\n<li>Compatible con sistemas de cultivo en suelo y hidropon\u00eda<\/li>\n<\/ul>\n<p>Este fertilizante potencia la floraci\u00f3n de tus plantas, promoviendo una producci\u00f3n m\u00e1s abundante y de mejor calidad. Su f\u00f3rmula org\u00e1nica mejora el sabor y la salud de los cultivos, favoreciendo un crecimiento m\u00e1s fuerte y resistente a enfermedades.<\/p>\n<p>Composici\u00f3n: Elaborado a partir de \u00e1cidos h\u00famicos y f\u00falvicos, este fertilizante es completamente org\u00e1nico, asegurando que tus plantas reciban los nutrientes esenciales sin aditivos qu\u00edmicos nocivos.<\/p>\n<p>Instrucciones de uso y dosificaci\u00f3n: Agitar bien antes de usar. Aplicar 2 a 5 ml por litro de agua en cada riego durante la fase de floraci\u00f3n. Ajustar la dosis seg\u00fan las necesidades espec\u00edficas de tus plantas para obtener resultados \u00f3ptimos.<\/p>\n","protected":false},"excerpt":{"rendered":"<p>Estimula la reproducci\u00f3n celular durante la fase de floraci\u00f3n, acelera el transporte de az\u00facares a las flores y frutos obteniendo unos resultados exuberantes en las cosechas (en tama\u00f1o y peso) y aporta un sabor dulce en el producto final. Contiene \u00e1cidos h\u00famicos y f\u00falvicos que se encargan de la aceleraci\u00f3n en el transporte de nutrientes y de un crecimiento floral saludable.<\/p>\n<p>La principal fuente de los \u00e1cidos h\u00famicos proviene de un dep\u00f3sito llamado Leonardita que es el material de mayor concentraci\u00f3n org\u00e1nica en el planeta. La Leonardita proviene de \u00e1rboles y vegetaci\u00f3n que creci\u00f3, floreci\u00f3 y muri\u00f3 durante el periodo carbon\u00edfero hace 300 millones de a\u00f1os. Los \u00e1cidos f\u00falvicos se obtienen excepcionalmente de fuentes ricas de dep\u00f3sitos h\u00famicos de las profundidades de la tierra. Contienen una carga el\u00e9ctrica natural que atrae nutrientes y minerales de la base microbiol\u00f3gica de la tierra. Ambos se encargan de aportar energ\u00eda a las c\u00e9lulas viejas y estimular de nuevas.<\/p>\n","protected":false},"featured_media":9910,"comment_status":"open","ping_status":"closed","template":"","meta":{"_bst_post_transparent":"","_bst_post_title":"","_bst_post_layout":"","_bst_post_sidebar_id":"","_bst_post_content_style":"","_bst_post_vertical_padding":"","_bst_post_feature":"","_bst_post_feature_position":"","_bst_post_header":false,"_bst_post_footer":false},"pwb-brand":[134],"product_brand":[],"product_cat":[39],"product_tag":[],"class_list":{"0":"post-9996","1":"product","2":"type-product","3":"status-publish","4":"has-post-thumbnail","6":"pwb-brand-bio-bizz","7":"product_cat-fertilizantes","9":"first","10":"instock","11":"sale","12":"taxable","13":"shipping-taxable","14":"purchasable","15":"product-type-simple","16":"entry","17":"content-bg","18":"loop-entry"},"brands":[{"id":134,"name":"Bio Bizz","slug":"bio-bizz"}],"_links":{"self":[{"href":"https:\/\/puregrowshop.com\/fr\/wp-json\/wp\/v2\/product\/9996","targetHints":{"allow":["GET"]}}],"collection":[{"href":"https:\/\/puregrowshop.com\/fr\/wp-json\/wp\/v2\/product"}],"about":[{"href":"https:\/\/puregrowshop.com\/fr\/wp-json\/wp\/v2\/types\/product"}],"replies":[{"embeddable":true,"href":"https:\/\/puregrowshop.com\/fr\/wp-json\/wp\/v2\/comments?post=9996"}],"wp:featuredmedia":[{"embeddable":true,"href":"https:\/\/puregrowshop.com\/fr\/wp-json\/wp\/v2\/media\/9910"}],"wp:attachment":[{"href":"https:\/\/puregrowshop.com\/fr\/wp-json\/wp\/v2\/media?parent=9996"}],"wp:term":[{"taxonomy":"pwb-brand","embeddable":true,"href":"https:\/\/puregrowshop.com\/fr\/wp-json\/wp\/v2\/pwb-brand?post=9996"},{"taxonomy":"product_brand","embeddable":true,"href":"https:\/\/puregrowshop.com\/fr\/wp-json\/wp\/v2\/product_brand?post=9996"},{"taxonomy":"product_cat","embeddable":true,"href":"https:\/\/puregrowshop.com\/fr\/wp-json\/wp\/v2\/product_cat?post=9996"},{"taxonomy":"product_tag","embeddable":true,"href":"https:\/\/puregrowshop.com\/fr\/wp-json\/wp\/v2\/product_tag?post=9996"}],"curies":[{"name":"wp","href":"https:\/\/api.w.org\/{rel}","templated":true}]}}