{"id":9992,"date":"2024-10-28T14:13:51","date_gmt":"2024-10-28T14:13:51","guid":{"rendered":"https:\/\/puregrowshop.com\/bio-grow-20-lt-bio-bizz\/"},"modified":"2026-03-18T21:23:09","modified_gmt":"2026-03-18T21:23:09","slug":"bio-grow-20-lt-bio-bizz","status":"publish","type":"product","link":"https:\/\/puregrowshop.com\/fr\/bio-grow-20-lt-bio-bizz\/","title":{"rendered":"Bio Grow 20 lt. Bio Bizz"},"content":{"rendered":"<p>El &quot;Bio Grow 20 lt. Bio Bizz&quot; es un fertilizante org\u00e1nico l\u00edquido altamente eficaz dise\u00f1ado para fomentar el crecimiento saludable de las plantas. Ideal para cultivadores que buscan una soluci\u00f3n sostenible y natural, este producto asegura un desarrollo vigoroso desde las primeras etapas de crecimiento.<\/p>\n<ul>\n<li>Peso: 21 kg<\/li>\n<li>Categor\u00eda: Fertilizantes<\/li>\n<li>Formato: L\u00edquido<\/li>\n<li>Capacidad: 20 litros<\/li>\n<\/ul>\n<h4>Beneficios y usos<\/h4>\n<p>Este fertilizante es perfecto para estimular el crecimiento vegetal, incrementando la producci\u00f3n de hojas y ra\u00edces fuertes. Su f\u00f3rmula org\u00e1nica mejora la estructura del suelo, promoviendo un ecosistema saludable para sus plantas. Adem\u00e1s, es adecuado tanto para cultivos interiores como exteriores, garantizando versatilidad en su aplicaci\u00f3n.<\/p>\n<p>Composici\u00f3n:<\/p>\n<p>Bio Grow est\u00e1 compuesto principalmente de extractos de remolacha azucarera y otros ingredientes 100% naturales, asegurando un aporte nutritivo completo y ecol\u00f3gico.<\/p>\n<p>Instrucciones de uso y dosificaci\u00f3n:<\/p>\n<p>Para obtener los mejores resultados, se recomienda mezclar de 2 a 4 ml de Bio Grow por litro de agua. Aplicar en cada riego durante la etapa de crecimiento. Aseg\u00farese de agitar bien antes de usar y ajustar la dosis seg\u00fan las necesidades espec\u00edficas de sus plantas.<\/p>\n","protected":false},"excerpt":{"rendered":"<p>Fertilizante l\u00edquido de crecimiento aplicable a la mayor\u00eda de tipos de tierra y mezclas de tierra. Bio\u00b7Grow\u00ae activa la flora bacteriana de los sustratos gracias a su base de remolacha azucarera holandesa 100% ecol\u00f3gica, conocida com\u00fanmente como melaza.<\/p>\n<p>La melaza es un producto l\u00edquido espeso derivado de la ca\u00f1a de az\u00facar y en menor medida de la remolacha azucarera, obtenido del residuo restante en las cubas de extracci\u00f3n de los az\u00facares. Su aspecto es similar<br \/>al de la miel aunque de color parduzco muy oscuro. La f\u00e9cula de trigo es la otra materia prima importante utilizada para la producci\u00f3n de etanol. Antes de ser fermentada, la f\u00e9cula se transforma en glucosa con la ayuda de enzimas. Su alto contenido de beta\u00edna que ayuda a activar la micro actividad de la tierra por medio de un proceso de fertilizaci\u00f3n ecol\u00f3gica.<\/p>\n<p>Bio\u00b7Grow\u00ae contiene 70 oligoelementos y vitaminas B1, B2, C y E. Como todos los productos de Biobizz, tiene bajo contenido de fosfatos, que son considerados da\u00f1inos para nuestro cuerpo y el medioambiente.<\/p>\n","protected":false},"featured_media":9902,"comment_status":"open","ping_status":"closed","template":"","meta":{"_bst_post_transparent":"","_bst_post_title":"","_bst_post_layout":"","_bst_post_sidebar_id":"","_bst_post_content_style":"","_bst_post_vertical_padding":"","_bst_post_feature":"","_bst_post_feature_position":"","_bst_post_header":false,"_bst_post_footer":false},"pwb-brand":[134],"product_brand":[],"product_cat":[39],"product_tag":[],"class_list":{"0":"post-9992","1":"product","2":"type-product","3":"status-publish","4":"has-post-thumbnail","6":"pwb-brand-bio-bizz","7":"product_cat-fertilizantes","9":"first","10":"outofstock","11":"sale","12":"taxable","13":"shipping-taxable","14":"purchasable","15":"product-type-simple","16":"entry","17":"content-bg","18":"loop-entry"},"brands":[{"id":134,"name":"Bio Bizz","slug":"bio-bizz"}],"_links":{"self":[{"href":"https:\/\/puregrowshop.com\/fr\/wp-json\/wp\/v2\/product\/9992","targetHints":{"allow":["GET"]}}],"collection":[{"href":"https:\/\/puregrowshop.com\/fr\/wp-json\/wp\/v2\/product"}],"about":[{"href":"https:\/\/puregrowshop.com\/fr\/wp-json\/wp\/v2\/types\/product"}],"replies":[{"embeddable":true,"href":"https:\/\/puregrowshop.com\/fr\/wp-json\/wp\/v2\/comments?post=9992"}],"wp:featuredmedia":[{"embeddable":true,"href":"https:\/\/puregrowshop.com\/fr\/wp-json\/wp\/v2\/media\/9902"}],"wp:attachment":[{"href":"https:\/\/puregrowshop.com\/fr\/wp-json\/wp\/v2\/media?parent=9992"}],"wp:term":[{"taxonomy":"pwb-brand","embeddable":true,"href":"https:\/\/puregrowshop.com\/fr\/wp-json\/wp\/v2\/pwb-brand?post=9992"},{"taxonomy":"product_brand","embeddable":true,"href":"https:\/\/puregrowshop.com\/fr\/wp-json\/wp\/v2\/product_brand?post=9992"},{"taxonomy":"product_cat","embeddable":true,"href":"https:\/\/puregrowshop.com\/fr\/wp-json\/wp\/v2\/product_cat?post=9992"},{"taxonomy":"product_tag","embeddable":true,"href":"https:\/\/puregrowshop.com\/fr\/wp-json\/wp\/v2\/product_tag?post=9992"}],"curies":[{"name":"wp","href":"https:\/\/api.w.org\/{rel}","templated":true}]}}