{"id":9979,"date":"2024-10-28T14:13:49","date_gmt":"2024-10-28T14:13:49","guid":{"rendered":"https:\/\/puregrowshop.com\/acti-vera-250-ml-bio-bizz\/"},"modified":"2025-12-27T20:02:36","modified_gmt":"2025-12-27T20:02:36","slug":"acti-vera-250-ml-bio-bizz","status":"publish","type":"product","link":"https:\/\/puregrowshop.com\/fr\/acti-vera-250-ml-bio-bizz\/","title":{"rendered":"Acti &#8211; Vera    250 ml. Bio Bizz"},"content":{"rendered":"<p>Componentes vegetales de Acti Vera<br \/>La estructura de la planta se compone de varias capas que se pueden dividir en capas interiores y exteriores. La capa exterior de la planta consta de una capa de piel y otra de savia. Los llamados rellenos de gel de las hojas, junto con la capa de muc\u00edlago, forman la parte interior de la planta. Dentro de estas capas, el llamado coraz\u00f3n de la planta, se hallan los componentes bioactivos m\u00e1s valiosos: Humedad y nutrientes.<\/p>\n<p>Composici\u00f3n bioactiva<br \/>La aloverosa descrita anteriormente es un compuesto bioactivo de la planta del aloe vera y tambi\u00e9n se utiliza en el nuevo producto Acti \u00b7 Vera de Biobizz\u00ae. Es la responsable de la calidad del aloe vera y fortalece el sistema inmunol\u00f3gico de las plantas.<\/p>\n<p>Fortalecedor de la salud<br \/>Acti \u00b7 Vera es un potente agente bot\u00e1nico y promotor del crecimiento que aumenta la producci\u00f3n de fitoalexinas y mejora la salud general de la planta. Este producto a base de plantas es ideal para cualquier cultivador y devuelve algo a las plantas posteriores y a la naturaleza. <\/p>\n<p>Efectos de Acti Vera<br \/>&#8211; Mejora de las defensas contra los cambios medioambientales y los g\u00e9rmenes pat\u00f3genos<br \/>&#8211; Antimicrobiano contra bacterias, virus y hongos<br \/>&#8211; Contribuye a dar energ\u00eda protegiendo el sistema inmunitario<br \/>&#8211; Acelera la germinaci\u00f3n<br \/>&#8211; Contribuye a la absorci\u00f3n y transporte de iones<br \/>&#8211; Aumenta la cantidad y la calidad del rendimiento de los cultivos<br \/>&#8211; Ayuda en la descomposici\u00f3n del az\u00facar y aumenta la absorci\u00f3n de nutrientes<br \/>&#8211; Promueve la producci\u00f3n de c\u00e9lulas (crecimiento de las plantas \/ crecimiento de las ra\u00edces) <\/p>\n<p>Instrucciones<br \/>&#8211; Utilice 5 ml en 1 l de agua y util\u00edcelo en cada riego<br \/>&#8211; Acti Vera tambi\u00e9n se puede pulverizar sobre las hojas<br \/>&#8211; Es seguro de usar en cultivos de alimentos, plantaciones, arbustos y plantas ornamentales<br \/>&#8211; Puede utilizarse para estimular el crecimiento y la floraci\u00f3n en la fase vegetativa y de floraci\u00f3n<\/p>\n","protected":false},"excerpt":{"rendered":"<p>La planta de aloe vera tiene un efecto regenerador y vigorizante y ya se utiliza en numerosos productos para las personas. De la misma manera, \u00bfpor qu\u00e9 no podr\u00eda tambi\u00e9n ser beneficiosa para las plantas? Biobizz\u00ae ha desarrollado un nuevo producto: Acti \u00b7 Vera. Este producto creado para sus plantas se fabrica a base de plantas. Se han llevado a cabo numerosas investigaciones sobre el potencial de los productos biol\u00f3gicos como recurso para la salud y la belleza. El aloe vera forma parte de una gran variedad de productos de la industria de la salud para las personas, as\u00ed como para animales, y ahora tambi\u00e9n se utiliza en la agricultura. <\/p>\n","protected":false},"featured_media":9876,"comment_status":"open","ping_status":"closed","template":"","meta":{"_bst_post_transparent":"","_bst_post_title":"","_bst_post_layout":"","_bst_post_sidebar_id":"","_bst_post_content_style":"","_bst_post_vertical_padding":"","_bst_post_feature":"","_bst_post_feature_position":"","_bst_post_header":false,"_bst_post_footer":false},"pwb-brand":[134],"product_brand":[],"product_cat":[39],"product_tag":[],"class_list":{"0":"post-9979","1":"product","2":"type-product","3":"status-publish","4":"has-post-thumbnail","6":"pwb-brand-bio-bizz","7":"product_cat-fertilizantes","9":"first","10":"instock","11":"sale","12":"taxable","13":"shipping-taxable","14":"purchasable","15":"product-type-simple","16":"entry","17":"content-bg","18":"loop-entry"},"brands":[{"id":134,"name":"Bio Bizz","slug":"bio-bizz"}],"_links":{"self":[{"href":"https:\/\/puregrowshop.com\/fr\/wp-json\/wp\/v2\/product\/9979","targetHints":{"allow":["GET"]}}],"collection":[{"href":"https:\/\/puregrowshop.com\/fr\/wp-json\/wp\/v2\/product"}],"about":[{"href":"https:\/\/puregrowshop.com\/fr\/wp-json\/wp\/v2\/types\/product"}],"replies":[{"embeddable":true,"href":"https:\/\/puregrowshop.com\/fr\/wp-json\/wp\/v2\/comments?post=9979"}],"wp:featuredmedia":[{"embeddable":true,"href":"https:\/\/puregrowshop.com\/fr\/wp-json\/wp\/v2\/media\/9876"}],"wp:attachment":[{"href":"https:\/\/puregrowshop.com\/fr\/wp-json\/wp\/v2\/media?parent=9979"}],"wp:term":[{"taxonomy":"pwb-brand","embeddable":true,"href":"https:\/\/puregrowshop.com\/fr\/wp-json\/wp\/v2\/pwb-brand?post=9979"},{"taxonomy":"product_brand","embeddable":true,"href":"https:\/\/puregrowshop.com\/fr\/wp-json\/wp\/v2\/product_brand?post=9979"},{"taxonomy":"product_cat","embeddable":true,"href":"https:\/\/puregrowshop.com\/fr\/wp-json\/wp\/v2\/product_cat?post=9979"},{"taxonomy":"product_tag","embeddable":true,"href":"https:\/\/puregrowshop.com\/fr\/wp-json\/wp\/v2\/product_tag?post=9979"}],"curies":[{"name":"wp","href":"https:\/\/api.w.org\/{rel}","templated":true}]}}