{"id":9978,"date":"2024-10-28T14:13:49","date_gmt":"2024-10-28T14:13:49","guid":{"rendered":"https:\/\/puregrowshop.com\/root-juice-500-ml-bio-bizz\/"},"modified":"2026-03-18T21:22:52","modified_gmt":"2026-03-18T21:22:52","slug":"root-juice-500-ml-bio-bizz","status":"publish","type":"product","link":"https:\/\/puregrowshop.com\/fr\/root-juice-500-ml-bio-bizz\/","title":{"rendered":"Root Juice    500 ml. Bio Bizz"},"content":{"rendered":"<p>Root Juice 500 ml. de Bio Bizz es un fertilizante de alta calidad dise\u00f1ado espec\u00edficamente para estimular el crecimiento vigoroso de las ra\u00edces en las primeras etapas de desarrollo de las plantas. Este producto es ideal para cultivadores que buscan maximizar el potencial de sus cultivos org\u00e1nicos.<\/p>\n<ul>\n<li>Peso: 0.55 kg<\/li>\n<li>Categor\u00eda: Fertilizantes<\/li>\n<li>Formato: L\u00edquido<\/li>\n<li>Volumen: 500 ml<\/li>\n<\/ul>\n<h4>Beneficios y Usos<\/h4>\n<p>Root Juice promueve un sistema radicular fuerte y saludable, lo que facilita una mejor absorci\u00f3n de nutrientes y agua. Esto se traduce en plantas m\u00e1s robustas y resistentes a factores de estr\u00e9s ambiental. Es especialmente beneficioso para plantas en crecimiento y trasplante, asegurando una transici\u00f3n suave y exitosa.<\/p>\n<p>Composici\u00f3n:<\/p>\n<p>Root Juice est\u00e1 formulado a partir de ingredientes 100% naturales, incluyendo extractos vegetales y \u00e1cidos h\u00famicos, lo que lo hace completamente seguro para cultivos org\u00e1nicos.<\/p>\n<p>Instrucciones de uso y dosificaci\u00f3n:<\/p>\n<p>Mezcle de 1 a 4 ml de Root Juice por litro de agua. Aplique durante las dos primeras semanas de crecimiento y despu\u00e9s del trasplante. Aseg\u00farese de seguir las instrucciones espec\u00edficas para su tipo de cultivo y condiciones de crecimiento para obtener los mejores resultados.<\/p>\n","protected":false},"excerpt":{"rendered":"<p>Estimulante de ra\u00edces que favorece la vida biol\u00f3gica del sistema radicular produciendo as\u00ed un crecimiento explosivo y ofreciendo un mejor resultado debido a la capacidad de la planta para acelerar la toma de nutrientes.Est\u00e1 compuesto por \u00e1cidos h\u00famicos, \u00e1cidos f\u00falvicos y algas marinas. Adecuado tanto para el cultivo en tierra, como en la hidropon\u00eda, fortalece los cultivos haci\u00e9ndolos m\u00e1s resistentes a las enfermedades y a los ataques de los insectos. Tambi\u00e9n aporta una resistencia m\u00e1s alta contra los valores EC.<\/p>\n","protected":false},"featured_media":9874,"comment_status":"open","ping_status":"closed","template":"","meta":{"_bst_post_transparent":"","_bst_post_title":"","_bst_post_layout":"","_bst_post_sidebar_id":"","_bst_post_content_style":"","_bst_post_vertical_padding":"","_bst_post_feature":"","_bst_post_feature_position":"","_bst_post_header":false,"_bst_post_footer":false},"pwb-brand":[134],"product_brand":[],"product_cat":[39],"product_tag":[],"class_list":{"0":"post-9978","1":"product","2":"type-product","3":"status-publish","4":"has-post-thumbnail","6":"pwb-brand-bio-bizz","7":"product_cat-fertilizantes","9":"first","10":"outofstock","11":"sale","12":"taxable","13":"shipping-taxable","14":"purchasable","15":"product-type-simple","16":"entry","17":"content-bg","18":"loop-entry"},"brands":[{"id":134,"name":"Bio Bizz","slug":"bio-bizz"}],"_links":{"self":[{"href":"https:\/\/puregrowshop.com\/fr\/wp-json\/wp\/v2\/product\/9978","targetHints":{"allow":["GET"]}}],"collection":[{"href":"https:\/\/puregrowshop.com\/fr\/wp-json\/wp\/v2\/product"}],"about":[{"href":"https:\/\/puregrowshop.com\/fr\/wp-json\/wp\/v2\/types\/product"}],"replies":[{"embeddable":true,"href":"https:\/\/puregrowshop.com\/fr\/wp-json\/wp\/v2\/comments?post=9978"}],"wp:featuredmedia":[{"embeddable":true,"href":"https:\/\/puregrowshop.com\/fr\/wp-json\/wp\/v2\/media\/9874"}],"wp:attachment":[{"href":"https:\/\/puregrowshop.com\/fr\/wp-json\/wp\/v2\/media?parent=9978"}],"wp:term":[{"taxonomy":"pwb-brand","embeddable":true,"href":"https:\/\/puregrowshop.com\/fr\/wp-json\/wp\/v2\/pwb-brand?post=9978"},{"taxonomy":"product_brand","embeddable":true,"href":"https:\/\/puregrowshop.com\/fr\/wp-json\/wp\/v2\/product_brand?post=9978"},{"taxonomy":"product_cat","embeddable":true,"href":"https:\/\/puregrowshop.com\/fr\/wp-json\/wp\/v2\/product_cat?post=9978"},{"taxonomy":"product_tag","embeddable":true,"href":"https:\/\/puregrowshop.com\/fr\/wp-json\/wp\/v2\/product_tag?post=9978"}],"curies":[{"name":"wp","href":"https:\/\/api.w.org\/{rel}","templated":true}]}}