{"id":9977,"date":"2024-10-28T14:13:49","date_gmt":"2024-10-28T14:13:49","guid":{"rendered":"https:\/\/puregrowshop.com\/top-max-10-lt-bio-bizz\/"},"modified":"2025-12-27T20:02:27","modified_gmt":"2025-12-27T20:02:27","slug":"top-max-10-lt-bio-bizz","status":"publish","type":"product","link":"https:\/\/puregrowshop.com\/fr\/top-max-10-lt-bio-bizz\/","title":{"rendered":"Top Max 10 lt. Bio Bizz"},"content":{"rendered":"<p>Presentamos el &quot;Top Max 10 lt. Bio Bizz&quot;, un fertilizante biol\u00f3gico dise\u00f1ado para maximizar el rendimiento de sus cultivos. Ideal para agricultores y jardineros que buscan mejorar la calidad y cantidad de sus cosechas, este producto es esencial para obtener resultados excepcionales en un entorno sostenible.<\/p>\n<ul>\n<li>Peso: 10.32 kg<\/li>\n<li>Categor\u00eda: Fertilizantes<\/li>\n<li>Capacidad: 10 litros<\/li>\n<li>Tipo: Estimulador de floraci\u00f3n org\u00e1nico<\/li>\n<\/ul>\n<p>El &quot;Top Max 10 lt. Bio Bizz&quot; no solo mejora el tama\u00f1o y peso de las flores, sino que tambi\u00e9n realza su sabor y aroma natural. Al optimizar la absorci\u00f3n de nutrientes, este fertilizante promueve un crecimiento vigoroso y saludable, asegurando plantas m\u00e1s robustas y productivas.<\/p>\n<p>Compuesto por ingredientes 100% org\u00e1nicos, su formulaci\u00f3n \u00fanica incluye extractos de plantas y \u00e1cidos h\u00famicos que contribuyen a un crecimiento natural y seguro de sus cultivos.<\/p>\n<p>Para obtener los mejores resultados, mezcle 1-4 ml de &quot;Top Max&quot; por litro de agua, dependiendo de la fase de floraci\u00f3n de sus plantas. Util\u00edcelo durante todo el ciclo de floraci\u00f3n para maximizar el potencial de sus cultivos, asegurando una cosecha abundante y de alta calidad.<\/p>\n","protected":false},"excerpt":{"rendered":"<p><P>Estimula la reproducci\u00f3n celular durante la fase de floraci\u00f3n, acelera el transporte de az\u00facares a las flores y frutos obteniendo unos resultados exuberantes en las cosechas (en tama\u00f1o y peso) y aporta un sabor dulce en el producto final. Contiene \u00e1cidos h\u00famicos y f\u00falvicos que se encargan de la aceleraci\u00f3n en el transporte de nutrientes y de un crecimiento floral saludable.<\/P><br \/><P>La principal fuente de los \u00e1cidos h\u00famicos proviene de un dep\u00f3sito llamado Leonardita que es el material de mayor concentraci\u00f3n org\u00e1nica en el planeta. La Leonardita proviene de \u00e1rboles y vegetaci\u00f3n que creci\u00f3, floreci\u00f3 y muri\u00f3 durante el periodo carbon\u00edfero hace 300 millones de a\u00f1os. Los \u00e1cidos f\u00falvicos se obtienen excepcionalmente de fuentes ricas de dep\u00f3sitos h\u00famicos de las profundidades de la tierra. Contienen una carga el\u00e9ctrica natural que atrae nutrientes y minerales de la base microbiol\u00f3gica de la tierra. Ambos se encargan de aportar energ\u00eda a las c\u00e9lulas viejas y estimular de nuevas.<\/P><\/p>\n","protected":false},"featured_media":9872,"comment_status":"open","ping_status":"closed","template":"","meta":{"_bst_post_transparent":"","_bst_post_title":"","_bst_post_layout":"","_bst_post_sidebar_id":"","_bst_post_content_style":"","_bst_post_vertical_padding":"","_bst_post_feature":"","_bst_post_feature_position":"","_bst_post_header":false,"_bst_post_footer":false},"pwb-brand":[134],"product_brand":[],"product_cat":[39],"product_tag":[],"class_list":{"0":"post-9977","1":"product","2":"type-product","3":"status-publish","4":"has-post-thumbnail","6":"pwb-brand-bio-bizz","7":"product_cat-fertilizantes","9":"first","10":"instock","11":"sale","12":"taxable","13":"shipping-taxable","14":"purchasable","15":"product-type-simple","16":"entry","17":"content-bg","18":"loop-entry"},"brands":[{"id":134,"name":"Bio Bizz","slug":"bio-bizz"}],"_links":{"self":[{"href":"https:\/\/puregrowshop.com\/fr\/wp-json\/wp\/v2\/product\/9977","targetHints":{"allow":["GET"]}}],"collection":[{"href":"https:\/\/puregrowshop.com\/fr\/wp-json\/wp\/v2\/product"}],"about":[{"href":"https:\/\/puregrowshop.com\/fr\/wp-json\/wp\/v2\/types\/product"}],"replies":[{"embeddable":true,"href":"https:\/\/puregrowshop.com\/fr\/wp-json\/wp\/v2\/comments?post=9977"}],"wp:featuredmedia":[{"embeddable":true,"href":"https:\/\/puregrowshop.com\/fr\/wp-json\/wp\/v2\/media\/9872"}],"wp:attachment":[{"href":"https:\/\/puregrowshop.com\/fr\/wp-json\/wp\/v2\/media?parent=9977"}],"wp:term":[{"taxonomy":"pwb-brand","embeddable":true,"href":"https:\/\/puregrowshop.com\/fr\/wp-json\/wp\/v2\/pwb-brand?post=9977"},{"taxonomy":"product_brand","embeddable":true,"href":"https:\/\/puregrowshop.com\/fr\/wp-json\/wp\/v2\/product_brand?post=9977"},{"taxonomy":"product_cat","embeddable":true,"href":"https:\/\/puregrowshop.com\/fr\/wp-json\/wp\/v2\/product_cat?post=9977"},{"taxonomy":"product_tag","embeddable":true,"href":"https:\/\/puregrowshop.com\/fr\/wp-json\/wp\/v2\/product_tag?post=9977"}],"curies":[{"name":"wp","href":"https:\/\/api.w.org\/{rel}","templated":true}]}}