{"id":9976,"date":"2024-10-28T14:13:49","date_gmt":"2024-10-28T14:13:49","guid":{"rendered":"https:\/\/puregrowshop.com\/leaf-coat-500-ml-bio-bizz\/"},"modified":"2025-12-27T20:02:27","modified_gmt":"2025-12-27T20:02:27","slug":"leaf-coat-500-ml-bio-bizz","status":"publish","type":"product","link":"https:\/\/puregrowshop.com\/fr\/leaf-coat-500-ml-bio-bizz\/","title":{"rendered":"Leaf Coat    500 ml. Bio Bizz"},"content":{"rendered":"<p>Descubre el poder de &quot;Leaf Coat 500 ml. Bio Bizz&quot;, un fertilizante innovador dise\u00f1ado para proteger y nutrir tus plantas de manera eficaz. Este producto est\u00e1 especialmente formulado para fortalecer las hojas y mejorar la resistencia natural de tus cultivos, asegurando un crecimiento saludable.<\/p>\n<p>Caracter\u00edsticas t\u00e9cnicas:<\/p>\n<ul>\n<li>Peso: 0.6 kg<\/li>\n<li>Categor\u00eda: Fertilizantes<\/li>\n<li>Formulaci\u00f3n l\u00edquida para f\u00e1cil aplicaci\u00f3n<\/li>\n<li>Compatible con una amplia variedad de plantas<\/li>\n<\/ul>\n<h4>Beneficios y usos<\/h4>\n<p>&quot;Leaf Coat 500 ml. Bio Bizz&quot; act\u00faa como una barrera protectora que reduce la evaporaci\u00f3n, permitiendo que las hojas retengan m\u00e1s humedad. Esto no solo mejora la salud general de la planta, sino que tambi\u00e9n ayuda a prevenir plagas y enfermedades. Su uso regular fortalece las hojas, aumentando la fotos\u00edntesis y promoviendo un crecimiento vigoroso.<\/p>\n<p>Composici\u00f3n:<\/p>\n<p>Formulado con ingredientes naturales, &quot;Leaf Coat&quot; es seguro para el medio ambiente y no altera el sabor de los frutos.<\/p>\n<p>Instrucciones de uso y dosificaci\u00f3n:<\/p>\n<p>Agite bien antes de usar. Aplique directamente sobre las hojas mediante pulverizaci\u00f3n, asegur\u00e1ndose de cubrirlas completamente. Use una o dos veces por semana durante el ciclo de crecimiento. No es necesario diluir, listo para usar.<\/p>\n","protected":false},"excerpt":{"rendered":"<p><P>Revitalizante y un preventivo de ataques de insectos, hongos y plagas. Previene la evaporaci\u00f3n foliar a trav\u00e9s de una micro tela el\u00e1stica protectora de l\u00e1tex natural.<\/P><br \/><P>La capa, que contiene los elementos nutritivos, es permeable y auto-degradable, permite a luz y aire circular con normalidad y se mantiene activa un m\u00e1ximo de 2 semanas hasta que se evapora debido a la luz natural y\/o artificial.<\/P><br \/><P>Leaf\u00b7Coat\u2122 se puede aplicar durante la etapa vegetativa y de floraci\u00f3n tanto en tierra, coco y lana de roca hasta 2 semanas antes del final de la fase de floraci\u00f3n.<\/P><\/p>\n","protected":false},"featured_media":9870,"comment_status":"open","ping_status":"closed","template":"","meta":{"_bst_post_transparent":"","_bst_post_title":"","_bst_post_layout":"","_bst_post_sidebar_id":"","_bst_post_content_style":"","_bst_post_vertical_padding":"","_bst_post_feature":"","_bst_post_feature_position":"","_bst_post_header":false,"_bst_post_footer":false},"pwb-brand":[134],"product_brand":[],"product_cat":[39],"product_tag":[],"class_list":{"0":"post-9976","1":"product","2":"type-product","3":"status-publish","4":"has-post-thumbnail","6":"pwb-brand-bio-bizz","7":"product_cat-fertilizantes","9":"first","10":"instock","11":"sale","12":"taxable","13":"shipping-taxable","14":"purchasable","15":"product-type-simple","16":"entry","17":"content-bg","18":"loop-entry"},"brands":[{"id":134,"name":"Bio Bizz","slug":"bio-bizz"}],"_links":{"self":[{"href":"https:\/\/puregrowshop.com\/fr\/wp-json\/wp\/v2\/product\/9976","targetHints":{"allow":["GET"]}}],"collection":[{"href":"https:\/\/puregrowshop.com\/fr\/wp-json\/wp\/v2\/product"}],"about":[{"href":"https:\/\/puregrowshop.com\/fr\/wp-json\/wp\/v2\/types\/product"}],"replies":[{"embeddable":true,"href":"https:\/\/puregrowshop.com\/fr\/wp-json\/wp\/v2\/comments?post=9976"}],"wp:featuredmedia":[{"embeddable":true,"href":"https:\/\/puregrowshop.com\/fr\/wp-json\/wp\/v2\/media\/9870"}],"wp:attachment":[{"href":"https:\/\/puregrowshop.com\/fr\/wp-json\/wp\/v2\/media?parent=9976"}],"wp:term":[{"taxonomy":"pwb-brand","embeddable":true,"href":"https:\/\/puregrowshop.com\/fr\/wp-json\/wp\/v2\/pwb-brand?post=9976"},{"taxonomy":"product_brand","embeddable":true,"href":"https:\/\/puregrowshop.com\/fr\/wp-json\/wp\/v2\/product_brand?post=9976"},{"taxonomy":"product_cat","embeddable":true,"href":"https:\/\/puregrowshop.com\/fr\/wp-json\/wp\/v2\/product_cat?post=9976"},{"taxonomy":"product_tag","embeddable":true,"href":"https:\/\/puregrowshop.com\/fr\/wp-json\/wp\/v2\/product_tag?post=9976"}],"curies":[{"name":"wp","href":"https:\/\/api.w.org\/{rel}","templated":true}]}}