{"id":9975,"date":"2024-10-28T14:13:49","date_gmt":"2024-10-28T14:13:49","guid":{"rendered":"https:\/\/puregrowshop.com\/trypack-hydro-bio-bizz\/"},"modified":"2025-12-27T20:02:27","modified_gmt":"2025-12-27T20:02:27","slug":"trypack-hydro-bio-bizz","status":"publish","type":"product","link":"https:\/\/puregrowshop.com\/fr\/trypack-hydro-bio-bizz\/","title":{"rendered":"Trypack Hydro  Bio Bizz"},"content":{"rendered":"<p><P>Cultive como un profesional con un paquete completo de alta calidad que ha sido dise\u00f1ado para resultar f\u00e1cil de manipular, f\u00e1cil de utilizar, f\u00e1cil de combinar* y f\u00e1cil de pagar.<BR>El paquete Hydro\u2022Pack contiene Bio\u2022Bloom\u2122, Bio\u2022Heaven\u2122 y Top\u2022Max\u2122. Una combinaci\u00f3n que permite al cultivador hidrop\u00f3nico obtener experiencia con los productos org\u00e1nicos Biobizz\u00ae aptos para aplicaci\u00f3n en cualquier sistema hidrop\u00f3nico.<\/P><br \/><P>Los tres productos que componen el paquete Hydro\u2022Pack le aseguran una producci\u00f3n biop\u00f3nica.<BR>Lo mejor de ambos mundos. Con la calidad del cultivo org\u00e1nico y la cantidad del hidrop\u00f3nico. El paquete Hydro\u2022Pack estimula un desarrollo radicular y una protecci\u00f3n \u00f3ptimos utilizando sustancias org\u00e1nicas en su sistema hidrop\u00f3nico.<\/P><br \/><P>* Util\u00edcelo con cualquier otro producto Biobizz\u00ae o Try Pack para maximizar la cosecha y minimizar los costes.<\/P><br \/><P>El paquete Biobizz\u00ae Hydro\u2022Pack contiene:<BR>&#8211; Bio\u2022Bloom\u2122 &#8211; 250 ML<BR>&#8211; Bio\u2022Heaven\u2122 &#8211; 250 ML<BR>&#8211; Top\u2022Max\u2122 &#8211; 250 ML <\/P><\/p>\n","protected":false},"excerpt":{"rendered":"<p><P>\u00bfPractica un cultivo hidrop\u00f3nico pero se ha cansado de tener que aportar minerales a sus plantas? \u00bfDesea disfrutar el sabor natural de una producci\u00f3n org\u00e1nica pero se resiste a abandonar su sistema? \u00a1Deje que Biobizz\u00ae se lo ponga f\u00e1cil! Pruebe Hydro\u2022Pack, uno de los cuatro miembros de nuestra recientemente lanzada familia de paquetes introductorios Biobizz\u00ae Try\u2022Pack.<\/P><\/p>\n","protected":false},"featured_media":9868,"comment_status":"open","ping_status":"closed","template":"","meta":{"_bst_post_transparent":"","_bst_post_title":"","_bst_post_layout":"","_bst_post_sidebar_id":"","_bst_post_content_style":"","_bst_post_vertical_padding":"","_bst_post_feature":"","_bst_post_feature_position":"","_bst_post_header":false,"_bst_post_footer":false},"pwb-brand":[134],"product_brand":[],"product_cat":[39],"product_tag":[],"class_list":{"0":"post-9975","1":"product","2":"type-product","3":"status-publish","4":"has-post-thumbnail","6":"pwb-brand-bio-bizz","7":"product_cat-fertilizantes","9":"first","10":"instock","11":"sale","12":"taxable","13":"shipping-taxable","14":"purchasable","15":"product-type-simple","16":"entry","17":"content-bg","18":"loop-entry"},"brands":[{"id":134,"name":"Bio Bizz","slug":"bio-bizz"}],"_links":{"self":[{"href":"https:\/\/puregrowshop.com\/fr\/wp-json\/wp\/v2\/product\/9975","targetHints":{"allow":["GET"]}}],"collection":[{"href":"https:\/\/puregrowshop.com\/fr\/wp-json\/wp\/v2\/product"}],"about":[{"href":"https:\/\/puregrowshop.com\/fr\/wp-json\/wp\/v2\/types\/product"}],"replies":[{"embeddable":true,"href":"https:\/\/puregrowshop.com\/fr\/wp-json\/wp\/v2\/comments?post=9975"}],"wp:featuredmedia":[{"embeddable":true,"href":"https:\/\/puregrowshop.com\/fr\/wp-json\/wp\/v2\/media\/9868"}],"wp:attachment":[{"href":"https:\/\/puregrowshop.com\/fr\/wp-json\/wp\/v2\/media?parent=9975"}],"wp:term":[{"taxonomy":"pwb-brand","embeddable":true,"href":"https:\/\/puregrowshop.com\/fr\/wp-json\/wp\/v2\/pwb-brand?post=9975"},{"taxonomy":"product_brand","embeddable":true,"href":"https:\/\/puregrowshop.com\/fr\/wp-json\/wp\/v2\/product_brand?post=9975"},{"taxonomy":"product_cat","embeddable":true,"href":"https:\/\/puregrowshop.com\/fr\/wp-json\/wp\/v2\/product_cat?post=9975"},{"taxonomy":"product_tag","embeddable":true,"href":"https:\/\/puregrowshop.com\/fr\/wp-json\/wp\/v2\/product_tag?post=9975"}],"curies":[{"name":"wp","href":"https:\/\/api.w.org\/{rel}","templated":true}]}}