{"id":9974,"date":"2024-10-28T14:13:49","date_gmt":"2024-10-28T14:13:49","guid":{"rendered":"https:\/\/puregrowshop.com\/trypack-stimulant-bio-bizz\/"},"modified":"2025-12-27T20:02:27","modified_gmt":"2025-12-27T20:02:27","slug":"trypack-stimulant-bio-bizz","status":"publish","type":"product","link":"https:\/\/puregrowshop.com\/fr\/trypack-stimulant-bio-bizz\/","title":{"rendered":"Trypack Stimulant Bio Bizz"},"content":{"rendered":"<p><P>Un paquete ideal si desea dar un paso m\u00e1s y sacar el m\u00e1ximo partido a su producci\u00f3n de manera org\u00e1nica. Con el paquete Biobizz\u00ae Stimulant\u2022Pack obtendr\u00e1 plantas m\u00e1s grandes de sabor m\u00e1s dulce y resultados mejores que nunca, \u00a1incluso de manera hidrop\u00f3nica!<BR>\u00a1Deje que empiece la experiencia del cultivo org\u00e1nico con Biobizz\u00ae Try\u2022Pack\u2122!<\/P><br \/><P><\/P><br \/><P>* Util\u00edcelo con cualquier otro producto Biobizz\u00ae o Try Pack para maximizar la cosecha y minimizar los costes.<\/P><br \/><P>El paquete Biobizz\u00ae Stimulant\u2022Pack contiene:<BR>&#8211; Root\u2022Juice\u2122 &#8211; 250 ML<BR>&#8211; Top\u2022Max\u2122 &#8211; 250 ML<BR>&#8211; Alg\u2022A\u2022Mic\u2122 &#8211; 250 ML<\/P><\/p>\n","protected":false},"excerpt":{"rendered":"<p><P>\u00bfNecesitan sus plantas estimulaci\u00f3n adicional? \u00bfHa probado a hablarles y cantarles pero no funcion\u00f3? \u00a1Deje que Biobizz\u00ae se lo ponga f\u00e1cil! Pruebe Stimulant\u2022Pack, uno de los cuatro miembros de nuestra recientemente lanzada familia de paquetes introductorios Biobizz\u00ae Try\u2022Pack.<\/P><br \/><P>Cultive como un profesional con un paquete completo de alta calidad que ha sido dise\u00f1ado para resultar f\u00e1cil de manipular, f\u00e1cil de utilizar, f\u00e1cil de combinar* y f\u00e1cil de pagar.<BR>El paquete Stimulant\u2022Pack contiene Root\u2022Juice\u2122, Top\u2022Max\u2122 y Alg\u2022A\u2022Mic\u2122. Una combinaci\u00f3n que permite tanto al cultivador hidrop\u00f3nico como al cultivador org\u00e1nico obtener experiencia con la gama de estimulantes org\u00e1nicos Biobizz\u00ae proporcionando nutrici\u00f3n b\u00e1sica para entre 1 y 4 plantas.<\/P><\/p>\n","protected":false},"featured_media":9866,"comment_status":"open","ping_status":"closed","template":"","meta":{"_bst_post_transparent":"","_bst_post_title":"","_bst_post_layout":"","_bst_post_sidebar_id":"","_bst_post_content_style":"","_bst_post_vertical_padding":"","_bst_post_feature":"","_bst_post_feature_position":"","_bst_post_header":false,"_bst_post_footer":false},"pwb-brand":[134],"product_brand":[],"product_cat":[39],"product_tag":[],"class_list":{"0":"post-9974","1":"product","2":"type-product","3":"status-publish","4":"has-post-thumbnail","6":"pwb-brand-bio-bizz","7":"product_cat-fertilizantes","9":"first","10":"instock","11":"sale","12":"taxable","13":"shipping-taxable","14":"purchasable","15":"product-type-simple","16":"entry","17":"content-bg","18":"loop-entry"},"brands":[{"id":134,"name":"Bio Bizz","slug":"bio-bizz"}],"_links":{"self":[{"href":"https:\/\/puregrowshop.com\/fr\/wp-json\/wp\/v2\/product\/9974","targetHints":{"allow":["GET"]}}],"collection":[{"href":"https:\/\/puregrowshop.com\/fr\/wp-json\/wp\/v2\/product"}],"about":[{"href":"https:\/\/puregrowshop.com\/fr\/wp-json\/wp\/v2\/types\/product"}],"replies":[{"embeddable":true,"href":"https:\/\/puregrowshop.com\/fr\/wp-json\/wp\/v2\/comments?post=9974"}],"wp:featuredmedia":[{"embeddable":true,"href":"https:\/\/puregrowshop.com\/fr\/wp-json\/wp\/v2\/media\/9866"}],"wp:attachment":[{"href":"https:\/\/puregrowshop.com\/fr\/wp-json\/wp\/v2\/media?parent=9974"}],"wp:term":[{"taxonomy":"pwb-brand","embeddable":true,"href":"https:\/\/puregrowshop.com\/fr\/wp-json\/wp\/v2\/pwb-brand?post=9974"},{"taxonomy":"product_brand","embeddable":true,"href":"https:\/\/puregrowshop.com\/fr\/wp-json\/wp\/v2\/product_brand?post=9974"},{"taxonomy":"product_cat","embeddable":true,"href":"https:\/\/puregrowshop.com\/fr\/wp-json\/wp\/v2\/product_cat?post=9974"},{"taxonomy":"product_tag","embeddable":true,"href":"https:\/\/puregrowshop.com\/fr\/wp-json\/wp\/v2\/product_tag?post=9974"}],"curies":[{"name":"wp","href":"https:\/\/api.w.org\/{rel}","templated":true}]}}