{"id":9973,"date":"2024-10-28T14:13:49","date_gmt":"2024-10-28T14:13:49","guid":{"rendered":"https:\/\/puregrowshop.com\/trypack-outdoor-bio-bizz\/"},"modified":"2025-12-27T20:02:27","modified_gmt":"2025-12-27T20:02:27","slug":"trypack-outdoor-bio-bizz","status":"publish","type":"product","link":"https:\/\/puregrowshop.com\/fr\/trypack-outdoor-bio-bizz\/","title":{"rendered":"Trypack Outdoor Bio Bizz"},"content":{"rendered":"<p><P>El componente Biobizz\u00ae Fish\u2022Mix\u2122 del paquete refuerza todos los minerales y (micro)organismos naturales y estimula la producci\u00f3n de bacterias \u00fatiles. Los altos niveles de prote\u00ednas ayudan tambi\u00e9n a crear un sustrato de exterior rico en materia org\u00e1nica. Pero recuerde, \u00a1no intente usarlo en casa o tendr\u00e1 que dejar las ventanas abiertas una semana!<BR>\u00a1Deje que empiece la experiencia del cultivo org\u00e1nico con Biobizz\u00ae Try\u2022Pack\u2122!<\/P><br \/><P>* Util\u00edcelo con cualquier otro producto Biobizz\u00ae o Try Pack para maximizar la cosecha y minimizar los costes.<\/P><br \/><P>El paquete Biobizz\u00ae Outdoor Pack contiene:<BR>&#8211; Bio\u2022Bloom\u2122 &#8211; 250 ML<BR>&#8211; Fish\u2022Mix\u2122 &#8211; 250 ML<BR>&#8211; Top\u2022Max\u2122 &#8211; 250 ML<\/P><\/p>\n","protected":false},"excerpt":{"rendered":"<p><P>Si el clima de su regi\u00f3n lo permite y opta por cultivar en exteriores pero no sabe c\u00f3mo empezar, deje que Biobizz\u00ae se lo ponga f\u00e1cil. Pruebe Outdoor\u2022Pack, uno de los cuatro miembros de nuestra recientemente lanzada familia de paquetes introductorios Biobizz\u00ae Try\u2022Pack.<\/P><br \/><P>Cultive como un profesional con un paquete completo de alta calidad que ha sido dise\u00f1ado para resultar f\u00e1cil de manipular, f\u00e1cil de utilizar, f\u00e1cil de combinar* y f\u00e1cil de pagar.<BR>El paquete Outdoor Pack contiene Bio\u2022Bloom\u2122, Fish\u2022Mix\u2122 y Top\u2022Max\u2122. Una combinaci\u00f3n que permite al cultivador de exterior obtener experiencia con la gama de fertilizantes org\u00e1nicos Biobizz\u00ae proporcionando nutrici\u00f3n b\u00e1sica para entre 1 y 4 plantas.<\/P><\/p>\n","protected":false},"featured_media":9864,"comment_status":"open","ping_status":"closed","template":"","meta":{"_bst_post_transparent":"","_bst_post_title":"","_bst_post_layout":"","_bst_post_sidebar_id":"","_bst_post_content_style":"","_bst_post_vertical_padding":"","_bst_post_feature":"","_bst_post_feature_position":"","_bst_post_header":false,"_bst_post_footer":false},"pwb-brand":[134],"product_brand":[],"product_cat":[39],"product_tag":[],"class_list":{"0":"post-9973","1":"product","2":"type-product","3":"status-publish","4":"has-post-thumbnail","6":"pwb-brand-bio-bizz","7":"product_cat-fertilizantes","9":"first","10":"instock","11":"sale","12":"taxable","13":"shipping-taxable","14":"purchasable","15":"product-type-simple","16":"entry","17":"content-bg","18":"loop-entry"},"brands":[{"id":134,"name":"Bio Bizz","slug":"bio-bizz"}],"_links":{"self":[{"href":"https:\/\/puregrowshop.com\/fr\/wp-json\/wp\/v2\/product\/9973","targetHints":{"allow":["GET"]}}],"collection":[{"href":"https:\/\/puregrowshop.com\/fr\/wp-json\/wp\/v2\/product"}],"about":[{"href":"https:\/\/puregrowshop.com\/fr\/wp-json\/wp\/v2\/types\/product"}],"replies":[{"embeddable":true,"href":"https:\/\/puregrowshop.com\/fr\/wp-json\/wp\/v2\/comments?post=9973"}],"wp:featuredmedia":[{"embeddable":true,"href":"https:\/\/puregrowshop.com\/fr\/wp-json\/wp\/v2\/media\/9864"}],"wp:attachment":[{"href":"https:\/\/puregrowshop.com\/fr\/wp-json\/wp\/v2\/media?parent=9973"}],"wp:term":[{"taxonomy":"pwb-brand","embeddable":true,"href":"https:\/\/puregrowshop.com\/fr\/wp-json\/wp\/v2\/pwb-brand?post=9973"},{"taxonomy":"product_brand","embeddable":true,"href":"https:\/\/puregrowshop.com\/fr\/wp-json\/wp\/v2\/product_brand?post=9973"},{"taxonomy":"product_cat","embeddable":true,"href":"https:\/\/puregrowshop.com\/fr\/wp-json\/wp\/v2\/product_cat?post=9973"},{"taxonomy":"product_tag","embeddable":true,"href":"https:\/\/puregrowshop.com\/fr\/wp-json\/wp\/v2\/product_tag?post=9973"}],"curies":[{"name":"wp","href":"https:\/\/api.w.org\/{rel}","templated":true}]}}