{"id":9970,"date":"2024-10-28T14:13:46","date_gmt":"2024-10-28T14:13:46","guid":{"rendered":"https:\/\/puregrowshop.com\/bio-heaven-5-lt-bio-bizz\/"},"modified":"2026-02-10T09:24:22","modified_gmt":"2026-02-10T09:24:22","slug":"bio-heaven-5-lt-bio-bizz","status":"publish","type":"product","link":"https:\/\/puregrowshop.com\/fr\/bio-heaven-5-lt-bio-bizz\/","title":{"rendered":"Bio Heaven  5 lt. Bio Bizz"},"content":{"rendered":"<p><P>Aparte de los amino\u00e1cidos, Bio\u00b7Heaven\u2122 contiene humus envejecido natural, uno de los componentes m\u00e1s vers\u00e1tiles de la tierra. El humus, en combinaci\u00f3n con las dem\u00e1s sustancias activas de Bio\u00b7Heaven\u2122 incrementa de un modo extremado<BR>la cantidad de minerales en la tierra. Normalmente, el porcentaje de minerales se encuentra en torno al 5 y 10%, los componentes de Bio\u00b7Heaven\u2122 pueden aumentarlo al 95%.<\/P><br \/><P>Bio\u00b7Heaven\u2122 aumenta la cantidad y calidad de la cosecha mediante la mejora de la retenci\u00f3n de humedad, la estimulaci\u00f3n de los sistemas enzim\u00e1ticos que aumentan la respiraci\u00f3n de la planta y la facilitaci\u00f3n de una r\u00e1pida y completa absorci\u00f3n de los nutrientes b\u00e1sicos. Adem\u00e1s estimula el sistema anti-oxidante de la planta, la libera de toxinas acumuladas, repara su clorofila y la re-estimula en general.<\/P><\/p>\n","protected":false},"excerpt":{"rendered":"<p>Potenciador de energ\u00eda altamente concentrado que contiene estimulantes ecol\u00f3gicos cuidadosamente seleccionados, como por ejemplo, los amino\u00e1cidos.Los amino\u00e1cidos son un componente b\u00e1sico en el desarrollo de las prote\u00ednas y enzimas que son esenciales para la estructura y el metabolismo de la planta. Los potentes L-amino-\u00e1cidos que contiene Bio\u00b7Heaven\u2122 son extra\u00eddos de soja ecol\u00f3gica y de otras fuentes prote\u00ednicas biol\u00f3gicas via hidr\u00f3lisis y fermentaci\u00f3n enzim\u00e1tica. Este proceso asegura que los amino\u00e1cidos se extraigan en la forma-L, la \u00fanica absorbida y utilizada por las plantas.<\/p>\n","protected":false},"featured_media":9858,"comment_status":"open","ping_status":"closed","template":"","meta":{"_bst_post_transparent":"","_bst_post_title":"","_bst_post_layout":"","_bst_post_sidebar_id":"","_bst_post_content_style":"","_bst_post_vertical_padding":"","_bst_post_feature":"","_bst_post_feature_position":"","_bst_post_header":false,"_bst_post_footer":false},"pwb-brand":[134],"product_brand":[],"product_cat":[39],"product_tag":[],"class_list":{"0":"post-9970","1":"product","2":"type-product","3":"status-publish","4":"has-post-thumbnail","6":"pwb-brand-bio-bizz","7":"product_cat-fertilizantes","9":"first","10":"instock","11":"sale","12":"taxable","13":"shipping-taxable","14":"purchasable","15":"product-type-simple","16":"entry","17":"content-bg","18":"loop-entry"},"brands":[{"id":134,"name":"Bio Bizz","slug":"bio-bizz"}],"_links":{"self":[{"href":"https:\/\/puregrowshop.com\/fr\/wp-json\/wp\/v2\/product\/9970","targetHints":{"allow":["GET"]}}],"collection":[{"href":"https:\/\/puregrowshop.com\/fr\/wp-json\/wp\/v2\/product"}],"about":[{"href":"https:\/\/puregrowshop.com\/fr\/wp-json\/wp\/v2\/types\/product"}],"replies":[{"embeddable":true,"href":"https:\/\/puregrowshop.com\/fr\/wp-json\/wp\/v2\/comments?post=9970"}],"wp:featuredmedia":[{"embeddable":true,"href":"https:\/\/puregrowshop.com\/fr\/wp-json\/wp\/v2\/media\/9858"}],"wp:attachment":[{"href":"https:\/\/puregrowshop.com\/fr\/wp-json\/wp\/v2\/media?parent=9970"}],"wp:term":[{"taxonomy":"pwb-brand","embeddable":true,"href":"https:\/\/puregrowshop.com\/fr\/wp-json\/wp\/v2\/pwb-brand?post=9970"},{"taxonomy":"product_brand","embeddable":true,"href":"https:\/\/puregrowshop.com\/fr\/wp-json\/wp\/v2\/product_brand?post=9970"},{"taxonomy":"product_cat","embeddable":true,"href":"https:\/\/puregrowshop.com\/fr\/wp-json\/wp\/v2\/product_cat?post=9970"},{"taxonomy":"product_tag","embeddable":true,"href":"https:\/\/puregrowshop.com\/fr\/wp-json\/wp\/v2\/product_tag?post=9970"}],"curies":[{"name":"wp","href":"https:\/\/api.w.org\/{rel}","templated":true}]}}