{"id":9969,"date":"2024-10-28T14:13:46","date_gmt":"2024-10-28T14:13:46","guid":{"rendered":"https:\/\/puregrowshop.com\/leaf-coat-5-lt-bio-bizz\/"},"modified":"2025-12-27T20:02:27","modified_gmt":"2025-12-27T20:02:27","slug":"leaf-coat-5-lt-bio-bizz","status":"publish","type":"product","link":"https:\/\/puregrowshop.com\/fr\/leaf-coat-5-lt-bio-bizz\/","title":{"rendered":"Leaf Coat   5 lt. Bio Bizz"},"content":{"rendered":"<p>Presentamos el &quot;Leaf Coat 5 lt. Bio Bizz&quot;, un fertilizante innovador dise\u00f1ado para fortalecer y proteger sus plantas, asegurando un crecimiento saludable y vigoroso. Ideal para cualquier tipo de cultivo, este producto ofrece una soluci\u00f3n natural y efectiva para mejorar la resistencia de sus plantas frente a diferentes condiciones ambientales.<\/p>\n<ul>\n<li>Peso: 5 litros<\/li>\n<li>Categor\u00eda: Fertilizantes<\/li>\n<li>Tipo: Org\u00e1nico<\/li>\n<li>Aplicaci\u00f3n: Foliar<\/li>\n<\/ul>\n<h4>Beneficios y Usos<\/h4>\n<p>Leaf Coat crea una barrera natural que protege las hojas de plagas y enfermedades, al tiempo que permite que la planta respire adecuadamente. Su f\u00f3rmula org\u00e1nica estimula el crecimiento sin alterar el equilibrio natural del entorno de cultivo. Adem\u00e1s, ayuda a reducir la evaporaci\u00f3n del agua, optimizando el uso de recursos h\u00eddricos.<\/p>\n<p>Composici\u00f3n:<\/p>\n<p>Elaborado a partir de ingredientes naturales, su f\u00f3rmula \u00fanica incluye un l\u00e1tex natural que se adhiere a las hojas, formando una capa protectora sin da\u00f1ar el ecosistema.<\/p>\n<p>Instrucciones de uso y dosificaci\u00f3n:<\/p>\n<p>Agite bien antes de usar. Pulverice directamente sobre las hojas, cubri\u00e9ndolas completamente. Use una vez por semana, preferiblemente durante la fase de crecimiento. No aplique durante la exposici\u00f3n directa al sol. Para mejores resultados, siga las instrucciones del fabricante y ajuste seg\u00fan las necesidades espec\u00edficas de su cultivo.<\/p>\n","protected":false},"excerpt":{"rendered":"<p><P>Revitalizante y un preventivo de ataques de insectos, hongos y plagas. Previene la evaporaci\u00f3n foliar a trav\u00e9s de una micro tela el\u00e1stica protectora de l\u00e1tex natural.<\/P><br \/><P>La capa, que contiene los elementos nutritivos, es permeable y auto-degradable, permite a luz y aire circular con normalidad y se mantiene activa un m\u00e1ximo de 2 semanas hasta que se evapora debido a la luz natural y\/o artificial.<\/P><br \/><P>Leaf\u00b7Coat\u2122 se puede aplicar durante la etapa vegetativa y de floraci\u00f3n tanto en tierra, coco y lana de roca hasta 2 semanas antes del final de la fase de floraci\u00f3n.<\/P><\/p>\n","protected":false},"featured_media":9856,"comment_status":"open","ping_status":"closed","template":"","meta":{"_bst_post_transparent":"","_bst_post_title":"","_bst_post_layout":"","_bst_post_sidebar_id":"","_bst_post_content_style":"","_bst_post_vertical_padding":"","_bst_post_feature":"","_bst_post_feature_position":"","_bst_post_header":false,"_bst_post_footer":false},"pwb-brand":[134],"product_brand":[],"product_cat":[39],"product_tag":[],"class_list":{"0":"post-9969","1":"product","2":"type-product","3":"status-publish","4":"has-post-thumbnail","6":"pwb-brand-bio-bizz","7":"product_cat-fertilizantes","9":"first","10":"instock","11":"sale","12":"taxable","13":"shipping-taxable","14":"purchasable","15":"product-type-simple","16":"entry","17":"content-bg","18":"loop-entry"},"brands":[{"id":134,"name":"Bio Bizz","slug":"bio-bizz"}],"_links":{"self":[{"href":"https:\/\/puregrowshop.com\/fr\/wp-json\/wp\/v2\/product\/9969","targetHints":{"allow":["GET"]}}],"collection":[{"href":"https:\/\/puregrowshop.com\/fr\/wp-json\/wp\/v2\/product"}],"about":[{"href":"https:\/\/puregrowshop.com\/fr\/wp-json\/wp\/v2\/types\/product"}],"replies":[{"embeddable":true,"href":"https:\/\/puregrowshop.com\/fr\/wp-json\/wp\/v2\/comments?post=9969"}],"wp:featuredmedia":[{"embeddable":true,"href":"https:\/\/puregrowshop.com\/fr\/wp-json\/wp\/v2\/media\/9856"}],"wp:attachment":[{"href":"https:\/\/puregrowshop.com\/fr\/wp-json\/wp\/v2\/media?parent=9969"}],"wp:term":[{"taxonomy":"pwb-brand","embeddable":true,"href":"https:\/\/puregrowshop.com\/fr\/wp-json\/wp\/v2\/pwb-brand?post=9969"},{"taxonomy":"product_brand","embeddable":true,"href":"https:\/\/puregrowshop.com\/fr\/wp-json\/wp\/v2\/product_brand?post=9969"},{"taxonomy":"product_cat","embeddable":true,"href":"https:\/\/puregrowshop.com\/fr\/wp-json\/wp\/v2\/product_cat?post=9969"},{"taxonomy":"product_tag","embeddable":true,"href":"https:\/\/puregrowshop.com\/fr\/wp-json\/wp\/v2\/product_tag?post=9969"}],"curies":[{"name":"wp","href":"https:\/\/api.w.org\/{rel}","templated":true}]}}