{"id":9968,"date":"2024-10-28T14:13:46","date_gmt":"2024-10-28T14:13:46","guid":{"rendered":"https:\/\/puregrowshop.com\/root-juice-5-lt-bio-bizz\/"},"modified":"2025-12-27T20:02:17","modified_gmt":"2025-12-27T20:02:17","slug":"root-juice-5-lt-bio-bizz","status":"publish","type":"product","link":"https:\/\/puregrowshop.com\/fr\/root-juice-5-lt-bio-bizz\/","title":{"rendered":"Root Juice   5 lt. Bio Bizz"},"content":{"rendered":"<p>Presentamos el &quot;Root Juice 5 lt. Bio Bizz&quot;, un fertilizante org\u00e1nico de alta calidad dise\u00f1ado para fomentar el crecimiento saludable de las ra\u00edces en sus plantas. Ideal para horticultores que buscan maximizar el potencial de sus cultivos con un producto 100% natural y eficiente.<\/p>\n<ul>\n<li>Peso: 5.1 kg<\/li>\n<li>Categor\u00eda: Fertilizantes<\/li>\n<li>Volumen: 5 litros<\/li>\n<li>Tipo: Org\u00e1nico<\/li>\n<\/ul>\n<h4>Beneficios y Usos<\/h4>\n<p>Root Juice est\u00e1 formulado para estimular un desarrollo vigoroso de las ra\u00edces, mejorando la absorci\u00f3n de nutrientes y aumentando la resistencia de las plantas a enfermedades. Es perfecto para usar durante la etapa inicial de crecimiento y para trasplantes, garantizando plantas m\u00e1s fuertes y saludables.<\/p>\n<p>Composici\u00f3n:<\/p>\n<p>Root Juice est\u00e1 compuesto por ingredientes 100% naturales, incluyendo extractos de algas marinas y \u00e1cidos h\u00famicos, que proporcionan un entorno \u00f3ptimo para el desarrollo radicular.<\/p>\n<p>Instrucciones de uso y dosificaci\u00f3n:<\/p>\n<p>Agite bien antes de usar. A\u00f1ada de 1 a 4 ml por litro de agua cada vez que riegue sus plantas. Se recomienda su uso en las primeras semanas de crecimiento para obtener resultados \u00f3ptimos. Aseg\u00farese de almacenar el producto en un lugar fresco y seco.<\/p>\n","protected":false},"excerpt":{"rendered":"<p>Estimulante de ra\u00edces que favorece la vida biol\u00f3gica del sistema radicular produciendo as\u00ed un crecimiento explosivo y ofreciendo un mejor resultado debido a la capacidad de la planta para acelerar la toma de nutrientes.Est\u00e1 compuesto por \u00e1cidos h\u00famicos, \u00e1cidos f\u00falvicos y algas marinas. Adecuado tanto para el cultivo en tierra, como en la hidropon\u00eda, fortalece los cultivos haci\u00e9ndolos m\u00e1s resistentes a las enfermedades y a los ataques de los insectos. Tambi\u00e9n aporta una resistencia m\u00e1s alta contra los valores EC.<\/p>\n","protected":false},"featured_media":9854,"comment_status":"open","ping_status":"closed","template":"","meta":{"_bst_post_transparent":"","_bst_post_title":"","_bst_post_layout":"","_bst_post_sidebar_id":"","_bst_post_content_style":"","_bst_post_vertical_padding":"","_bst_post_feature":"","_bst_post_feature_position":"","_bst_post_header":false,"_bst_post_footer":false},"pwb-brand":[134],"product_brand":[],"product_cat":[39],"product_tag":[],"class_list":{"0":"post-9968","1":"product","2":"type-product","3":"status-publish","4":"has-post-thumbnail","6":"pwb-brand-bio-bizz","7":"product_cat-fertilizantes","9":"first","10":"instock","11":"sale","12":"taxable","13":"shipping-taxable","14":"purchasable","15":"product-type-simple","16":"entry","17":"content-bg","18":"loop-entry"},"brands":[{"id":134,"name":"Bio Bizz","slug":"bio-bizz"}],"_links":{"self":[{"href":"https:\/\/puregrowshop.com\/fr\/wp-json\/wp\/v2\/product\/9968","targetHints":{"allow":["GET"]}}],"collection":[{"href":"https:\/\/puregrowshop.com\/fr\/wp-json\/wp\/v2\/product"}],"about":[{"href":"https:\/\/puregrowshop.com\/fr\/wp-json\/wp\/v2\/types\/product"}],"replies":[{"embeddable":true,"href":"https:\/\/puregrowshop.com\/fr\/wp-json\/wp\/v2\/comments?post=9968"}],"wp:featuredmedia":[{"embeddable":true,"href":"https:\/\/puregrowshop.com\/fr\/wp-json\/wp\/v2\/media\/9854"}],"wp:attachment":[{"href":"https:\/\/puregrowshop.com\/fr\/wp-json\/wp\/v2\/media?parent=9968"}],"wp:term":[{"taxonomy":"pwb-brand","embeddable":true,"href":"https:\/\/puregrowshop.com\/fr\/wp-json\/wp\/v2\/pwb-brand?post=9968"},{"taxonomy":"product_brand","embeddable":true,"href":"https:\/\/puregrowshop.com\/fr\/wp-json\/wp\/v2\/product_brand?post=9968"},{"taxonomy":"product_cat","embeddable":true,"href":"https:\/\/puregrowshop.com\/fr\/wp-json\/wp\/v2\/product_cat?post=9968"},{"taxonomy":"product_tag","embeddable":true,"href":"https:\/\/puregrowshop.com\/fr\/wp-json\/wp\/v2\/product_tag?post=9968"}],"curies":[{"name":"wp","href":"https:\/\/api.w.org\/{rel}","templated":true}]}}