{"id":9967,"date":"2024-10-28T14:13:46","date_gmt":"2024-10-28T14:13:46","guid":{"rendered":"https:\/\/puregrowshop.com\/alga-mic-10-lt-bio-bizz\/"},"modified":"2025-12-27T20:02:17","modified_gmt":"2025-12-27T20:02:17","slug":"alga-mic-10-lt-bio-bizz","status":"publish","type":"product","link":"https:\/\/puregrowshop.com\/fr\/alga-mic-10-lt-bio-bizz\/","title":{"rendered":"Alga Mic  10 lt. Bio Bizz"},"content":{"rendered":"<p>Presentamos el &quot;Alga Mic 10 lt. Bio Bizz&quot;, un fertilizante org\u00e1nico premium dise\u00f1ado para revitalizar y nutrir sus plantas. Este producto es ideal para cultivadores que buscan mejorar la salud y el vigor de sus plantas de manera natural y sostenible.<\/p>\n<ul>\n<li>Capacidad: 10 litros<\/li>\n<li>Peso: 10.8 kg<\/li>\n<li>Categor\u00eda: Fertilizantes org\u00e1nicos<\/li>\n<li>Marca: Bio Bizz<\/li>\n<\/ul>\n<h4>Beneficios y Usos<\/h4>\n<p>El Alga Mic 10 lt. Bio Bizz mejora la absorci\u00f3n de nutrientes, fortalece el sistema inmunol\u00f3gico de las plantas y promueve un crecimiento exuberante. Es especialmente beneficioso para plantas que han sufrido de estr\u00e9s, proporcionando un est\u00edmulo vital para una recuperaci\u00f3n r\u00e1pida y saludable. Ideal para todo tipo de cultivos, desde hortalizas hasta plantas ornamentales.<\/p>\n<p>Composici\u00f3n:<\/p>\n<p>Formulado a partir de extractos de algas marinas, este fertilizante es rico en micronutrientes, vitaminas, amino\u00e1cidos y hormonas vegetales naturales, garantizando un suplemento completo para sus cultivos.<\/p>\n<p>Instrucciones de uso y dosificaci\u00f3n:<\/p>\n<p>Agite bien antes de usar. Diluya 2-5 ml de Alga Mic por litro de agua, dependiendo de las necesidades espec\u00edficas de sus plantas. Aplique la soluci\u00f3n semanalmente durante las etapas de crecimiento y floraci\u00f3n para obtener los mejores resultados. Adecuado para su uso en cultivo de tierra, coco y sistemas hidrop\u00f3nicos.<\/p>\n","protected":false},"excerpt":{"rendered":"<p><P>Revitalizante ecol\u00f3gico hecho a partir de algas marinas prensadas en fr\u00edo y posteriormente concentradas que proporcionan a los cultivos micronutrientes, vitaminas, amino\u00e1cidos y hormonas de or\u00edgen vegetal.<\/P><br \/><P>Las algas marinas act\u00faan positivamente en el crecimiento de las plantas. Mejoran su capacidad para soportar ciertos niveles de estr\u00e9s medioambiental y reducen los ataques y las plagas de insectos en las plantas; mantienen un nivel superior de clorofila; aumenta el n\u00famero de microbios que alimentan las bacterias benignas y beneficiosas para la tierra. Tambi\u00e9n ayudan a reducir el da\u00f1o causado por nematodos minimizando su penetraci\u00f3n en la ra\u00edz e inician o aceleran el proceso de aclimataci\u00f3n incluso en condiciones de fr\u00edo extremo.<\/P><br \/><P>Alg\u00b7A\u00b7Mic\u2122 es el estimulante 100% natural que consigue una planta fuerte, resistente a enfermedades y con un verdor exuberante.<\/P><\/p>\n","protected":false},"featured_media":0,"comment_status":"open","ping_status":"closed","template":"","meta":{"_bst_post_transparent":"","_bst_post_title":"","_bst_post_layout":"","_bst_post_sidebar_id":"","_bst_post_content_style":"","_bst_post_vertical_padding":"","_bst_post_feature":"","_bst_post_feature_position":"","_bst_post_header":false,"_bst_post_footer":false},"pwb-brand":[134],"product_brand":[],"product_cat":[39],"product_tag":[],"class_list":{"0":"post-9967","1":"product","2":"type-product","3":"status-publish","5":"pwb-brand-bio-bizz","6":"product_cat-fertilizantes","8":"first","9":"instock","10":"sale","11":"taxable","12":"shipping-taxable","13":"purchasable","14":"product-type-simple","15":"entry","16":"content-bg","17":"loop-entry"},"brands":[{"id":134,"name":"Bio Bizz","slug":"bio-bizz"}],"_links":{"self":[{"href":"https:\/\/puregrowshop.com\/fr\/wp-json\/wp\/v2\/product\/9967","targetHints":{"allow":["GET"]}}],"collection":[{"href":"https:\/\/puregrowshop.com\/fr\/wp-json\/wp\/v2\/product"}],"about":[{"href":"https:\/\/puregrowshop.com\/fr\/wp-json\/wp\/v2\/types\/product"}],"replies":[{"embeddable":true,"href":"https:\/\/puregrowshop.com\/fr\/wp-json\/wp\/v2\/comments?post=9967"}],"wp:attachment":[{"href":"https:\/\/puregrowshop.com\/fr\/wp-json\/wp\/v2\/media?parent=9967"}],"wp:term":[{"taxonomy":"pwb-brand","embeddable":true,"href":"https:\/\/puregrowshop.com\/fr\/wp-json\/wp\/v2\/pwb-brand?post=9967"},{"taxonomy":"product_brand","embeddable":true,"href":"https:\/\/puregrowshop.com\/fr\/wp-json\/wp\/v2\/product_brand?post=9967"},{"taxonomy":"product_cat","embeddable":true,"href":"https:\/\/puregrowshop.com\/fr\/wp-json\/wp\/v2\/product_cat?post=9967"},{"taxonomy":"product_tag","embeddable":true,"href":"https:\/\/puregrowshop.com\/fr\/wp-json\/wp\/v2\/product_tag?post=9967"}],"curies":[{"name":"wp","href":"https:\/\/api.w.org\/{rel}","templated":true}]}}