{"id":9966,"date":"2024-10-28T14:13:46","date_gmt":"2024-10-28T14:13:46","guid":{"rendered":"https:\/\/puregrowshop.com\/fish-mix-10-lt-bio-bizz\/"},"modified":"2025-12-27T20:02:17","modified_gmt":"2025-12-27T20:02:17","slug":"fish-mix-10-lt-bio-bizz","status":"publish","type":"product","link":"https:\/\/puregrowshop.com\/fr\/fish-mix-10-lt-bio-bizz\/","title":{"rendered":"Fish Mix 10 lt. Bio Bizz"},"content":{"rendered":"<p>Fish Mix 10 lt. de Bio Bizz es el fertilizante org\u00e1nico ideal para aquellos que buscan mejorar la calidad y el crecimiento de sus plantas de forma natural. Este potente abono combina extractos de pescado con remolacha azucarera holandesa, proporcionando un alimento completo y equilibrado para sus cultivos.<\/p>\n<ul>\n<li>Peso: 10.8 kg<\/li>\n<li>Categor\u00edas: Fertilizantes<\/li>\n<li>Formato: L\u00edquido<\/li>\n<li>Capacidad: 10 litros<\/li>\n<li>Origen: Ingredientes 100% org\u00e1nicos<\/li>\n<\/ul>\n<p>Beneficios y Usos: Fish Mix promueve un crecimiento vigoroso y saludable desde las primeras etapas de la planta. Mejora la estructura del suelo, facilita la proliferaci\u00f3n de microorganismos beneficiosos y aumenta la absorci\u00f3n de nutrientes. Ideal para su uso en cultivos al aire libre y en invernaderos, este fertilizante tambi\u00e9n es perfecto para plantas en macetas y jardines.<\/p>\n<p>Composici\u00f3n: Elaborado con emulsi\u00f3n de pescado del Mar del Norte y extracto de remolacha azucarera, garantiza un producto completamente natural y sin qu\u00edmicos nocivos.<\/p>\n<p>Instrucciones de Uso y Dosificaci\u00f3n: Agite bien antes de usar. Diluir 2-5 ml de Fish Mix en 1 litro de agua. Aplicar mediante riego durante el periodo de crecimiento. \u00daselo en cada riego para obtener resultados \u00f3ptimos, ajustando la dosis seg\u00fan las necesidades espec\u00edficas de sus plantas.<\/p>\n","protected":false},"excerpt":{"rendered":"<p><P>Condiciona los sustratos estimulando la flora bacteriana y acelerando el crecimiento de la planta. Es una emulsi\u00f3n ecol\u00f3gica de pescado del Mar del Norte combinada con el extracto hort\u00edcola de remolacha azucarera holandesa.<\/P><br \/><P>Fish-Mix impulsa el crecimiento de todos los organis- mos vivos en el sustrato, a la vez que mejora y estimu- la la producci\u00f3n de micro-organismos y bacterias \u00fatiles en todo tipo de tierra y coco. El terreno de baja calidad se enriquece despu\u00e9s de algunos riegos y proporciona minerales naturales a las plantas.<BR><BR>Fish-mix no contiene elementos prohibidos en la agricultura ecol\u00f3gica como \u00e1cidos ni se ha estabilizado con BHT.<\/P><br \/><P>Utiliza Fish-Mix preferiblemente en las primeras etapas de la vida de la planta, rociando directamente a las hojas durante las etapas vegetativas del crecimiento o bien preferiblemente durante el per\u00edodo de floraci\u00f3n y espec\u00edficamente para cultivos exteriores.<\/P><\/p>\n","protected":false},"featured_media":9851,"comment_status":"open","ping_status":"closed","template":"","meta":{"_bst_post_transparent":"","_bst_post_title":"","_bst_post_layout":"","_bst_post_sidebar_id":"","_bst_post_content_style":"","_bst_post_vertical_padding":"","_bst_post_feature":"","_bst_post_feature_position":"","_bst_post_header":false,"_bst_post_footer":false},"pwb-brand":[134],"product_brand":[],"product_cat":[39],"product_tag":[],"class_list":{"0":"post-9966","1":"product","2":"type-product","3":"status-publish","4":"has-post-thumbnail","6":"pwb-brand-bio-bizz","7":"product_cat-fertilizantes","9":"first","10":"instock","11":"sale","12":"taxable","13":"shipping-taxable","14":"purchasable","15":"product-type-simple","16":"entry","17":"content-bg","18":"loop-entry"},"brands":[{"id":134,"name":"Bio Bizz","slug":"bio-bizz"}],"_links":{"self":[{"href":"https:\/\/puregrowshop.com\/fr\/wp-json\/wp\/v2\/product\/9966","targetHints":{"allow":["GET"]}}],"collection":[{"href":"https:\/\/puregrowshop.com\/fr\/wp-json\/wp\/v2\/product"}],"about":[{"href":"https:\/\/puregrowshop.com\/fr\/wp-json\/wp\/v2\/types\/product"}],"replies":[{"embeddable":true,"href":"https:\/\/puregrowshop.com\/fr\/wp-json\/wp\/v2\/comments?post=9966"}],"wp:featuredmedia":[{"embeddable":true,"href":"https:\/\/puregrowshop.com\/fr\/wp-json\/wp\/v2\/media\/9851"}],"wp:attachment":[{"href":"https:\/\/puregrowshop.com\/fr\/wp-json\/wp\/v2\/media?parent=9966"}],"wp:term":[{"taxonomy":"pwb-brand","embeddable":true,"href":"https:\/\/puregrowshop.com\/fr\/wp-json\/wp\/v2\/pwb-brand?post=9966"},{"taxonomy":"product_brand","embeddable":true,"href":"https:\/\/puregrowshop.com\/fr\/wp-json\/wp\/v2\/product_brand?post=9966"},{"taxonomy":"product_cat","embeddable":true,"href":"https:\/\/puregrowshop.com\/fr\/wp-json\/wp\/v2\/product_cat?post=9966"},{"taxonomy":"product_tag","embeddable":true,"href":"https:\/\/puregrowshop.com\/fr\/wp-json\/wp\/v2\/product_tag?post=9966"}],"curies":[{"name":"wp","href":"https:\/\/api.w.org\/{rel}","templated":true}]}}