{"id":9963,"date":"2024-10-28T14:13:45","date_gmt":"2024-10-28T14:13:45","guid":{"rendered":"https:\/\/puregrowshop.com\/leaf-coat-1-lt-bio-bizz\/"},"modified":"2026-03-18T21:22:45","modified_gmt":"2026-03-18T21:22:45","slug":"leaf-coat-1-lt-bio-bizz","status":"publish","type":"product","link":"https:\/\/puregrowshop.com\/fr\/leaf-coat-1-lt-bio-bizz\/","title":{"rendered":"Leaf Coat   1 lt. Bio Bizz"},"content":{"rendered":"<p>Leaf Coat 1 lt. Bio Bizz es un innovador producto desarrollado para fortalecer y proteger las plantas de manera natural. Ideal para aquellos que buscan mejorar la salud de sus cultivos, este fertilizante act\u00faa como una capa protectora, aumentando la resistencia de las plantas contra plagas y enfermedades sin el uso de qu\u00edmicos agresivos.<\/p>\n<ul>\n<li>Peso: 1.1 kg<\/li>\n<li>Categor\u00eda: Fertilizantes<\/li>\n<li>Volumen: 1 litro<\/li>\n<li>Protecci\u00f3n natural contra plagas y enfermedades<\/li>\n<li>F\u00e1cil de aplicar y altamente efectivo<\/li>\n<\/ul>\n<p>Leaf Coat es especialmente beneficioso para el cultivo ecol\u00f3gico. Al crear una barrera transpirable en las hojas, mejora la defensa natural de las plantas, promoviendo un crecimiento m\u00e1s vigoroso y saludable. Adem\u00e1s, ayuda a reducir el estr\u00e9s h\u00eddrico, permitiendo que las plantas prosperen en condiciones adversas.<\/p>\n<p>El producto est\u00e1 compuesto por l\u00e1tex de caucho natural, un ingrediente que ofrece una protecci\u00f3n efectiva sin da\u00f1ar el entorno natural del cultivo.<\/p>\n<p>Instrucciones de uso: Agitar bien antes de usar. Aplicar directamente sobre las hojas hasta cubrirlas completamente. Se recomienda su uso una vez por semana durante la fase de crecimiento y floraci\u00f3n. No es necesario diluir, ya que viene listo para usar.<\/p>\n","protected":false},"excerpt":{"rendered":"<p><P>Revitalizante y un preventivo de ataques de insectos, hongos y plagas. Previene la evaporaci\u00f3n foliar a trav\u00e9s de una micro tela el\u00e1stica protectora de l\u00e1tex natural.<\/P><br \/><P>La capa, que contiene los elementos nutritivos, es permeable y auto-degradable, permite a luz y aire circular con normalidad y se mantiene activa un m\u00e1ximo de 2 semanas hasta que se evapora debido a la luz natural y\/o artificial.<\/P><br \/><P>Leaf\u00b7Coat\u2122 se puede aplicar durante la etapa vegetativa y de floraci\u00f3n tanto en tierra, coco y lana de roca hasta 2 semanas antes del final de la fase de floraci\u00f3n.<\/P><\/p>\n","protected":false},"featured_media":9845,"comment_status":"open","ping_status":"closed","template":"","meta":{"_bst_post_transparent":"","_bst_post_title":"","_bst_post_layout":"","_bst_post_sidebar_id":"","_bst_post_content_style":"","_bst_post_vertical_padding":"","_bst_post_feature":"","_bst_post_feature_position":"","_bst_post_header":false,"_bst_post_footer":false},"pwb-brand":[134],"product_brand":[],"product_cat":[39],"product_tag":[],"class_list":{"0":"post-9963","1":"product","2":"type-product","3":"status-publish","4":"has-post-thumbnail","6":"pwb-brand-bio-bizz","7":"product_cat-fertilizantes","9":"first","10":"instock","11":"sale","12":"taxable","13":"shipping-taxable","14":"purchasable","15":"product-type-simple","16":"entry","17":"content-bg","18":"loop-entry"},"brands":[{"id":134,"name":"Bio Bizz","slug":"bio-bizz"}],"_links":{"self":[{"href":"https:\/\/puregrowshop.com\/fr\/wp-json\/wp\/v2\/product\/9963","targetHints":{"allow":["GET"]}}],"collection":[{"href":"https:\/\/puregrowshop.com\/fr\/wp-json\/wp\/v2\/product"}],"about":[{"href":"https:\/\/puregrowshop.com\/fr\/wp-json\/wp\/v2\/types\/product"}],"replies":[{"embeddable":true,"href":"https:\/\/puregrowshop.com\/fr\/wp-json\/wp\/v2\/comments?post=9963"}],"wp:featuredmedia":[{"embeddable":true,"href":"https:\/\/puregrowshop.com\/fr\/wp-json\/wp\/v2\/media\/9845"}],"wp:attachment":[{"href":"https:\/\/puregrowshop.com\/fr\/wp-json\/wp\/v2\/media?parent=9963"}],"wp:term":[{"taxonomy":"pwb-brand","embeddable":true,"href":"https:\/\/puregrowshop.com\/fr\/wp-json\/wp\/v2\/pwb-brand?post=9963"},{"taxonomy":"product_brand","embeddable":true,"href":"https:\/\/puregrowshop.com\/fr\/wp-json\/wp\/v2\/product_brand?post=9963"},{"taxonomy":"product_cat","embeddable":true,"href":"https:\/\/puregrowshop.com\/fr\/wp-json\/wp\/v2\/product_cat?post=9963"},{"taxonomy":"product_tag","embeddable":true,"href":"https:\/\/puregrowshop.com\/fr\/wp-json\/wp\/v2\/product_tag?post=9963"}],"curies":[{"name":"wp","href":"https:\/\/api.w.org\/{rel}","templated":true}]}}