{"id":9962,"date":"2024-10-28T14:13:45","date_gmt":"2024-10-28T14:13:45","guid":{"rendered":"https:\/\/puregrowshop.com\/top-max-5-lt-bio-bizz\/"},"modified":"2025-12-27T20:02:17","modified_gmt":"2025-12-27T20:02:17","slug":"top-max-5-lt-bio-bizz","status":"publish","type":"product","link":"https:\/\/puregrowshop.com\/fr\/top-max-5-lt-bio-bizz\/","title":{"rendered":"Top Max  5 lt. Bio Bizz"},"content":{"rendered":"<p>El Top Max 5 lt. de Bio Bizz es un fertilizante org\u00e1nico de alta calidad dise\u00f1ado para maximizar el rendimiento de sus cultivos. Este estimulador de floraci\u00f3n es ideal para jardineros que buscan mejorar la calidad y cantidad de sus cosechas de manera ecol\u00f3gica y sostenible.<\/p>\n<ul>\n<li>Peso: 5.15 kg<\/li>\n<li>Categor\u00eda: Fertilizantes<\/li>\n<li>Producto org\u00e1nico certificado<\/li>\n<li>Estimula el crecimiento de las flores<\/li>\n<li>Aumenta la absorci\u00f3n de nutrientes<\/li>\n<li>Compatible con otros fertilizantes Bio Bizz<\/li>\n<\/ul>\n<p>El Top Max mejora la absorci\u00f3n de nutrientes y activa la producci\u00f3n de az\u00facares esenciales en las plantas, lo que se traduce en flores m\u00e1s grandes y de mejor calidad. Adem\u00e1s, su uso promueve la salud del suelo, favoreciendo un ecosistema m\u00e1s equilibrado.<\/p>\n<p>Este fertilizante est\u00e1 compuesto por ingredientes 100% naturales, incluyendo \u00e1cidos h\u00famicos y f\u00falvicos, que promueven un crecimiento vigoroso y saludable.<\/p>\n<p>Para obtener los mejores resultados, utilice de 1 a 4 ml por litro de agua durante el ciclo de floraci\u00f3n. Ajuste la dosis seg\u00fan las necesidades espec\u00edficas de sus plantas y consulte con expertos si es necesario. Proporcione a sus cultivos el cuidado que merecen con Top Max de Bio Bizz.<\/p>\n","protected":false},"excerpt":{"rendered":"<p><P>Estimula la reproducci\u00f3n celular durante la fase de floraci\u00f3n, acelera el transporte de az\u00facares a las flores y frutos obteniendo unos resultados exuberantes en las cosechas (en tama\u00f1o y peso) y aporta un sabor dulce en el producto final. Contiene \u00e1cidos h\u00famicos y f\u00falvicos que se encargan de la aceleraci\u00f3n en el transporte de nutrientes y de un crecimiento floral saludable.<\/P><br \/><P>La principal fuente de los \u00e1cidos h\u00famicos proviene de un dep\u00f3sito llamado Leonardita que es el material de mayor concentraci\u00f3n org\u00e1nica en el planeta. La Leonardita proviene de \u00e1rboles y vegetaci\u00f3n que creci\u00f3, floreci\u00f3 y muri\u00f3 durante el periodo carbon\u00edfero hace 300 millones de a\u00f1os. Los \u00e1cidos f\u00falvicos se obtienen excepcionalmente de fuentes ricas de dep\u00f3sitos h\u00famicos de las profundidades de la tierra. Contienen una carga el\u00e9ctrica natural que atrae nutrientes y minerales de la base microbiol\u00f3gica de la tierra. Ambos se encargan de aportar energ\u00eda a las c\u00e9lulas viejas y estimular de nuevas.<\/P><\/p>\n","protected":false},"featured_media":9843,"comment_status":"open","ping_status":"closed","template":"","meta":{"_bst_post_transparent":"","_bst_post_title":"","_bst_post_layout":"","_bst_post_sidebar_id":"","_bst_post_content_style":"","_bst_post_vertical_padding":"","_bst_post_feature":"","_bst_post_feature_position":"","_bst_post_header":false,"_bst_post_footer":false},"pwb-brand":[134],"product_brand":[],"product_cat":[39],"product_tag":[],"class_list":{"0":"post-9962","1":"product","2":"type-product","3":"status-publish","4":"has-post-thumbnail","6":"pwb-brand-bio-bizz","7":"product_cat-fertilizantes","9":"first","10":"instock","11":"sale","12":"taxable","13":"shipping-taxable","14":"purchasable","15":"product-type-simple","16":"entry","17":"content-bg","18":"loop-entry"},"brands":[{"id":134,"name":"Bio Bizz","slug":"bio-bizz"}],"_links":{"self":[{"href":"https:\/\/puregrowshop.com\/fr\/wp-json\/wp\/v2\/product\/9962","targetHints":{"allow":["GET"]}}],"collection":[{"href":"https:\/\/puregrowshop.com\/fr\/wp-json\/wp\/v2\/product"}],"about":[{"href":"https:\/\/puregrowshop.com\/fr\/wp-json\/wp\/v2\/types\/product"}],"replies":[{"embeddable":true,"href":"https:\/\/puregrowshop.com\/fr\/wp-json\/wp\/v2\/comments?post=9962"}],"wp:featuredmedia":[{"embeddable":true,"href":"https:\/\/puregrowshop.com\/fr\/wp-json\/wp\/v2\/media\/9843"}],"wp:attachment":[{"href":"https:\/\/puregrowshop.com\/fr\/wp-json\/wp\/v2\/media?parent=9962"}],"wp:term":[{"taxonomy":"pwb-brand","embeddable":true,"href":"https:\/\/puregrowshop.com\/fr\/wp-json\/wp\/v2\/pwb-brand?post=9962"},{"taxonomy":"product_brand","embeddable":true,"href":"https:\/\/puregrowshop.com\/fr\/wp-json\/wp\/v2\/product_brand?post=9962"},{"taxonomy":"product_cat","embeddable":true,"href":"https:\/\/puregrowshop.com\/fr\/wp-json\/wp\/v2\/product_cat?post=9962"},{"taxonomy":"product_tag","embeddable":true,"href":"https:\/\/puregrowshop.com\/fr\/wp-json\/wp\/v2\/product_tag?post=9962"}],"curies":[{"name":"wp","href":"https:\/\/api.w.org\/{rel}","templated":true}]}}