{"id":9960,"date":"2024-10-28T14:13:45","date_gmt":"2024-10-28T14:13:45","guid":{"rendered":"https:\/\/puregrowshop.com\/top-max-500-ml-bio-bizz\/"},"modified":"2025-12-27T20:02:17","modified_gmt":"2025-12-27T20:02:17","slug":"top-max-500-ml-bio-bizz","status":"publish","type":"product","link":"https:\/\/puregrowshop.com\/fr\/top-max-500-ml-bio-bizz\/","title":{"rendered":"Top Max   500 ml. Bio Bizz"},"content":{"rendered":"<p>Descubre el poder nutricional del &quot;Top Max 500 ml. Bio Bizz&quot;, un fertilizante org\u00e1nico dise\u00f1ado para maximizar el rendimiento de tus plantas durante la fase de floraci\u00f3n. Este producto es ideal para los cultivadores que buscan mejorar la calidad y cantidad de sus cosechas de manera natural y eficaz.<\/p>\n<ul>\n<li>Peso: 0.6 kg<\/li>\n<li>Categor\u00eda: Fertilizantes<\/li>\n<li>Capacidad: 500 ml<\/li>\n<li>Fuente de nutrientes 100% org\u00e1nicos<\/li>\n<\/ul>\n<p>Beneficios y usos: &quot;Top Max&quot; mejora la absorci\u00f3n de nutrientes y acelera los procesos metab\u00f3licos de las plantas, resultando en flores m\u00e1s grandes y de mayor calidad. Este fertilizante potencia los sabores y aromas naturales, lo que es esencial para aquellos que valoran la calidad organol\u00e9ptica de sus cultivos. Adem\u00e1s, refuerza la resistencia de las plantas, asegurando un crecimiento saludable.<\/p>\n<p>Composici\u00f3n: Formulado con \u00e1cidos h\u00famicos y f\u00falvicos, &quot;Top Max&quot; promueve la circulaci\u00f3n de nutrientes y revitaliza el suelo, asegurando un entorno \u00f3ptimo para el desarrollo de las plantas.<\/p>\n<p>Instrucciones de uso y dosificaci\u00f3n: Agitar bien antes de usar. A\u00f1adir 1-4 ml por litro de agua durante la fase de floraci\u00f3n. Es recomendable aumentar gradualmente la dosis para obtener mejores resultados. Usar en cada riego para optimizar el rendimiento de tus cultivos.<\/p>\n","protected":false},"excerpt":{"rendered":"<p><P>Estimula la reproducci\u00f3n celular durante la fase de floraci\u00f3n, acelera el transporte de az\u00facares a las flores y frutos obteniendo unos resultados exuberantes en las cosechas (en tama\u00f1o y peso) y aporta un sabor dulce en el producto final. Contiene \u00e1cidos h\u00famicos y f\u00falvicos que se encargan de la aceleraci\u00f3n en el transporte de nutrientes y de un crecimiento floral saludable.<\/P><br \/><P>La principal fuente de los \u00e1cidos h\u00famicos proviene de un dep\u00f3sito llamado Leonardita que es el material de mayor concentraci\u00f3n org\u00e1nica en el planeta. La Leonardita proviene de \u00e1rboles y vegetaci\u00f3n que creci\u00f3, floreci\u00f3 y muri\u00f3 durante el periodo carbon\u00edfero hace 300 millones de a\u00f1os. Los \u00e1cidos f\u00falvicos se obtienen excepcionalmente de fuentes ricas de dep\u00f3sitos h\u00famicos de las profundidades de la tierra. Contienen una carga el\u00e9ctrica natural que atrae nutrientes y minerales de la base microbiol\u00f3gica de la tierra. Ambos se encargan de aportar energ\u00eda a las c\u00e9lulas viejas y estimular de nuevas.<\/P><\/p>\n","protected":false},"featured_media":9839,"comment_status":"open","ping_status":"closed","template":"","meta":{"_bst_post_transparent":"","_bst_post_title":"","_bst_post_layout":"","_bst_post_sidebar_id":"","_bst_post_content_style":"","_bst_post_vertical_padding":"","_bst_post_feature":"","_bst_post_feature_position":"","_bst_post_header":false,"_bst_post_footer":false},"pwb-brand":[134],"product_brand":[],"product_cat":[39],"product_tag":[],"class_list":{"0":"post-9960","1":"product","2":"type-product","3":"status-publish","4":"has-post-thumbnail","6":"pwb-brand-bio-bizz","7":"product_cat-fertilizantes","9":"first","10":"instock","11":"sale","12":"taxable","13":"shipping-taxable","14":"purchasable","15":"product-type-simple","16":"entry","17":"content-bg","18":"loop-entry"},"brands":[{"id":134,"name":"Bio Bizz","slug":"bio-bizz"}],"_links":{"self":[{"href":"https:\/\/puregrowshop.com\/fr\/wp-json\/wp\/v2\/product\/9960","targetHints":{"allow":["GET"]}}],"collection":[{"href":"https:\/\/puregrowshop.com\/fr\/wp-json\/wp\/v2\/product"}],"about":[{"href":"https:\/\/puregrowshop.com\/fr\/wp-json\/wp\/v2\/types\/product"}],"replies":[{"embeddable":true,"href":"https:\/\/puregrowshop.com\/fr\/wp-json\/wp\/v2\/comments?post=9960"}],"wp:featuredmedia":[{"embeddable":true,"href":"https:\/\/puregrowshop.com\/fr\/wp-json\/wp\/v2\/media\/9839"}],"wp:attachment":[{"href":"https:\/\/puregrowshop.com\/fr\/wp-json\/wp\/v2\/media?parent=9960"}],"wp:term":[{"taxonomy":"pwb-brand","embeddable":true,"href":"https:\/\/puregrowshop.com\/fr\/wp-json\/wp\/v2\/pwb-brand?post=9960"},{"taxonomy":"product_brand","embeddable":true,"href":"https:\/\/puregrowshop.com\/fr\/wp-json\/wp\/v2\/product_brand?post=9960"},{"taxonomy":"product_cat","embeddable":true,"href":"https:\/\/puregrowshop.com\/fr\/wp-json\/wp\/v2\/product_cat?post=9960"},{"taxonomy":"product_tag","embeddable":true,"href":"https:\/\/puregrowshop.com\/fr\/wp-json\/wp\/v2\/product_tag?post=9960"}],"curies":[{"name":"wp","href":"https:\/\/api.w.org\/{rel}","templated":true}]}}