{"id":9959,"date":"2024-10-28T14:13:45","date_gmt":"2024-10-28T14:13:45","guid":{"rendered":"https:\/\/puregrowshop.com\/root-juice-1-lt-bio-bizz\/"},"modified":"2025-12-27T20:02:08","modified_gmt":"2025-12-27T20:02:08","slug":"root-juice-1-lt-bio-bizz","status":"publish","type":"product","link":"https:\/\/puregrowshop.com\/fr\/root-juice-1-lt-bio-bizz\/","title":{"rendered":"Root Juice   1 lt. Bio Bizz"},"content":{"rendered":"<p>Root Juice 1 lt. Bio Bizz es un fertilizante org\u00e1nico de alta calidad dise\u00f1ado espec\u00edficamente para estimular el crecimiento radicular y mejorar la salud general de las plantas. Ideal para agricultores y jardineros que buscan un producto eficiente y sostenible, Root Juice asegura un desarrollo vigoroso desde la ra\u00edz.<\/p>\n<ul>\n<li>Volumen: 1 litro<\/li>\n<li>Peso: 1.1 kg<\/li>\n<li>Categor\u00eda: Fertilizantes org\u00e1nicos<\/li>\n<li>Estimulador de ra\u00edces<\/li>\n<li>Apto para cultivo en tierra y coco<\/li>\n<\/ul>\n<p>Los beneficios de Root Juice son m\u00faltiples. Promueve un sistema radicular robusto, lo que resulta en plantas m\u00e1s fuertes y saludables. Adem\u00e1s, mejora la absorci\u00f3n de nutrientes y el rendimiento general de las plantas, contribuyendo a un crecimiento m\u00e1s r\u00e1pido y eficiente.<\/p>\n<p>La f\u00f3rmula de Root Juice est\u00e1 compuesta de ingredientes 100% naturales, incluyendo \u00e1cidos h\u00famicos y extractos de algas marinas, garantizando un producto seguro y respetuoso con el medio ambiente.<\/p>\n<p>Para obtener los mejores resultados, se recomienda mezclar 1-2 ml de Root Juice por litro de agua. Aplicar desde la etapa de pl\u00e1ntula hasta la floraci\u00f3n, asegurando que las ra\u00edces est\u00e9n bien empapadas para maximizar la absorci\u00f3n. Adecuado para uso en sistemas de riego autom\u00e1tico y riego manual.<\/p>\n","protected":false},"excerpt":{"rendered":"<p>Estimulante de ra\u00edces que favorece la vida biol\u00f3gica del sistema radicular produciendo as\u00ed un crecimiento explosivo y ofreciendo un mejor resultado debido a la capacidad de la planta para acelerar la toma de nutrientes.Est\u00e1 compuesto por \u00e1cidos h\u00famicos, \u00e1cidos f\u00falvicos y algas marinas. Adecuado tanto para el cultivo en tierra, como en la hidropon\u00eda, fortalece los cultivos haci\u00e9ndolos m\u00e1s resistentes a las enfermedades y a los ataques de los insectos. Tambi\u00e9n aporta una resistencia m\u00e1s alta contra los valores EC.<\/p>\n","protected":false},"featured_media":9837,"comment_status":"open","ping_status":"closed","template":"","meta":{"_bst_post_transparent":"","_bst_post_title":"","_bst_post_layout":"","_bst_post_sidebar_id":"","_bst_post_content_style":"","_bst_post_vertical_padding":"","_bst_post_feature":"","_bst_post_feature_position":"","_bst_post_header":false,"_bst_post_footer":false},"pwb-brand":[134],"product_brand":[],"product_cat":[39],"product_tag":[],"class_list":{"0":"post-9959","1":"product","2":"type-product","3":"status-publish","4":"has-post-thumbnail","6":"pwb-brand-bio-bizz","7":"product_cat-fertilizantes","9":"first","10":"instock","11":"sale","12":"taxable","13":"shipping-taxable","14":"purchasable","15":"product-type-simple","16":"entry","17":"content-bg","18":"loop-entry"},"brands":[{"id":134,"name":"Bio Bizz","slug":"bio-bizz"}],"_links":{"self":[{"href":"https:\/\/puregrowshop.com\/fr\/wp-json\/wp\/v2\/product\/9959","targetHints":{"allow":["GET"]}}],"collection":[{"href":"https:\/\/puregrowshop.com\/fr\/wp-json\/wp\/v2\/product"}],"about":[{"href":"https:\/\/puregrowshop.com\/fr\/wp-json\/wp\/v2\/types\/product"}],"replies":[{"embeddable":true,"href":"https:\/\/puregrowshop.com\/fr\/wp-json\/wp\/v2\/comments?post=9959"}],"wp:featuredmedia":[{"embeddable":true,"href":"https:\/\/puregrowshop.com\/fr\/wp-json\/wp\/v2\/media\/9837"}],"wp:attachment":[{"href":"https:\/\/puregrowshop.com\/fr\/wp-json\/wp\/v2\/media?parent=9959"}],"wp:term":[{"taxonomy":"pwb-brand","embeddable":true,"href":"https:\/\/puregrowshop.com\/fr\/wp-json\/wp\/v2\/pwb-brand?post=9959"},{"taxonomy":"product_brand","embeddable":true,"href":"https:\/\/puregrowshop.com\/fr\/wp-json\/wp\/v2\/product_brand?post=9959"},{"taxonomy":"product_cat","embeddable":true,"href":"https:\/\/puregrowshop.com\/fr\/wp-json\/wp\/v2\/product_cat?post=9959"},{"taxonomy":"product_tag","embeddable":true,"href":"https:\/\/puregrowshop.com\/fr\/wp-json\/wp\/v2\/product_tag?post=9959"}],"curies":[{"name":"wp","href":"https:\/\/api.w.org\/{rel}","templated":true}]}}