{"id":9958,"date":"2024-10-28T14:13:45","date_gmt":"2024-10-28T14:13:45","guid":{"rendered":"https:\/\/puregrowshop.com\/root-juice-250-ml-bio-bizz\/"},"modified":"2025-12-27T20:02:08","modified_gmt":"2025-12-27T20:02:08","slug":"root-juice-250-ml-bio-bizz","status":"publish","type":"product","link":"https:\/\/puregrowshop.com\/fr\/root-juice-250-ml-bio-bizz\/","title":{"rendered":"Root Juice    250 ml. Bio Bizz"},"content":{"rendered":"<p>Descubre el poder de la naturaleza con Root Juice 250 ml de Bio Bizz, un fertilizante org\u00e1nico dise\u00f1ado para potenciar el crecimiento radicular de tus plantas. Ideal para jardineros y cultivadores comprometidos con pr\u00e1cticas sostenibles, este producto asegura un desarrollo vigoroso desde la ra\u00edz.<\/p>\n<ul>\n<li>Capacidad: 250 ml<\/li>\n<li>Peso: 0.3 kg<\/li>\n<li>Categor\u00eda: Fertilizantes<\/li>\n<li>Origen: Org\u00e1nico y biodegradable<\/li>\n<\/ul>\n<p>Root Juice favorece el crecimiento explosivo de las ra\u00edces, mejorando la absorci\u00f3n de nutrientes y la resistencia general de la planta. Es perfecto para cualquier tipo de cultivo, desde interiores hasta exteriores, y se adapta a sistemas hidrop\u00f3nicos o de tierra.<\/p>\n<p>Composici\u00f3n: Elaborado a partir de ingredientes 100% naturales, incluye extractos de algas y \u00e1cidos h\u00famicos que promueven un entorno biol\u00f3gicamente activo y saludable para las ra\u00edces.<\/p>\n<p>Instrucciones de uso: Agitar bien antes de usar. Diluir entre 1 y 4 ml por litro de agua, aplicando en el riego regular durante las primeras semanas del ciclo de crecimiento. Ajustar la dosis seg\u00fan las necesidades espec\u00edficas de tus plantas para obtener los mejores resultados.<\/p>\n","protected":false},"excerpt":{"rendered":"<p>Estimulante de ra\u00edces que favorece la vida biol\u00f3gica del sistema radicular produciendo as\u00ed un crecimiento explosivo y ofreciendo un mejor resultado debido a la capacidad de la planta para acelerar la toma de nutrientes.Est\u00e1 compuesto por \u00e1cidos h\u00famicos, \u00e1cidos f\u00falvicos y algas marinas. Adecuado tanto para el cultivo en tierra, como en la hidropon\u00eda, fortalece los cultivos haci\u00e9ndolos m\u00e1s resistentes a las enfermedades y a los ataques de los insectos. Tambi\u00e9n aporta una resistencia m\u00e1s alta contra los valores EC.<\/p>\n","protected":false},"featured_media":9835,"comment_status":"open","ping_status":"closed","template":"","meta":{"_bst_post_transparent":"","_bst_post_title":"","_bst_post_layout":"","_bst_post_sidebar_id":"","_bst_post_content_style":"","_bst_post_vertical_padding":"","_bst_post_feature":"","_bst_post_feature_position":"","_bst_post_header":false,"_bst_post_footer":false},"pwb-brand":[134],"product_brand":[],"product_cat":[39],"product_tag":[],"class_list":{"0":"post-9958","1":"product","2":"type-product","3":"status-publish","4":"has-post-thumbnail","6":"pwb-brand-bio-bizz","7":"product_cat-fertilizantes","9":"first","10":"instock","11":"sale","12":"taxable","13":"shipping-taxable","14":"purchasable","15":"product-type-simple","16":"entry","17":"content-bg","18":"loop-entry"},"brands":[{"id":134,"name":"Bio Bizz","slug":"bio-bizz"}],"_links":{"self":[{"href":"https:\/\/puregrowshop.com\/fr\/wp-json\/wp\/v2\/product\/9958","targetHints":{"allow":["GET"]}}],"collection":[{"href":"https:\/\/puregrowshop.com\/fr\/wp-json\/wp\/v2\/product"}],"about":[{"href":"https:\/\/puregrowshop.com\/fr\/wp-json\/wp\/v2\/types\/product"}],"replies":[{"embeddable":true,"href":"https:\/\/puregrowshop.com\/fr\/wp-json\/wp\/v2\/comments?post=9958"}],"wp:featuredmedia":[{"embeddable":true,"href":"https:\/\/puregrowshop.com\/fr\/wp-json\/wp\/v2\/media\/9835"}],"wp:attachment":[{"href":"https:\/\/puregrowshop.com\/fr\/wp-json\/wp\/v2\/media?parent=9958"}],"wp:term":[{"taxonomy":"pwb-brand","embeddable":true,"href":"https:\/\/puregrowshop.com\/fr\/wp-json\/wp\/v2\/pwb-brand?post=9958"},{"taxonomy":"product_brand","embeddable":true,"href":"https:\/\/puregrowshop.com\/fr\/wp-json\/wp\/v2\/product_brand?post=9958"},{"taxonomy":"product_cat","embeddable":true,"href":"https:\/\/puregrowshop.com\/fr\/wp-json\/wp\/v2\/product_cat?post=9958"},{"taxonomy":"product_tag","embeddable":true,"href":"https:\/\/puregrowshop.com\/fr\/wp-json\/wp\/v2\/product_tag?post=9958"}],"curies":[{"name":"wp","href":"https:\/\/api.w.org\/{rel}","templated":true}]}}