{"id":9957,"date":"2024-10-28T14:13:45","date_gmt":"2024-10-28T14:13:45","guid":{"rendered":"https:\/\/puregrowshop.com\/leaf-coat-spray-500-ml-bio-bizz\/"},"modified":"2025-12-27T20:02:08","modified_gmt":"2025-12-27T20:02:08","slug":"leaf-coat-spray-500-ml-bio-bizz","status":"publish","type":"product","link":"https:\/\/puregrowshop.com\/fr\/leaf-coat-spray-500-ml-bio-bizz\/","title":{"rendered":"Leaf Coat    Spray 500 ml.  Bio Bizz"},"content":{"rendered":"<p>Presentamos el &quot;Leaf Coat Spray 500 ml. Bio Bizz&quot;, un innovador fertilizante foliar dise\u00f1ado para proteger y nutrir sus plantas de manera efectiva. Este producto es ideal para aquellos que buscan un cuidado natural y eficiente para sus cultivos, asegurando un crecimiento saludable y vigoroso.<\/p>\n<ul>\n<li>Capacidad: 500 ml<\/li>\n<li>Peso: 0.6 kg<\/li>\n<li>Categor\u00eda: Fertilizantes<\/li>\n<li>Formato: Spray listo para usar<\/li>\n<\/ul>\n<p>El &quot;Leaf Coat Spray&quot; ofrece m\u00faltiples beneficios, como crear una capa protectora que fortalece las hojas contra plagas y enfermedades, al mismo tiempo que mejora la capacidad de las plantas para absorber nutrientes. Su uso regular contribuye a un crecimiento m\u00e1s robusto, promoviendo una resistencia natural y un verdor duradero.<\/p>\n<p>La f\u00f3rmula de &quot;Leaf Coat Spray&quot; est\u00e1 compuesta por ingredientes 100% naturales, lo que garantiza un tratamiento seguro y ecol\u00f3gico para sus plantas.<\/p>\n<p>Para usar el producto, simplemente roc\u00ede directamente sobre las hojas, asegur\u00e1ndose de cubrirlas bien. Se recomienda aplicar una vez a la semana para obtener resultados \u00f3ptimos. Ideal para cualquier tipo de planta, tanto en interiores como en exteriores.<\/p>\n","protected":false},"excerpt":{"rendered":"<p><P>Revitalizante y un preventivo de ataques de insectos, hongos y plagas. Previene la evaporaci\u00f3n foliar a trav\u00e9s de una micro tela el\u00e1stica protectora de l\u00e1tex natural.<\/P><br \/><P>La capa, que contiene los elementos nutritivos, es permeable y auto-degradable, permite a luz y aire circular con normalidad y se mantiene activa un m\u00e1ximo de 2 semanas hasta que se evapora debido a la luz natural y\/o artificial.<\/P><br \/><P>Leaf\u00b7Coat\u2122 se puede aplicar durante la etapa vegetativa y de floraci\u00f3n tanto en tierra, coco y lana de roca hasta 2 semanas antes del final de la fase de floraci\u00f3n.<\/P><\/p>\n","protected":false},"featured_media":9833,"comment_status":"open","ping_status":"closed","template":"","meta":{"_bst_post_transparent":"","_bst_post_title":"","_bst_post_layout":"","_bst_post_sidebar_id":"","_bst_post_content_style":"","_bst_post_vertical_padding":"","_bst_post_feature":"","_bst_post_feature_position":"","_bst_post_header":false,"_bst_post_footer":false},"pwb-brand":[134],"product_brand":[],"product_cat":[39],"product_tag":[],"class_list":{"0":"post-9957","1":"product","2":"type-product","3":"status-publish","4":"has-post-thumbnail","6":"pwb-brand-bio-bizz","7":"product_cat-fertilizantes","9":"first","10":"instock","11":"sale","12":"taxable","13":"shipping-taxable","14":"purchasable","15":"product-type-simple","16":"entry","17":"content-bg","18":"loop-entry"},"brands":[{"id":134,"name":"Bio Bizz","slug":"bio-bizz"}],"_links":{"self":[{"href":"https:\/\/puregrowshop.com\/fr\/wp-json\/wp\/v2\/product\/9957","targetHints":{"allow":["GET"]}}],"collection":[{"href":"https:\/\/puregrowshop.com\/fr\/wp-json\/wp\/v2\/product"}],"about":[{"href":"https:\/\/puregrowshop.com\/fr\/wp-json\/wp\/v2\/types\/product"}],"replies":[{"embeddable":true,"href":"https:\/\/puregrowshop.com\/fr\/wp-json\/wp\/v2\/comments?post=9957"}],"wp:featuredmedia":[{"embeddable":true,"href":"https:\/\/puregrowshop.com\/fr\/wp-json\/wp\/v2\/media\/9833"}],"wp:attachment":[{"href":"https:\/\/puregrowshop.com\/fr\/wp-json\/wp\/v2\/media?parent=9957"}],"wp:term":[{"taxonomy":"pwb-brand","embeddable":true,"href":"https:\/\/puregrowshop.com\/fr\/wp-json\/wp\/v2\/pwb-brand?post=9957"},{"taxonomy":"product_brand","embeddable":true,"href":"https:\/\/puregrowshop.com\/fr\/wp-json\/wp\/v2\/product_brand?post=9957"},{"taxonomy":"product_cat","embeddable":true,"href":"https:\/\/puregrowshop.com\/fr\/wp-json\/wp\/v2\/product_cat?post=9957"},{"taxonomy":"product_tag","embeddable":true,"href":"https:\/\/puregrowshop.com\/fr\/wp-json\/wp\/v2\/product_tag?post=9957"}],"curies":[{"name":"wp","href":"https:\/\/api.w.org\/{rel}","templated":true}]}}