{"id":9956,"date":"2024-10-28T14:13:45","date_gmt":"2024-10-28T14:13:45","guid":{"rendered":"https:\/\/puregrowshop.com\/fish-mix-5-lt-bio-bizz\/"},"modified":"2025-12-27T20:02:08","modified_gmt":"2025-12-27T20:02:08","slug":"fish-mix-5-lt-bio-bizz","status":"publish","type":"product","link":"https:\/\/puregrowshop.com\/fr\/fish-mix-5-lt-bio-bizz\/","title":{"rendered":"Fish Mix  5 lt. Bio Bizz"},"content":{"rendered":"<p>Presentamos &quot;Fish Mix 5 lt. Bio Bizz&quot;, un fertilizante org\u00e1nico l\u00edquido dise\u00f1ado para enriquecer suelos y promover un crecimiento saludable en sus plantas. Este producto es ideal para aquellos que buscan una opci\u00f3n natural y efectiva para mejorar la calidad de sus cultivos.<\/p>\n<ul>\n<li>Peso: 5.15 kg<\/li>\n<li>Categor\u00eda: Fertilizantes<\/li>\n<li>Capacidad: 5 litros<\/li>\n<li>Tipo: Fertilizante l\u00edquido org\u00e1nico<\/li>\n<\/ul>\n<p>Fish Mix es conocido por su capacidad para revitalizar suelos pobres y estimular la actividad microbiana, resultando en plantas m\u00e1s vigorosas y productivas. Este fertilizante es perfecto tanto para cultivos en tierra como en sustrato, y su uso es especialmente beneficioso para aumentar la producci\u00f3n en huertos y jardines org\u00e1nicos.<\/p>\n<p>La composici\u00f3n de Fish Mix incluye una mezcla de emulsi\u00f3n de pescado del Mar del Norte y extracto de remolacha azucarera holandesa, proporcionando un balance \u00f3ptimo de nutrientes esenciales para las plantas.<\/p>\n<p>Instrucciones de uso y dosificaci\u00f3n: Diluir 2-5 ml de Fish Mix en 1 litro de agua. Aplicar la soluci\u00f3n durante la fase de crecimiento de las plantas, tanto en cultivos en interior como en exterior. Se recomienda utilizar este producto en cada riego para obtener resultados \u00f3ptimos. Ajuste la dosis seg\u00fan las necesidades espec\u00edficas de sus plantas y condiciones de cultivo.<\/p>\n","protected":false},"excerpt":{"rendered":"<p><P>Condiciona los sustratos estimulando la flora bacteriana y acelerando el crecimiento de la planta. Es una emulsi\u00f3n ecol\u00f3gica de pescado del Mar del Norte combinada con el extracto hort\u00edcola de remolacha azucarera holandesa.<\/P><br \/><P>Fish-Mix impulsa el crecimiento de todos los organis- mos vivos en el sustrato, a la vez que mejora y estimu- la la producci\u00f3n de micro-organismos y bacterias \u00fatiles en todo tipo de tierra y coco. El terreno de baja calidad se enriquece despu\u00e9s de algunos riegos y proporciona minerales naturales a las plantas.<BR><BR>Fish-mix no contiene elementos prohibidos en la agricultura ecol\u00f3gica como \u00e1cidos ni se ha estabilizado con BHT.<\/P><br \/><P>Utiliza Fish-Mix preferiblemente en las primeras etapas de la vida de la planta, rociando directamente a las hojas durante las etapas vegetativas del crecimiento o bien preferiblemente durante el per\u00edodo de floraci\u00f3n y espec\u00edficamente para cultivos exteriores.<\/P><\/p>\n","protected":false},"featured_media":9831,"comment_status":"open","ping_status":"closed","template":"","meta":{"_bst_post_transparent":"","_bst_post_title":"","_bst_post_layout":"","_bst_post_sidebar_id":"","_bst_post_content_style":"","_bst_post_vertical_padding":"","_bst_post_feature":"","_bst_post_feature_position":"","_bst_post_header":false,"_bst_post_footer":false},"pwb-brand":[134],"product_brand":[],"product_cat":[39],"product_tag":[],"class_list":{"0":"post-9956","1":"product","2":"type-product","3":"status-publish","4":"has-post-thumbnail","6":"pwb-brand-bio-bizz","7":"product_cat-fertilizantes","9":"first","10":"instock","11":"sale","12":"taxable","13":"shipping-taxable","14":"purchasable","15":"product-type-simple","16":"entry","17":"content-bg","18":"loop-entry"},"brands":[{"id":134,"name":"Bio Bizz","slug":"bio-bizz"}],"_links":{"self":[{"href":"https:\/\/puregrowshop.com\/fr\/wp-json\/wp\/v2\/product\/9956","targetHints":{"allow":["GET"]}}],"collection":[{"href":"https:\/\/puregrowshop.com\/fr\/wp-json\/wp\/v2\/product"}],"about":[{"href":"https:\/\/puregrowshop.com\/fr\/wp-json\/wp\/v2\/types\/product"}],"replies":[{"embeddable":true,"href":"https:\/\/puregrowshop.com\/fr\/wp-json\/wp\/v2\/comments?post=9956"}],"wp:featuredmedia":[{"embeddable":true,"href":"https:\/\/puregrowshop.com\/fr\/wp-json\/wp\/v2\/media\/9831"}],"wp:attachment":[{"href":"https:\/\/puregrowshop.com\/fr\/wp-json\/wp\/v2\/media?parent=9956"}],"wp:term":[{"taxonomy":"pwb-brand","embeddable":true,"href":"https:\/\/puregrowshop.com\/fr\/wp-json\/wp\/v2\/pwb-brand?post=9956"},{"taxonomy":"product_brand","embeddable":true,"href":"https:\/\/puregrowshop.com\/fr\/wp-json\/wp\/v2\/product_brand?post=9956"},{"taxonomy":"product_cat","embeddable":true,"href":"https:\/\/puregrowshop.com\/fr\/wp-json\/wp\/v2\/product_cat?post=9956"},{"taxonomy":"product_tag","embeddable":true,"href":"https:\/\/puregrowshop.com\/fr\/wp-json\/wp\/v2\/product_tag?post=9956"}],"curies":[{"name":"wp","href":"https:\/\/api.w.org\/{rel}","templated":true}]}}