{"id":9955,"date":"2024-10-28T14:13:45","date_gmt":"2024-10-28T14:13:45","guid":{"rendered":"https:\/\/puregrowshop.com\/fish-mix-1-lt-bio-bizz\/"},"modified":"2025-12-27T20:02:08","modified_gmt":"2025-12-27T20:02:08","slug":"fish-mix-1-lt-bio-bizz","status":"publish","type":"product","link":"https:\/\/puregrowshop.com\/fr\/fish-mix-1-lt-bio-bizz\/","title":{"rendered":"Fish Mix  1 lt. Bio Bizz"},"content":{"rendered":"<p>Fish Mix 1 lt. de Bio Bizz es un fertilizante org\u00e1nico de alta calidad dise\u00f1ado para proporcionar a tus plantas los nutrientes esenciales necesarios para un crecimiento saludable y vigoroso. Ideal tanto para principiantes como para cultivadores experimentados, este producto se integra f\u00e1cilmente en cualquier programa de fertilizaci\u00f3n.<\/p>\n<ul>\n<li>Peso: 1.35 kg<\/li>\n<li>Categor\u00eda: Fertilizantes org\u00e1nicos<\/li>\n<li>Adecuado para cultivos interiores y exteriores<\/li>\n<li>Compatible con sistemas de cultivo en suelo y coco<\/li>\n<\/ul>\n<p>Este fertilizante destaca por su capacidad para enriquecer la microvida del suelo, acelerando el crecimiento de las plantas y mejorando su vigor. Su f\u00f3rmula natural y org\u00e1nica asegura que las plantas reciban un suministro equilibrado de nutrientes, mejorando la calidad del suelo y promoviendo un entorno de cultivo saludable.<\/p>\n<p>Composici\u00f3n: Fish Mix est\u00e1 compuesto por una mezcla de emulsi\u00f3n de pescado org\u00e1nico y extracto de remolacha azucarera holandesa, lo que proporciona un alto contenido de nitr\u00f3geno y otros minerales esenciales.<\/p>\n<p>Instrucciones de uso: Agitar bien antes de usar. Para cultivos en suelo, mezcle 2-4 ml por litro de agua. En sistemas hidrop\u00f3nicos o coco, la dosis recomendada es de 1-2 ml por litro de agua. Aplicar en cada riego durante la fase de crecimiento. Recuerde ajustar la dosis seg\u00fan las necesidades espec\u00edficas de sus plantas y el estadio de crecimiento.<\/p>\n","protected":false},"excerpt":{"rendered":"<p><P>Condiciona los sustratos estimulando la flora bacteriana y acelerando el crecimiento de la planta. Es una emulsi\u00f3n ecol\u00f3gica de pescado del Mar del Norte combinada con el extracto hort\u00edcola de remolacha azucarera holandesa.<\/P><br \/><P>Fish-Mix impulsa el crecimiento de todos los organis- mos vivos en el sustrato, a la vez que mejora y estimu- la la producci\u00f3n de micro-organismos y bacterias \u00fatiles en todo tipo de tierra y coco. El terreno de baja calidad se enriquece despu\u00e9s de algunos riegos y proporciona minerales naturales a las plantas.<BR><BR>Fish-mix no contiene elementos prohibidos en la agricultura ecol\u00f3gica como \u00e1cidos ni se ha estabilizado con BHT.<\/P><br \/><P>Utiliza Fish-Mix preferiblemente en las primeras etapas de la vida de la planta, rociando directamente a las hojas durante las etapas vegetativas del crecimiento o bien preferiblemente durante el per\u00edodo de floraci\u00f3n y espec\u00edficamente para cultivos exteriores.<\/P><\/p>\n","protected":false},"featured_media":9829,"comment_status":"open","ping_status":"closed","template":"","meta":{"_bst_post_transparent":"","_bst_post_title":"","_bst_post_layout":"","_bst_post_sidebar_id":"","_bst_post_content_style":"","_bst_post_vertical_padding":"","_bst_post_feature":"","_bst_post_feature_position":"","_bst_post_header":false,"_bst_post_footer":false},"pwb-brand":[134],"product_brand":[],"product_cat":[39],"product_tag":[],"class_list":{"0":"post-9955","1":"product","2":"type-product","3":"status-publish","4":"has-post-thumbnail","6":"pwb-brand-bio-bizz","7":"product_cat-fertilizantes","9":"first","10":"instock","11":"sale","12":"taxable","13":"shipping-taxable","14":"purchasable","15":"product-type-simple","16":"entry","17":"content-bg","18":"loop-entry"},"brands":[{"id":134,"name":"Bio Bizz","slug":"bio-bizz"}],"_links":{"self":[{"href":"https:\/\/puregrowshop.com\/fr\/wp-json\/wp\/v2\/product\/9955","targetHints":{"allow":["GET"]}}],"collection":[{"href":"https:\/\/puregrowshop.com\/fr\/wp-json\/wp\/v2\/product"}],"about":[{"href":"https:\/\/puregrowshop.com\/fr\/wp-json\/wp\/v2\/types\/product"}],"replies":[{"embeddable":true,"href":"https:\/\/puregrowshop.com\/fr\/wp-json\/wp\/v2\/comments?post=9955"}],"wp:featuredmedia":[{"embeddable":true,"href":"https:\/\/puregrowshop.com\/fr\/wp-json\/wp\/v2\/media\/9829"}],"wp:attachment":[{"href":"https:\/\/puregrowshop.com\/fr\/wp-json\/wp\/v2\/media?parent=9955"}],"wp:term":[{"taxonomy":"pwb-brand","embeddable":true,"href":"https:\/\/puregrowshop.com\/fr\/wp-json\/wp\/v2\/pwb-brand?post=9955"},{"taxonomy":"product_brand","embeddable":true,"href":"https:\/\/puregrowshop.com\/fr\/wp-json\/wp\/v2\/product_brand?post=9955"},{"taxonomy":"product_cat","embeddable":true,"href":"https:\/\/puregrowshop.com\/fr\/wp-json\/wp\/v2\/product_cat?post=9955"},{"taxonomy":"product_tag","embeddable":true,"href":"https:\/\/puregrowshop.com\/fr\/wp-json\/wp\/v2\/product_tag?post=9955"}],"curies":[{"name":"wp","href":"https:\/\/api.w.org\/{rel}","templated":true}]}}