{"id":9954,"date":"2024-10-28T14:13:44","date_gmt":"2024-10-28T14:13:44","guid":{"rendered":"https:\/\/puregrowshop.com\/fish-mix-500-ml-bio-bizz\/"},"modified":"2025-12-27T20:02:08","modified_gmt":"2025-12-27T20:02:08","slug":"fish-mix-500-ml-bio-bizz","status":"publish","type":"product","link":"https:\/\/puregrowshop.com\/fr\/fish-mix-500-ml-bio-bizz\/","title":{"rendered":"Fish Mix   500 ml. Bio Bizz"},"content":{"rendered":"<p>Descubre el poder transformador del Fish Mix 500 ml de Bio Bizz, un fertilizante org\u00e1nico que revitaliza tus plantas y enriquece el suelo, ideal para los agricultores que buscan un crecimiento saludable y vigoroso.<\/p>\n<ul>\n<li>Peso: 0.7 kg<\/li>\n<li>Categor\u00edas: Fertilizantes<\/li>\n<li>Capacidad: 500 ml<\/li>\n<li>Tipo: Fertilizante org\u00e1nico l\u00edquido<\/li>\n<\/ul>\n<p>El Fish Mix de Bio Bizz es la soluci\u00f3n perfecta para nutrir tus plantas, promoviendo un crecimiento exuberante y una floraci\u00f3n abundante. Este fertilizante l\u00edquido mejora la estructura del suelo y estimula la vida microbiana, lo que resulta en plantas m\u00e1s fuertes y saludables.<\/p>\n<p>Compuesto por una mezcla de emulsi\u00f3n de pescado del Mar del Norte y extracto de remolacha azucarera holandesa, el Fish Mix es 100% org\u00e1nico, garantizando un cuidado natural y sostenible para tus cultivos.<\/p>\n<p>Para su uso, diluye 2-5 ml de Fish Mix por litro de agua y aplica en cada riego durante la etapa de crecimiento y floraci\u00f3n. Adecuado para cualquier tipo de suelo y sustrato, puede utilizarse tanto en cultivos interiores como exteriores, asegurando resultados \u00f3ptimos en cualquier entorno.<\/p>\n","protected":false},"excerpt":{"rendered":"<p><P>Condiciona los sustratos estimulando la flora bacteriana y acelerando el crecimiento de la planta. Es una emulsi\u00f3n ecol\u00f3gica de pescado del Mar del Norte combinada con el extracto hort\u00edcola de remolacha azucarera holandesa.<\/P><br \/><P>Fish-Mix impulsa el crecimiento de todos los organis- mos vivos en el sustrato, a la vez que mejora y estimu- la la producci\u00f3n de micro-organismos y bacterias \u00fatiles en todo tipo de tierra y coco. El terreno de baja calidad se enriquece despu\u00e9s de algunos riegos y proporciona minerales naturales a las plantas.<BR>&nbsp;<BR>Fish-mix no contiene elementos prohibidos en la agricultura ecol\u00f3gica como \u00e1cidos ni se ha estabilizado con BHT.<\/P><br \/><P>Utiliza Fish-Mix preferiblemente en las primeras etapas de la vida de la planta, rociando directamente a las hojas durante las etapas vegetativas del crecimiento o bien preferiblemente durante el per\u00edodo de floraci\u00f3n y espec\u00edficamente para cultivos exteriores.<\/P><\/p>\n","protected":false},"featured_media":9827,"comment_status":"open","ping_status":"closed","template":"","meta":{"_bst_post_transparent":"","_bst_post_title":"","_bst_post_layout":"","_bst_post_sidebar_id":"","_bst_post_content_style":"","_bst_post_vertical_padding":"","_bst_post_feature":"","_bst_post_feature_position":"","_bst_post_header":false,"_bst_post_footer":false},"pwb-brand":[134],"product_brand":[],"product_cat":[39],"product_tag":[],"class_list":{"0":"post-9954","1":"product","2":"type-product","3":"status-publish","4":"has-post-thumbnail","6":"pwb-brand-bio-bizz","7":"product_cat-fertilizantes","9":"first","10":"instock","11":"sale","12":"taxable","13":"shipping-taxable","14":"purchasable","15":"product-type-simple","16":"entry","17":"content-bg","18":"loop-entry"},"brands":[{"id":134,"name":"Bio Bizz","slug":"bio-bizz"}],"_links":{"self":[{"href":"https:\/\/puregrowshop.com\/fr\/wp-json\/wp\/v2\/product\/9954","targetHints":{"allow":["GET"]}}],"collection":[{"href":"https:\/\/puregrowshop.com\/fr\/wp-json\/wp\/v2\/product"}],"about":[{"href":"https:\/\/puregrowshop.com\/fr\/wp-json\/wp\/v2\/types\/product"}],"replies":[{"embeddable":true,"href":"https:\/\/puregrowshop.com\/fr\/wp-json\/wp\/v2\/comments?post=9954"}],"wp:featuredmedia":[{"embeddable":true,"href":"https:\/\/puregrowshop.com\/fr\/wp-json\/wp\/v2\/media\/9827"}],"wp:attachment":[{"href":"https:\/\/puregrowshop.com\/fr\/wp-json\/wp\/v2\/media?parent=9954"}],"wp:term":[{"taxonomy":"pwb-brand","embeddable":true,"href":"https:\/\/puregrowshop.com\/fr\/wp-json\/wp\/v2\/pwb-brand?post=9954"},{"taxonomy":"product_brand","embeddable":true,"href":"https:\/\/puregrowshop.com\/fr\/wp-json\/wp\/v2\/product_brand?post=9954"},{"taxonomy":"product_cat","embeddable":true,"href":"https:\/\/puregrowshop.com\/fr\/wp-json\/wp\/v2\/product_cat?post=9954"},{"taxonomy":"product_tag","embeddable":true,"href":"https:\/\/puregrowshop.com\/fr\/wp-json\/wp\/v2\/product_tag?post=9954"}],"curies":[{"name":"wp","href":"https:\/\/api.w.org\/{rel}","templated":true}]}}