{"id":9950,"date":"2024-10-28T14:13:44","date_gmt":"2024-10-28T14:13:44","guid":{"rendered":"https:\/\/puregrowshop.com\/bio-grow-5-lt-bio-bizz\/"},"modified":"2025-12-27T20:01:58","modified_gmt":"2025-12-27T20:01:58","slug":"bio-grow-5-lt-bio-bizz","status":"publish","type":"product","link":"https:\/\/puregrowshop.com\/fr\/bio-grow-5-lt-bio-bizz\/","title":{"rendered":"Bio Grow  5 lt. Bio Bizz"},"content":{"rendered":"<p>Bio Grow 5 lt. de Bio Bizz es un fertilizante org\u00e1nico l\u00edquido dise\u00f1ado espec\u00edficamente para potenciar el crecimiento vigoroso de las plantas en su fase vegetativa. Ideal para cultivadores comprometidos con la agricultura org\u00e1nica, Bio Grow asegura un desarrollo saludable y robusto desde las ra\u00edces hasta las hojas.<\/p>\n<ul>\n<li>Peso: 5.15 kg<\/li>\n<li>Categor\u00eda: Fertilizantes<\/li>\n<li>Tipo: Org\u00e1nico l\u00edquido<\/li>\n<li>Volumen: 5 litros<\/li>\n<li>Compatible con la mayor\u00eda de sustratos<\/li>\n<\/ul>\n<h4>Beneficios y Usos<\/h4>\n<p>Bio Grow es excelente para estimular el crecimiento de las plantas, mejorando la estructura del suelo y facilitando la absorci\u00f3n de nutrientes. Su f\u00f3rmula promueve un follaje exuberante, lo que resulta en plantas m\u00e1s fuertes y productivas. Perfecto para cultivos en tierra y sistemas hidrop\u00f3nicos.<\/p>\n<p>Composici\u00f3n:<\/p>\n<p>Este fertilizante est\u00e1 elaborado a partir de extractos de remolacha azucarera y otros ingredientes org\u00e1nicos, asegurando un aporte nutricional completo y equilibrado.<\/p>\n<p>Instrucciones para uso y dosificaci\u00f3n:<\/p>\n<p>Para obtener resultados \u00f3ptimos, diluir 2-4 ml de Bio Grow por litro de agua. Aplique con cada riego durante toda la fase de crecimiento. Ajuste la dosis seg\u00fan las necesidades espec\u00edficas de las plantas y las condiciones de cultivo.<\/p>\n","protected":false},"excerpt":{"rendered":"<p><P>Fertilizante l\u00edquido de crecimiento aplicable a la mayor\u00eda de tipos de tierra y mezclas de tierra. Bio\u00b7Grow\u00ae activa la flora bacteriana de los sustratos gracias a su base de remolacha azucarera holandesa 100% ecol\u00f3gica, conocida com\u00fanmente como melaza.<\/P><br \/><P>La melaza es un producto l\u00edquido espeso derivado de la ca\u00f1a de az\u00facar y en menor medida de la remolacha azucarera, obtenido del residuo restante en las cubas de extracci\u00f3n de los az\u00facares. Su aspecto es similar<BR>al de la miel aunque de color parduzco muy oscuro. La f\u00e9cula de trigo es la otra materia prima importante utilizada para la producci\u00f3n de etanol. Antes de ser fermentada, la f\u00e9cula se transforma en glucosa con la ayuda de enzimas. Su alto contenido de beta\u00edna que ayuda a activar la micro actividad de la tierra por medio de un proceso de fertilizaci\u00f3n ecol\u00f3gica.<\/P><br \/><P>Bio\u00b7Grow\u00ae contiene 70 oligoelementos y vitaminas B1, B2, C y E. Como todos los productos de Biobizz, tiene bajo contenido de fosfatos, que son considerados da\u00f1inos para nuestro cuerpo y el medioambiente.<\/P><\/p>\n","protected":false},"featured_media":9819,"comment_status":"open","ping_status":"closed","template":"","meta":{"_bst_post_transparent":"","_bst_post_title":"","_bst_post_layout":"","_bst_post_sidebar_id":"","_bst_post_content_style":"","_bst_post_vertical_padding":"","_bst_post_feature":"","_bst_post_feature_position":"","_bst_post_header":false,"_bst_post_footer":false},"pwb-brand":[134],"product_brand":[],"product_cat":[39],"product_tag":[],"class_list":{"0":"post-9950","1":"product","2":"type-product","3":"status-publish","4":"has-post-thumbnail","6":"pwb-brand-bio-bizz","7":"product_cat-fertilizantes","9":"first","10":"instock","11":"sale","12":"taxable","13":"shipping-taxable","14":"purchasable","15":"product-type-simple","16":"entry","17":"content-bg","18":"loop-entry"},"brands":[{"id":134,"name":"Bio Bizz","slug":"bio-bizz"}],"_links":{"self":[{"href":"https:\/\/puregrowshop.com\/fr\/wp-json\/wp\/v2\/product\/9950","targetHints":{"allow":["GET"]}}],"collection":[{"href":"https:\/\/puregrowshop.com\/fr\/wp-json\/wp\/v2\/product"}],"about":[{"href":"https:\/\/puregrowshop.com\/fr\/wp-json\/wp\/v2\/types\/product"}],"replies":[{"embeddable":true,"href":"https:\/\/puregrowshop.com\/fr\/wp-json\/wp\/v2\/comments?post=9950"}],"wp:featuredmedia":[{"embeddable":true,"href":"https:\/\/puregrowshop.com\/fr\/wp-json\/wp\/v2\/media\/9819"}],"wp:attachment":[{"href":"https:\/\/puregrowshop.com\/fr\/wp-json\/wp\/v2\/media?parent=9950"}],"wp:term":[{"taxonomy":"pwb-brand","embeddable":true,"href":"https:\/\/puregrowshop.com\/fr\/wp-json\/wp\/v2\/pwb-brand?post=9950"},{"taxonomy":"product_brand","embeddable":true,"href":"https:\/\/puregrowshop.com\/fr\/wp-json\/wp\/v2\/product_brand?post=9950"},{"taxonomy":"product_cat","embeddable":true,"href":"https:\/\/puregrowshop.com\/fr\/wp-json\/wp\/v2\/product_cat?post=9950"},{"taxonomy":"product_tag","embeddable":true,"href":"https:\/\/puregrowshop.com\/fr\/wp-json\/wp\/v2\/product_tag?post=9950"}],"curies":[{"name":"wp","href":"https:\/\/api.w.org\/{rel}","templated":true}]}}