{"id":9942,"date":"2024-10-28T14:13:43","date_gmt":"2024-10-28T14:13:43","guid":{"rendered":"https:\/\/puregrowshop.com\/alga-mic-500-ml-bio-bizz\/"},"modified":"2025-12-27T20:01:58","modified_gmt":"2025-12-27T20:01:58","slug":"alga-mic-500-ml-bio-bizz","status":"publish","type":"product","link":"https:\/\/puregrowshop.com\/fr\/alga-mic-500-ml-bio-bizz\/","title":{"rendered":"Alga Mic    500 ml. Bio Bizz"},"content":{"rendered":"<p>Descubre Alga Mic 500 ml de Bio Bizz, un fertilizante l\u00edquido org\u00e1nico dise\u00f1ado para revitalizar y nutrir tus plantas, garantizando un crecimiento vigoroso y saludable. Este producto es ideal para cualquier cultivador que busque mejorar la vitalidad de sus plantas de manera ecol\u00f3gica y sostenible.<\/p>\n<ul>\n<li>Peso: 0.6 kg<\/li>\n<li>Categor\u00eda: Fertilizantes<\/li>\n<li>Tipo: Fertilizante l\u00edquido org\u00e1nico<\/li>\n<li>Volumen: 500 ml<\/li>\n<\/ul>\n<p>Alga Mic est\u00e1 formulado para proporcionar a tus plantas un impulso de energ\u00eda natural. Enriquecido con extractos de algas marinas, este fertilizante mejora la absorci\u00f3n de nutrientes, fomenta un crecimiento exuberante y fortalece la resistencia a enfermedades y estr\u00e9s ambiental.<\/p>\n<p>La composici\u00f3n de Alga Mic incluye extractos de algas marinas, ricas en micronutrientes, vitaminas y amino\u00e1cidos esenciales, que act\u00faan como bioestimulantes naturales.<\/p>\n<p>Instrucciones de uso: Agita bien antes de usar. Diluye 1-4 ml de Alga Mic por litro de agua. Apl\u00edcalo semanalmente durante el ciclo de crecimiento y floraci\u00f3n, tanto en el riego como en la pulverizaci\u00f3n foliar. Ajusta la dosis seg\u00fan las necesidades espec\u00edficas de tus plantas.<\/p>\n<p>Con Alga Mic 500 ml de Bio Bizz, tus plantas obtendr\u00e1n el cuidado org\u00e1nico que merecen, asegurando un jard\u00edn lleno de vida y energ\u00eda.<\/p>\n","protected":false},"excerpt":{"rendered":"<p><P>Revitalizante ecol\u00f3gico hecho a partir de algas marinas prensadas en fr\u00edo y posteriormente concentradas que proporcionan a los cultivos micronutrientes, vitaminas, amino\u00e1cidos y hormonas de or\u00edgen vegetal.<\/P><br \/><P>Las algas marinas act\u00faan positivamente en el crecimiento de las plantas. Mejoran su capacidad para soportar ciertos niveles de estr\u00e9s medioambiental y reducen los ataques y las plagas de insectos en las plantas; mantienen un nivel superior de clorofila; aumenta el n\u00famero de microbios que alimentan las bacterias benignas y beneficiosas para la tierra. Tambi\u00e9n ayudan a reducir el da\u00f1o causado por nematodos minimizando su penetraci\u00f3n en la ra\u00edz e inician o aceleran el proceso de aclimataci\u00f3n incluso en condiciones de fr\u00edo extremo.<\/P><br \/><P>Alg\u00b7A\u00b7Mic\u2122 es el estimulante 100% natural que consigue una planta fuerte, resistente a enfermedades y con un verdor exuberante.<\/P><\/p>\n","protected":false},"featured_media":9803,"comment_status":"open","ping_status":"closed","template":"","meta":{"_bst_post_transparent":"","_bst_post_title":"","_bst_post_layout":"","_bst_post_sidebar_id":"","_bst_post_content_style":"","_bst_post_vertical_padding":"","_bst_post_feature":"","_bst_post_feature_position":"","_bst_post_header":false,"_bst_post_footer":false},"pwb-brand":[134],"product_brand":[],"product_cat":[39],"product_tag":[],"class_list":{"0":"post-9942","1":"product","2":"type-product","3":"status-publish","4":"has-post-thumbnail","6":"pwb-brand-bio-bizz","7":"product_cat-fertilizantes","9":"first","10":"instock","11":"sale","12":"taxable","13":"shipping-taxable","14":"purchasable","15":"product-type-simple","16":"entry","17":"content-bg","18":"loop-entry"},"brands":[{"id":134,"name":"Bio Bizz","slug":"bio-bizz"}],"_links":{"self":[{"href":"https:\/\/puregrowshop.com\/fr\/wp-json\/wp\/v2\/product\/9942","targetHints":{"allow":["GET"]}}],"collection":[{"href":"https:\/\/puregrowshop.com\/fr\/wp-json\/wp\/v2\/product"}],"about":[{"href":"https:\/\/puregrowshop.com\/fr\/wp-json\/wp\/v2\/types\/product"}],"replies":[{"embeddable":true,"href":"https:\/\/puregrowshop.com\/fr\/wp-json\/wp\/v2\/comments?post=9942"}],"wp:featuredmedia":[{"embeddable":true,"href":"https:\/\/puregrowshop.com\/fr\/wp-json\/wp\/v2\/media\/9803"}],"wp:attachment":[{"href":"https:\/\/puregrowshop.com\/fr\/wp-json\/wp\/v2\/media?parent=9942"}],"wp:term":[{"taxonomy":"pwb-brand","embeddable":true,"href":"https:\/\/puregrowshop.com\/fr\/wp-json\/wp\/v2\/pwb-brand?post=9942"},{"taxonomy":"product_brand","embeddable":true,"href":"https:\/\/puregrowshop.com\/fr\/wp-json\/wp\/v2\/product_brand?post=9942"},{"taxonomy":"product_cat","embeddable":true,"href":"https:\/\/puregrowshop.com\/fr\/wp-json\/wp\/v2\/product_cat?post=9942"},{"taxonomy":"product_tag","embeddable":true,"href":"https:\/\/puregrowshop.com\/fr\/wp-json\/wp\/v2\/product_tag?post=9942"}],"curies":[{"name":"wp","href":"https:\/\/api.w.org\/{rel}","templated":true}]}}