{"id":9787,"date":"2024-10-28T11:12:59","date_gmt":"2024-10-28T11:12:59","guid":{"rendered":"https:\/\/puregrowshop.com\/rhizotonic-10-lt-xp-canna\/"},"modified":"2025-12-27T20:01:58","modified_gmt":"2025-12-27T20:01:58","slug":"rhizotonic-10-lt-xp-canna","status":"publish","type":"product","link":"https:\/\/puregrowshop.com\/fr\/rhizotonic-10-lt-xp-canna\/","title":{"rendered":"Rhizotonic 10 lt. XP Canna"},"content":{"rendered":"<p>Formato en garrafa de 10 lt.<\/p>\n","protected":false},"excerpt":{"rendered":"<p><P>Es un potente estimulante vegetal de las ra\u00edces para plantas de cannabis de las que las primeras ra\u00edces ya son visibles. Favorece el desarrollo de las ra\u00edces, incrementa la resistencia a las enfermedades y estimula la calidad interior y exterior de la planta. RHIZOTONIC se utiliza durante la primera semana y es ideal para esquejes y plantas que se trasplantan, as\u00ed como para plantas enfermas o que se desarrollan mal tras haber sufrido un shock. Este producto es 100% vegetal y es adecuado para el cultivo en maceta y para el hidrocultivo.<\/P><br \/><P>Eficaz estimulante de ra\u00edces de origen vegetal. RHIZOTONIC estimula el desarrollo de las ra\u00edces, aumenta la resistencia a enfermedades y mejora la calidad interior y exterior del cultivo.<\/P><br \/><P>RHIZOTONIC es por ello un producto ideal para:<\/P><br \/><UL><br \/><LI>Esquejes y plantas que se han de transplantar<\/LI><br \/><LI>Plantas enfermizas o mal desarrolladas<\/LI><br \/><LI>Plantas que han sufrido un shock<\/LI><\/UL><\/p>\n","protected":false},"featured_media":9786,"comment_status":"open","ping_status":"closed","template":"","meta":{"_bst_post_transparent":"","_bst_post_title":"","_bst_post_layout":"","_bst_post_sidebar_id":"","_bst_post_content_style":"","_bst_post_vertical_padding":"","_bst_post_feature":"","_bst_post_feature_position":"","_bst_post_header":false,"_bst_post_footer":false},"pwb-brand":[132],"product_brand":[],"product_cat":[39],"product_tag":[],"class_list":{"0":"post-9787","1":"product","2":"type-product","3":"status-publish","4":"has-post-thumbnail","6":"pwb-brand-canna","7":"product_cat-fertilizantes","8":"product_shipping_class-entre-10-kg-y-20-kg","10":"first","11":"instock","12":"sale","13":"taxable","14":"shipping-taxable","15":"purchasable","16":"product-type-simple","17":"entry","18":"content-bg","19":"loop-entry"},"brands":[{"id":132,"name":"Canna","slug":"canna"}],"_links":{"self":[{"href":"https:\/\/puregrowshop.com\/fr\/wp-json\/wp\/v2\/product\/9787","targetHints":{"allow":["GET"]}}],"collection":[{"href":"https:\/\/puregrowshop.com\/fr\/wp-json\/wp\/v2\/product"}],"about":[{"href":"https:\/\/puregrowshop.com\/fr\/wp-json\/wp\/v2\/types\/product"}],"replies":[{"embeddable":true,"href":"https:\/\/puregrowshop.com\/fr\/wp-json\/wp\/v2\/comments?post=9787"}],"wp:featuredmedia":[{"embeddable":true,"href":"https:\/\/puregrowshop.com\/fr\/wp-json\/wp\/v2\/media\/9786"}],"wp:attachment":[{"href":"https:\/\/puregrowshop.com\/fr\/wp-json\/wp\/v2\/media?parent=9787"}],"wp:term":[{"taxonomy":"pwb-brand","embeddable":true,"href":"https:\/\/puregrowshop.com\/fr\/wp-json\/wp\/v2\/pwb-brand?post=9787"},{"taxonomy":"product_brand","embeddable":true,"href":"https:\/\/puregrowshop.com\/fr\/wp-json\/wp\/v2\/product_brand?post=9787"},{"taxonomy":"product_cat","embeddable":true,"href":"https:\/\/puregrowshop.com\/fr\/wp-json\/wp\/v2\/product_cat?post=9787"},{"taxonomy":"product_tag","embeddable":true,"href":"https:\/\/puregrowshop.com\/fr\/wp-json\/wp\/v2\/product_tag?post=9787"}],"curies":[{"name":"wp","href":"https:\/\/api.w.org\/{rel}","templated":true}]}}