{"id":9783,"date":"2024-10-28T11:12:57","date_gmt":"2024-10-28T11:12:57","guid":{"rendered":"https:\/\/puregrowshop.com\/rhizotonic-1-lt-xp-canna\/"},"modified":"2025-12-27T20:01:49","modified_gmt":"2025-12-27T20:01:49","slug":"rhizotonic-1-lt-xp-canna","status":"publish","type":"product","link":"https:\/\/puregrowshop.com\/fr\/rhizotonic-1-lt-xp-canna\/","title":{"rendered":"Rhizotonic  1 lt. XP Canna"},"content":{"rendered":"<p>Descubre el poder de &quot;Rhizotonic 1 lt. XP Canna&quot;, un fertilizante premium dise\u00f1ado para estimular el crecimiento \u00f3ptimo de tus plantas. Ideal para horticultores que buscan maximizar la salud y el desarrollo del sistema radicular.<\/p>\n<ul>\n<li>Peso: 1.2 kg<\/li>\n<li>Categor\u00eda: Fertilizantes<\/li>\n<li>Proporciona un crecimiento acelerado del sistema radicular<\/li>\n<li>Mejora la absorci\u00f3n de nutrientes y minerales<\/li>\n<li>Compatible con diversos medios de cultivo<\/li>\n<\/ul>\n<h4>Beneficios y Usos<\/h4>\n<p>Rhizotonic XP Canna revitaliza y fortalece las ra\u00edces, permitiendo a las plantas absorber mejor los nutrientes esenciales. Es perfecto para su uso en trasplantes, periodos de estr\u00e9s o recuperaci\u00f3n de plantas debilitadas, asegurando un inicio fuerte y saludable.<\/p>\n<p>Composici\u00f3n:<\/p>\n<p>Formulado con extractos de plantas naturales, vitaminas y oligoelementos esenciales, este producto garantiza un soporte completo para el desarrollo radicular.<\/p>\n<p>Instrucciones de uso y dosificaci\u00f3n:<\/p>\n<p>Agite bien antes de usar. Diluir 4 ml de Rhizotonic por litro de agua. Aplicar directamente al sustrato o pulverizar sobre las hojas. Repetir 1-6 veces por semana seg\u00fan sea necesario para obtener los mejores resultados.<\/p>\n<p>Dale a tus plantas la base que merecen con Rhizotonic 1 lt. XP Canna y observa c\u00f3mo prosperan.<\/p>\n","protected":false},"excerpt":{"rendered":"<p><P>Es un potente estimulante vegetal de las ra\u00edces para plantas de cannabis de las que las primeras ra\u00edces ya son visibles. Favorece el desarrollo de las ra\u00edces, incrementa la resistencia a las enfermedades y estimula la calidad interior y exterior de la planta. RHIZOTONIC se utiliza durante la primera semana y es ideal para esquejes y plantas que se trasplantan, as\u00ed como para plantas enfermas o que se desarrollan mal tras haber sufrido un shock. Este producto es 100% vegetal y es adecuado para el cultivo en maceta y para el hidrocultivo.<\/P><br \/><P>Eficaz estimulante de ra\u00edces de origen vegetal. RHIZOTONIC estimula el desarrollo de las ra\u00edces, aumenta la resistencia a enfermedades y mejora la calidad interior y exterior del cultivo.<\/P><br \/><P>RHIZOTONIC es por ello un producto ideal para:<\/P><br \/><UL><br \/><LI>Esquejes y plantas que se han de transplantar<\/LI><br \/><LI>Plantas enfermizas o mal desarrolladas<\/LI><br \/><LI>Plantas que han sufrido un shock<\/LI><\/UL><\/p>\n","protected":false},"featured_media":9782,"comment_status":"open","ping_status":"closed","template":"","meta":{"_bst_post_transparent":"","_bst_post_title":"","_bst_post_layout":"","_bst_post_sidebar_id":"","_bst_post_content_style":"","_bst_post_vertical_padding":"","_bst_post_feature":"","_bst_post_feature_position":"","_bst_post_header":false,"_bst_post_footer":false},"pwb-brand":[132],"product_brand":[],"product_cat":[39],"product_tag":[],"class_list":{"0":"post-9783","1":"product","2":"type-product","3":"status-publish","4":"has-post-thumbnail","6":"pwb-brand-canna","7":"product_cat-fertilizantes","9":"first","10":"instock","11":"sale","12":"taxable","13":"shipping-taxable","14":"purchasable","15":"product-type-simple","16":"entry","17":"content-bg","18":"loop-entry"},"brands":[{"id":132,"name":"Canna","slug":"canna"}],"_links":{"self":[{"href":"https:\/\/puregrowshop.com\/fr\/wp-json\/wp\/v2\/product\/9783","targetHints":{"allow":["GET"]}}],"collection":[{"href":"https:\/\/puregrowshop.com\/fr\/wp-json\/wp\/v2\/product"}],"about":[{"href":"https:\/\/puregrowshop.com\/fr\/wp-json\/wp\/v2\/types\/product"}],"replies":[{"embeddable":true,"href":"https:\/\/puregrowshop.com\/fr\/wp-json\/wp\/v2\/comments?post=9783"}],"wp:featuredmedia":[{"embeddable":true,"href":"https:\/\/puregrowshop.com\/fr\/wp-json\/wp\/v2\/media\/9782"}],"wp:attachment":[{"href":"https:\/\/puregrowshop.com\/fr\/wp-json\/wp\/v2\/media?parent=9783"}],"wp:term":[{"taxonomy":"pwb-brand","embeddable":true,"href":"https:\/\/puregrowshop.com\/fr\/wp-json\/wp\/v2\/pwb-brand?post=9783"},{"taxonomy":"product_brand","embeddable":true,"href":"https:\/\/puregrowshop.com\/fr\/wp-json\/wp\/v2\/product_brand?post=9783"},{"taxonomy":"product_cat","embeddable":true,"href":"https:\/\/puregrowshop.com\/fr\/wp-json\/wp\/v2\/product_cat?post=9783"},{"taxonomy":"product_tag","embeddable":true,"href":"https:\/\/puregrowshop.com\/fr\/wp-json\/wp\/v2\/product_tag?post=9783"}],"curies":[{"name":"wp","href":"https:\/\/api.w.org\/{rel}","templated":true}]}}