{"id":9781,"date":"2024-10-28T11:12:57","date_gmt":"2024-10-28T11:12:57","guid":{"rendered":"https:\/\/puregrowshop.com\/rhizotonic-500-ml-xp-canna\/"},"modified":"2025-12-27T20:01:49","modified_gmt":"2025-12-27T20:01:49","slug":"rhizotonic-500-ml-xp-canna","status":"publish","type":"product","link":"https:\/\/puregrowshop.com\/fr\/rhizotonic-500-ml-xp-canna\/","title":{"rendered":"Rhizotonic    500 ml. XP Canna"},"content":{"rendered":"<p>Rhizotonic 500 ml. XP Canna es un potente estimulador de ra\u00edces dise\u00f1ado para fomentar un crecimiento vigoroso y saludable en sus plantas. Ideal para cultivadores que buscan maximizar el potencial de sus cultivos, este fertilizante es la elecci\u00f3n perfecta para asegurar un desarrollo \u00f3ptimo desde las ra\u00edces.<\/p>\n<ul>\n<li>Peso: 0.6 kg<\/li>\n<li>Categor\u00eda: Fertilizantes<\/li>\n<li>Formato: L\u00edquido<\/li>\n<li>Volumen: 500 ml<\/li>\n<\/ul>\n<p>Rhizotonic XP Canna no solo promueve un crecimiento r\u00e1pido de las ra\u00edces, sino que tambi\u00e9n mejora la resistencia de las plantas al estr\u00e9s y acelera la recuperaci\u00f3n despu\u00e9s del trasplante. Es compatible con todos los sustratos y sistemas de cultivo, proporcionando flexibilidad para cualquier tipo de cultivo.<\/p>\n<p>La f\u00f3rmula de Rhizotonic est\u00e1 compuesta por extractos de plantas org\u00e1nicas y minerales esenciales que nutren y revitalizan sus plantas desde la base.<\/p>\n<p>Para obtener los mejores resultados, agite bien antes de usar. Diluir 4 ml por litro de agua y aplicar directamente en el sustrato. \u00daselo durante las primeras semanas del ciclo de crecimiento o cuando sea necesario estimular el desarrollo de ra\u00edces en plantas j\u00f3venes o estresadas.<\/p>\n","protected":false},"excerpt":{"rendered":"<p><P>Es un potente estimulante vegetal de las ra\u00edces para plantas de cannabis de las que las primeras ra\u00edces ya son visibles. Favorece el desarrollo de las ra\u00edces, incrementa la resistencia a las enfermedades y estimula la calidad interior y exterior de la planta. RHIZOTONIC se utiliza durante la primera semana y es ideal para esquejes y plantas que se trasplantan, as\u00ed como para plantas enfermas o que se desarrollan mal tras haber sufrido un shock. Este producto es 100% vegetal y es adecuado para el cultivo en maceta y para el hidrocultivo.<\/P><br \/><P>Eficaz estimulante de ra\u00edces de origen vegetal. RHIZOTONIC estimula el desarrollo de las ra\u00edces, aumenta la resistencia a enfermedades y mejora la calidad interior y exterior del cultivo.<\/P><br \/><P>RHIZOTONIC es por ello un producto ideal para:<\/P><br \/><UL><br \/><LI>Esquejes y plantas que se han de transplantar<\/LI><br \/><LI>Plantas enfermizas o mal desarrolladas<\/LI><br \/><LI>Plantas que han sufrido un shock<\/LI><\/UL><\/p>\n","protected":false},"featured_media":9780,"comment_status":"open","ping_status":"closed","template":"","meta":{"_bst_post_transparent":"","_bst_post_title":"","_bst_post_layout":"","_bst_post_sidebar_id":"","_bst_post_content_style":"","_bst_post_vertical_padding":"","_bst_post_feature":"","_bst_post_feature_position":"","_bst_post_header":false,"_bst_post_footer":false},"pwb-brand":[132],"product_brand":[],"product_cat":[39],"product_tag":[],"class_list":{"0":"post-9781","1":"product","2":"type-product","3":"status-publish","4":"has-post-thumbnail","6":"pwb-brand-canna","7":"product_cat-fertilizantes","9":"first","10":"instock","11":"sale","12":"taxable","13":"shipping-taxable","14":"purchasable","15":"product-type-simple","16":"entry","17":"content-bg","18":"loop-entry"},"brands":[{"id":132,"name":"Canna","slug":"canna"}],"_links":{"self":[{"href":"https:\/\/puregrowshop.com\/fr\/wp-json\/wp\/v2\/product\/9781","targetHints":{"allow":["GET"]}}],"collection":[{"href":"https:\/\/puregrowshop.com\/fr\/wp-json\/wp\/v2\/product"}],"about":[{"href":"https:\/\/puregrowshop.com\/fr\/wp-json\/wp\/v2\/types\/product"}],"replies":[{"embeddable":true,"href":"https:\/\/puregrowshop.com\/fr\/wp-json\/wp\/v2\/comments?post=9781"}],"wp:featuredmedia":[{"embeddable":true,"href":"https:\/\/puregrowshop.com\/fr\/wp-json\/wp\/v2\/media\/9780"}],"wp:attachment":[{"href":"https:\/\/puregrowshop.com\/fr\/wp-json\/wp\/v2\/media?parent=9781"}],"wp:term":[{"taxonomy":"pwb-brand","embeddable":true,"href":"https:\/\/puregrowshop.com\/fr\/wp-json\/wp\/v2\/pwb-brand?post=9781"},{"taxonomy":"product_brand","embeddable":true,"href":"https:\/\/puregrowshop.com\/fr\/wp-json\/wp\/v2\/product_brand?post=9781"},{"taxonomy":"product_cat","embeddable":true,"href":"https:\/\/puregrowshop.com\/fr\/wp-json\/wp\/v2\/product_cat?post=9781"},{"taxonomy":"product_tag","embeddable":true,"href":"https:\/\/puregrowshop.com\/fr\/wp-json\/wp\/v2\/product_tag?post=9781"}],"curies":[{"name":"wp","href":"https:\/\/api.w.org\/{rel}","templated":true}]}}