{"id":9779,"date":"2024-10-28T11:12:56","date_gmt":"2024-10-28T11:12:56","guid":{"rendered":"https:\/\/puregrowshop.com\/rhizotonic-250-ml-xp-canna\/"},"modified":"2025-12-27T20:01:49","modified_gmt":"2025-12-27T20:01:49","slug":"rhizotonic-250-ml-xp-canna","status":"publish","type":"product","link":"https:\/\/puregrowshop.com\/fr\/rhizotonic-250-ml-xp-canna\/","title":{"rendered":"Rhizotonic    250 ml. XP Canna"},"content":{"rendered":"<p>Presentamos el &quot;Rhizotonic 250 ml. XP Canna&quot;, un estimulador de ra\u00edces de alta calidad dise\u00f1ado para mejorar la vitalidad y el crecimiento de las plantas. Este producto es esencial para cualquier cultivador que busque maximizar el potencial de sus plantas desde la ra\u00edz.<\/p>\n<ul>\n<li>Peso: 0.3 kg<\/li>\n<li>Categor\u00eda: Fertilizantes<\/li>\n<li>Volumen: 250 ml<\/li>\n<li>Tipo: Estimulador de ra\u00edces<\/li>\n<\/ul>\n<p>El &quot;Rhizotonic 250 ml. XP Canna&quot; ofrece m\u00faltiples beneficios para el desarrollo de sus plantas. Estimula el crecimiento de nuevas ra\u00edces en esquejes y trasplantes, reduce el estr\u00e9s de las plantas, y mejora la absorci\u00f3n de nutrientes y agua. Ideal para su uso en todas las etapas del cultivo, especialmente en las fases iniciales para establecer un sistema radicular fuerte y saludable.<\/p>\n<p>Composici\u00f3n: Formulado con extractos de algas marinas y otros ingredientes naturales que promueven un crecimiento vigoroso y saludable.<\/p>\n<p>Instrucciones de uso y dosificaci\u00f3n: Agite bien antes de usar. Mezcle 40 ml de Rhizotonic por cada 10 litros de agua y aplique directamente en el sustrato. Se recomienda utilizar durante las primeras semanas de crecimiento y despu\u00e9s de cada trasplante para asegurar una \u00f3ptima recuperaci\u00f3n y crecimiento de las ra\u00edces. Ajuste la dosis seg\u00fan las necesidades espec\u00edficas de sus plantas para obtener mejores resultados.<\/p>\n","protected":false},"excerpt":{"rendered":"<p><P>Es un potente estimulante vegetal de las ra\u00edces para plantas de cannabis de las que las primeras ra\u00edces ya son visibles. Favorece el desarrollo de las ra\u00edces, incrementa la resistencia a las enfermedades y estimula la calidad interior y exterior de la planta. RHIZOTONIC se utiliza durante la primera semana y es ideal para esquejes y plantas que se trasplantan, as\u00ed como para plantas enfermas o que se desarrollan mal tras haber sufrido un shock. Este producto es 100% vegetal y es adecuado para el cultivo en maceta y para el hidrocultivo.<\/P><br \/><P>Eficaz estimulante de ra\u00edces de origen vegetal. RHIZOTONIC estimula el desarrollo de las ra\u00edces, aumenta la resistencia a enfermedades y mejora la calidad interior y exterior del cultivo.<\/P><br \/><P>RHIZOTONIC es por ello un producto ideal para:<\/P><br \/><UL><br \/><LI>Esquejes y plantas que se han de transplantar<\/LI><br \/><LI>Plantas enfermizas o mal desarrolladas<\/LI><br \/><LI>Plantas que han sufrido un shock<\/LI><\/UL><\/p>\n","protected":false},"featured_media":9778,"comment_status":"open","ping_status":"closed","template":"","meta":{"_bst_post_transparent":"","_bst_post_title":"","_bst_post_layout":"","_bst_post_sidebar_id":"","_bst_post_content_style":"","_bst_post_vertical_padding":"","_bst_post_feature":"","_bst_post_feature_position":"","_bst_post_header":false,"_bst_post_footer":false},"pwb-brand":[132],"product_brand":[],"product_cat":[39],"product_tag":[],"class_list":{"0":"post-9779","1":"product","2":"type-product","3":"status-publish","4":"has-post-thumbnail","6":"pwb-brand-canna","7":"product_cat-fertilizantes","9":"first","10":"instock","11":"sale","12":"taxable","13":"shipping-taxable","14":"purchasable","15":"product-type-simple","16":"entry","17":"content-bg","18":"loop-entry"},"brands":[{"id":132,"name":"Canna","slug":"canna"}],"_links":{"self":[{"href":"https:\/\/puregrowshop.com\/fr\/wp-json\/wp\/v2\/product\/9779","targetHints":{"allow":["GET"]}}],"collection":[{"href":"https:\/\/puregrowshop.com\/fr\/wp-json\/wp\/v2\/product"}],"about":[{"href":"https:\/\/puregrowshop.com\/fr\/wp-json\/wp\/v2\/types\/product"}],"replies":[{"embeddable":true,"href":"https:\/\/puregrowshop.com\/fr\/wp-json\/wp\/v2\/comments?post=9779"}],"wp:featuredmedia":[{"embeddable":true,"href":"https:\/\/puregrowshop.com\/fr\/wp-json\/wp\/v2\/media\/9778"}],"wp:attachment":[{"href":"https:\/\/puregrowshop.com\/fr\/wp-json\/wp\/v2\/media?parent=9779"}],"wp:term":[{"taxonomy":"pwb-brand","embeddable":true,"href":"https:\/\/puregrowshop.com\/fr\/wp-json\/wp\/v2\/pwb-brand?post=9779"},{"taxonomy":"product_brand","embeddable":true,"href":"https:\/\/puregrowshop.com\/fr\/wp-json\/wp\/v2\/product_brand?post=9779"},{"taxonomy":"product_cat","embeddable":true,"href":"https:\/\/puregrowshop.com\/fr\/wp-json\/wp\/v2\/product_cat?post=9779"},{"taxonomy":"product_tag","embeddable":true,"href":"https:\/\/puregrowshop.com\/fr\/wp-json\/wp\/v2\/product_tag?post=9779"}],"curies":[{"name":"wp","href":"https:\/\/api.w.org\/{rel}","templated":true}]}}