{"id":9767,"date":"2024-10-28T11:12:53","date_gmt":"2024-10-28T11:12:53","guid":{"rendered":"https:\/\/puregrowshop.com\/calmag-agent-1-lt-canna\/"},"modified":"2025-12-27T20:01:49","modified_gmt":"2025-12-27T20:01:49","slug":"calmag-agent-1-lt-canna","status":"publish","type":"product","link":"https:\/\/puregrowshop.com\/fr\/calmag-agent-1-lt-canna\/","title":{"rendered":"Calmag Agent 1 lt Canna"},"content":{"rendered":"<p>En respuesta a la demanda popular, CANNA ha dado a luz a CALMAG AGENT. Este producto puede ser utilizado para elevar el nivel de calcio y magnesio del agua clasificada como \u201cblanda\u201d, lo cual, a su vez, provocar\u00e1 el aumento de la EC de la misma. CALMAG AGENT mejorar\u00e1 la calidad de tu agua asegurando as\u00ed un crecimiento fuerte y sano para tus plantas.<\/p>\n<p>Ventajas de CALMAG AGENT:<br \/>   &#8211; Menos deficiencias<br \/>   &#8211; Aumento en la ingesta de nutrientes<br \/>   &#8211; Plantas m\u00e1s fuertes<br \/>   &#8211; Flores de mejor calidad<br \/>   &#8211; Altamente concentrado<br \/>   &#8211; Aumenta la EC del agua<br \/>   &#8211; Se necesitar\u00e1 un aporte menor de nutrientes<\/p>\n","protected":false},"excerpt":{"rendered":"<p>En respuesta a la demanda popular, CANNA ha dado a luz a CALMAG AGENT. Este producto puede ser utilizado para elevar el nivel de calcio y magnesio del agua clasificada como \u201cblanda\u201d, lo cual, a su vez, provocar\u00e1 el aumento de la EC de la misma. CALMAG AGENT mejorar\u00e1 la calidad de tu agua asegurando as\u00ed un crecimiento fuerte y sano para tus plantas.<\/p>\n","protected":false},"featured_media":9766,"comment_status":"open","ping_status":"closed","template":"","meta":{"_bst_post_transparent":"","_bst_post_title":"","_bst_post_layout":"","_bst_post_sidebar_id":"","_bst_post_content_style":"","_bst_post_vertical_padding":"","_bst_post_feature":"","_bst_post_feature_position":"","_bst_post_header":false,"_bst_post_footer":false},"pwb-brand":[132],"product_brand":[],"product_cat":[39],"product_tag":[],"class_list":{"0":"post-9767","1":"product","2":"type-product","3":"status-publish","4":"has-post-thumbnail","6":"pwb-brand-canna","7":"product_cat-fertilizantes","9":"first","10":"instock","11":"sale","12":"taxable","13":"shipping-taxable","14":"purchasable","15":"product-type-simple","16":"entry","17":"content-bg","18":"loop-entry"},"brands":[{"id":132,"name":"Canna","slug":"canna"}],"_links":{"self":[{"href":"https:\/\/puregrowshop.com\/fr\/wp-json\/wp\/v2\/product\/9767","targetHints":{"allow":["GET"]}}],"collection":[{"href":"https:\/\/puregrowshop.com\/fr\/wp-json\/wp\/v2\/product"}],"about":[{"href":"https:\/\/puregrowshop.com\/fr\/wp-json\/wp\/v2\/types\/product"}],"replies":[{"embeddable":true,"href":"https:\/\/puregrowshop.com\/fr\/wp-json\/wp\/v2\/comments?post=9767"}],"wp:featuredmedia":[{"embeddable":true,"href":"https:\/\/puregrowshop.com\/fr\/wp-json\/wp\/v2\/media\/9766"}],"wp:attachment":[{"href":"https:\/\/puregrowshop.com\/fr\/wp-json\/wp\/v2\/media?parent=9767"}],"wp:term":[{"taxonomy":"pwb-brand","embeddable":true,"href":"https:\/\/puregrowshop.com\/fr\/wp-json\/wp\/v2\/pwb-brand?post=9767"},{"taxonomy":"product_brand","embeddable":true,"href":"https:\/\/puregrowshop.com\/fr\/wp-json\/wp\/v2\/product_brand?post=9767"},{"taxonomy":"product_cat","embeddable":true,"href":"https:\/\/puregrowshop.com\/fr\/wp-json\/wp\/v2\/product_cat?post=9767"},{"taxonomy":"product_tag","embeddable":true,"href":"https:\/\/puregrowshop.com\/fr\/wp-json\/wp\/v2\/product_tag?post=9767"}],"curies":[{"name":"wp","href":"https:\/\/api.w.org\/{rel}","templated":true}]}}