{"id":9765,"date":"2024-10-28T11:12:53","date_gmt":"2024-10-28T11:12:53","guid":{"rendered":"https:\/\/puregrowshop.com\/bio-rhizotonic-10-lt-canna\/"},"modified":"2025-12-27T20:01:49","modified_gmt":"2025-12-27T20:01:49","slug":"bio-rhizotonic-10-lt-canna","status":"publish","type":"product","link":"https:\/\/puregrowshop.com\/fr\/bio-rhizotonic-10-lt-canna\/","title":{"rendered":"Bio Rhizotonic 10 lt. Canna"},"content":{"rendered":"<p>Bio Rhizotonic 10 lt. de Canna es un potenciador de ra\u00edces de alta calidad dise\u00f1ado para mejorar el crecimiento de las plantas y fortalecer su sistema radicular, asegurando un desarrollo \u00f3ptimo desde las etapas iniciales. Ideal para cultivadores que buscan maximizar el potencial de sus cultivos, este producto es esencial en cualquier r\u00e9gimen de fertilizaci\u00f3n.<\/p>\n<ul>\n<li>Volumen: 10 litros<\/li>\n<li>Peso: 5.5 kg<\/li>\n<li>Categor\u00eda: Fertilizantes<\/li>\n<li>Compatibilidad: Apto para todos los tipos de sustratos<\/li>\n<\/ul>\n<h4>Beneficios y Usos<\/h4>\n<p>Bio Rhizotonic estimula el desarrollo de ra\u00edces fuertes y saludables, lo que mejora la absorci\u00f3n de nutrientes y aumenta la resistencia de las plantas a enfermedades y estr\u00e9s ambiental. Este producto es especialmente \u00fatil tras el trasplante o en situaciones de recuperaci\u00f3n.<\/p>\n<p>Composici\u00f3n:<\/p>\n<p>Formulado con extractos de plantas y elementos minerales naturales, Bio Rhizotonic es un producto 100% natural que proporciona un entorno favorable para el desarrollo radicular.<\/p>\n<p>Instrucciones de uso y dosificaci\u00f3n:<\/p>\n<p>Agitar bien antes de usar. Mezclar 40 ml de Bio Rhizotonic por cada 10 litros de agua. Aplicar durante las primeras semanas del ciclo de crecimiento y cada vez que se realice un trasplante. Repetir 1-3 veces por semana hasta que las plantas muestren un desarrollo adecuado.<\/p>\n","protected":false},"excerpt":{"rendered":"<p>Es un estimulante radicular 100 % natural con certificado biol\u00f3gico (OMRI). Est\u00e1 compuesto por varias vitaminas, entre ellas, la vitamina B1 y B2. BioRhizotonic favorece el desarrollo del pelo radicular y de las puntas de la ra\u00edz, y aumenta la resistencia de la planta. Un sistema radicular fuerte permite que la planta pueda absorber m\u00e1s sustancias nutrientes y crezca con m\u00e1s rapidez. BioRhizotonic ejerce un visible efecto vitalizador en las plantas y arraigan m\u00e1s r\u00e1pidamente en el suelo. Adem\u00e1s, BioRhizotonic recupera y refuerza las plantas que parecen enfermas o en mal estado.<\/p>\n","protected":false},"featured_media":9764,"comment_status":"open","ping_status":"closed","template":"","meta":{"_bst_post_transparent":"","_bst_post_title":"","_bst_post_layout":"","_bst_post_sidebar_id":"","_bst_post_content_style":"","_bst_post_vertical_padding":"","_bst_post_feature":"","_bst_post_feature_position":"","_bst_post_header":false,"_bst_post_footer":false},"pwb-brand":[132],"product_brand":[],"product_cat":[39],"product_tag":[],"class_list":{"0":"post-9765","1":"product","2":"type-product","3":"status-publish","4":"has-post-thumbnail","6":"pwb-brand-canna","7":"product_cat-fertilizantes","9":"first","10":"instock","11":"sale","12":"taxable","13":"shipping-taxable","14":"purchasable","15":"product-type-simple","16":"entry","17":"content-bg","18":"loop-entry"},"brands":[{"id":132,"name":"Canna","slug":"canna"}],"_links":{"self":[{"href":"https:\/\/puregrowshop.com\/fr\/wp-json\/wp\/v2\/product\/9765","targetHints":{"allow":["GET"]}}],"collection":[{"href":"https:\/\/puregrowshop.com\/fr\/wp-json\/wp\/v2\/product"}],"about":[{"href":"https:\/\/puregrowshop.com\/fr\/wp-json\/wp\/v2\/types\/product"}],"replies":[{"embeddable":true,"href":"https:\/\/puregrowshop.com\/fr\/wp-json\/wp\/v2\/comments?post=9765"}],"wp:featuredmedia":[{"embeddable":true,"href":"https:\/\/puregrowshop.com\/fr\/wp-json\/wp\/v2\/media\/9764"}],"wp:attachment":[{"href":"https:\/\/puregrowshop.com\/fr\/wp-json\/wp\/v2\/media?parent=9765"}],"wp:term":[{"taxonomy":"pwb-brand","embeddable":true,"href":"https:\/\/puregrowshop.com\/fr\/wp-json\/wp\/v2\/pwb-brand?post=9765"},{"taxonomy":"product_brand","embeddable":true,"href":"https:\/\/puregrowshop.com\/fr\/wp-json\/wp\/v2\/product_brand?post=9765"},{"taxonomy":"product_cat","embeddable":true,"href":"https:\/\/puregrowshop.com\/fr\/wp-json\/wp\/v2\/product_cat?post=9765"},{"taxonomy":"product_tag","embeddable":true,"href":"https:\/\/puregrowshop.com\/fr\/wp-json\/wp\/v2\/product_tag?post=9765"}],"curies":[{"name":"wp","href":"https:\/\/api.w.org\/{rel}","templated":true}]}}