{"id":9763,"date":"2024-10-28T11:12:51","date_gmt":"2024-10-28T11:12:51","guid":{"rendered":"https:\/\/puregrowshop.com\/bio-boost-10-lt-canna\/"},"modified":"2025-12-27T20:01:49","modified_gmt":"2025-12-27T20:01:49","slug":"bio-boost-10-lt-canna","status":"publish","type":"product","link":"https:\/\/puregrowshop.com\/fr\/bio-boost-10-lt-canna\/","title":{"rendered":"Bio Boost 10 lt. Canna"},"content":{"rendered":"<p>Presentamos el Bio Boost 10 lt. de Canna, un fertilizante premium dise\u00f1ado para maximizar el potencial de tus plantas. Ideal para jardineros y cultivadores exigentes, este producto es la soluci\u00f3n perfecta para aquellos que buscan aumentar la calidad y el rendimiento de sus cultivos.<\/p>\n<ul>\n<li>Peso: 11 kg<\/li>\n<li>Categor\u00eda: Fertilizantes<\/li>\n<li>Capacidad: 10 litros<\/li>\n<\/ul>\n<p>El Bio Boost de Canna act\u00faa como un estimulante natural, mejorando el metabolismo de las plantas para una floraci\u00f3n m\u00e1s abundante y vigorosa. Aumenta la resistencia a enfermedades y factores de estr\u00e9s, resultando en plantas m\u00e1s saludables y productivas. Su uso regular puede incrementar la calidad de cosechas, aportando un sabor y aroma m\u00e1s intensos.<\/p>\n<p>Composici\u00f3n: Formulado con extractos vegetales y componentes naturales cuidadosamente seleccionados, el Bio Boost es 100% org\u00e1nico, asegurando un crecimiento sostenible y respetuoso con el medio ambiente.<\/p>\n<p>Instrucciones de uso y dosificaci\u00f3n: Agitar bien antes de usar. Diluir 20 ml de Bio Boost en 10 litros de agua. Aplicar a cada planta con regularidad durante la fase de floraci\u00f3n para obtener los mejores resultados. Ajustar la dosis seg\u00fan las necesidades espec\u00edficas del cultivo para optimizar el rendimiento.<\/p>\n","protected":false},"excerpt":{"rendered":"<p>Tras a\u00f1os de investigaci\u00f3n, Canna ha conseguido desarrollar un proceso de fermentaci\u00f3n 100 % controlado. De esta forma es posible obtener un producto constante con una composici\u00f3n mineral correcta y exacta para producir ingredientes org\u00e1nicos. Los componentes de BioBoost son directamente absorbibles, estimulan el metabolismo y la resistencia de las plantas; adem\u00e1s mejora la calidad del suelo y la biodiversidad. Este aditivo mejora el rendimiento de cada sistema de cultivo y se puede aplicar en combinaci\u00f3n con todas las l\u00edneas de nutrientes y aditivos de Canna. BioBoost no es un fertilizante, sino un extracto de plantas fermentadas con caracter\u00edsticas estimulantes de floraci\u00f3n que son, adem\u00e1s, responsables de un sabor m\u00e1s intenso.<\/p>\n","protected":false},"featured_media":9762,"comment_status":"open","ping_status":"closed","template":"","meta":{"_bst_post_transparent":"","_bst_post_title":"","_bst_post_layout":"","_bst_post_sidebar_id":"","_bst_post_content_style":"","_bst_post_vertical_padding":"","_bst_post_feature":"","_bst_post_feature_position":"","_bst_post_header":false,"_bst_post_footer":false},"pwb-brand":[132],"product_brand":[],"product_cat":[39],"product_tag":[],"class_list":{"0":"post-9763","1":"product","2":"type-product","3":"status-publish","4":"has-post-thumbnail","6":"pwb-brand-canna","7":"product_cat-fertilizantes","8":"product_shipping_class-entre-10-kg-y-20-kg","10":"first","11":"instock","12":"sale","13":"taxable","14":"shipping-taxable","15":"purchasable","16":"product-type-simple","17":"entry","18":"content-bg","19":"loop-entry"},"brands":[{"id":132,"name":"Canna","slug":"canna"}],"_links":{"self":[{"href":"https:\/\/puregrowshop.com\/fr\/wp-json\/wp\/v2\/product\/9763","targetHints":{"allow":["GET"]}}],"collection":[{"href":"https:\/\/puregrowshop.com\/fr\/wp-json\/wp\/v2\/product"}],"about":[{"href":"https:\/\/puregrowshop.com\/fr\/wp-json\/wp\/v2\/types\/product"}],"replies":[{"embeddable":true,"href":"https:\/\/puregrowshop.com\/fr\/wp-json\/wp\/v2\/comments?post=9763"}],"wp:featuredmedia":[{"embeddable":true,"href":"https:\/\/puregrowshop.com\/fr\/wp-json\/wp\/v2\/media\/9762"}],"wp:attachment":[{"href":"https:\/\/puregrowshop.com\/fr\/wp-json\/wp\/v2\/media?parent=9763"}],"wp:term":[{"taxonomy":"pwb-brand","embeddable":true,"href":"https:\/\/puregrowshop.com\/fr\/wp-json\/wp\/v2\/pwb-brand?post=9763"},{"taxonomy":"product_brand","embeddable":true,"href":"https:\/\/puregrowshop.com\/fr\/wp-json\/wp\/v2\/product_brand?post=9763"},{"taxonomy":"product_cat","embeddable":true,"href":"https:\/\/puregrowshop.com\/fr\/wp-json\/wp\/v2\/product_cat?post=9763"},{"taxonomy":"product_tag","embeddable":true,"href":"https:\/\/puregrowshop.com\/fr\/wp-json\/wp\/v2\/product_tag?post=9763"}],"curies":[{"name":"wp","href":"https:\/\/api.w.org\/{rel}","templated":true}]}}