{"id":9761,"date":"2024-10-28T11:12:51","date_gmt":"2024-10-28T11:12:51","guid":{"rendered":"https:\/\/puregrowshop.com\/canna-start-5-lt-canna\/"},"modified":"2025-12-27T20:01:41","modified_gmt":"2025-12-27T20:01:41","slug":"canna-start-5-lt-canna","status":"publish","type":"product","link":"https:\/\/puregrowshop.com\/fr\/canna-start-5-lt-canna\/","title":{"rendered":"Canna Start 5 lt. Canna"},"content":{"rendered":"<p>Ventajas de CANNA Start:<\/p>\n<p>Solo se necesita una botella. CANNA Start es un nutriente completo, un \u201ctodo en uno\u201d. Todos los elementos necesarios est\u00e1n concentrados en una misma botella (no son necesarias versiones A y B).<\/p>\n<p>CANNA Start funciona a la perfecci\u00f3n con todos los otros nutrientes de CANNA. Una vez los esquejes han sido transplantados en el medio de cultivo final, solo tienes que cambiar de CANNA Start al nutriente de CANNA (Vega) adecuado para el medio que est\u00e9s utilizando (CANNA TERRA, COCO, HYDRO o AQUA) para el resto del ciclo. Resulta una combinaci\u00f3n especialmente buena la de CANNA Start con CANNA RHIZOTONIC, ya que tus plantas desarrollar\u00e1n unas ra\u00edces m\u00e1s fuertes y robustas.<\/p>\n<p>Reduce el riesgo de sobrealimentaci\u00f3n. Las necesidades de los esquejes y los semilleros difieren de aquellas de las plantas ya establecidas. Un nutriente normal para el estado vegetativo no es adecuado para los esquejes o los semilleros porque corres el riesgo de sobrealimentarlos.<\/p>\n<p>Reduce el riesgo de que la planta se amarillee. Diluir un nutriente vegetal para esquejes y semilleros no es la respuesta. Tal soluci\u00f3n no contiene suficientes micro y macroelementos, lo que da lugar al amarilleo de la planta; no es un buen comienzo para tu cosecha. Para conseguir plantas fuertes y sanas hay que hacer las cosas bien desde un principio, y, para ello, CANNA ha desarrollado CANNA Start, que aporta la proporci\u00f3n exacta de todos los elementos nutricionales para esquejes y semilleros.<\/p>\n","protected":false},"excerpt":{"rendered":"<p>CANNA Start es un fertilizante equilibrado y profesional de un solo componente para semillas y esquejes (plantas con ra\u00edz). CANNA Start se puede usar con diferentes sustratos como CANNA Terra Seedmix, lana de roca, Jiffy, Fleximix, RootRiot y muchos m\u00e1s. CANNA Start ofrece todos los micro y macro elementos nutricionales para los semilleros o los esquejes, para poder desarrollar una planta sana y fuerte.<\/p>\n<p>Tambi\u00e9n disponible en <a href='http:\/\/www.gardenseedstrading.com\/index.php?page=articulo&#038;cod=CSTA'>formato de 1 lt.<\/a><\/p>\n","protected":false},"featured_media":9760,"comment_status":"open","ping_status":"closed","template":"","meta":{"_bst_post_transparent":"","_bst_post_title":"","_bst_post_layout":"","_bst_post_sidebar_id":"","_bst_post_content_style":"","_bst_post_vertical_padding":"","_bst_post_feature":"","_bst_post_feature_position":"","_bst_post_header":false,"_bst_post_footer":false},"pwb-brand":[132],"product_brand":[],"product_cat":[39],"product_tag":[],"class_list":{"0":"post-9761","1":"product","2":"type-product","3":"status-publish","4":"has-post-thumbnail","6":"pwb-brand-canna","7":"product_cat-fertilizantes","9":"first","10":"instock","11":"sale","12":"taxable","13":"shipping-taxable","14":"purchasable","15":"product-type-simple","16":"entry","17":"content-bg","18":"loop-entry"},"brands":[{"id":132,"name":"Canna","slug":"canna"}],"_links":{"self":[{"href":"https:\/\/puregrowshop.com\/fr\/wp-json\/wp\/v2\/product\/9761","targetHints":{"allow":["GET"]}}],"collection":[{"href":"https:\/\/puregrowshop.com\/fr\/wp-json\/wp\/v2\/product"}],"about":[{"href":"https:\/\/puregrowshop.com\/fr\/wp-json\/wp\/v2\/types\/product"}],"replies":[{"embeddable":true,"href":"https:\/\/puregrowshop.com\/fr\/wp-json\/wp\/v2\/comments?post=9761"}],"wp:featuredmedia":[{"embeddable":true,"href":"https:\/\/puregrowshop.com\/fr\/wp-json\/wp\/v2\/media\/9760"}],"wp:attachment":[{"href":"https:\/\/puregrowshop.com\/fr\/wp-json\/wp\/v2\/media?parent=9761"}],"wp:term":[{"taxonomy":"pwb-brand","embeddable":true,"href":"https:\/\/puregrowshop.com\/fr\/wp-json\/wp\/v2\/pwb-brand?post=9761"},{"taxonomy":"product_brand","embeddable":true,"href":"https:\/\/puregrowshop.com\/fr\/wp-json\/wp\/v2\/product_brand?post=9761"},{"taxonomy":"product_cat","embeddable":true,"href":"https:\/\/puregrowshop.com\/fr\/wp-json\/wp\/v2\/product_cat?post=9761"},{"taxonomy":"product_tag","embeddable":true,"href":"https:\/\/puregrowshop.com\/fr\/wp-json\/wp\/v2\/product_tag?post=9761"}],"curies":[{"name":"wp","href":"https:\/\/api.w.org\/{rel}","templated":true}]}}