{"id":9759,"date":"2024-10-28T11:12:50","date_gmt":"2024-10-28T11:12:50","guid":{"rendered":"https:\/\/puregrowshop.com\/canna-coco-b-20-lt-canna\/"},"modified":"2026-01-13T09:23:27","modified_gmt":"2026-01-13T09:23:27","slug":"canna-coco-b-20-lt-canna","status":"publish","type":"product","link":"https:\/\/puregrowshop.com\/fr\/canna-coco-b-20-lt-canna\/","title":{"rendered":"Canna Coco B &#8211; 20 lt. Canna"},"content":{"rendered":"<p>Presentamos el &quot;Canna Coco B &#8211; 20 lt.&quot;, un fertilizante de alta calidad dise\u00f1ado espec\u00edficamente para maximizar el crecimiento y la floraci\u00f3n de sus plantas cultivadas en sustrato de coco. Este producto es parte esencial del sistema de nutrientes Canna Coco, reconocido por su eficacia en el cultivo profesional.<\/p>\n<ul>\n<li>Volumen: 20 litros<\/li>\n<li>Peso: 21 kg<\/li>\n<li>Categor\u00eda: Fertilizantes<\/li>\n<li>Uso: Cultivo en sustrato de coco<\/li>\n<li>Parte del sistema de nutrientes Canna Coco<\/li>\n<\/ul>\n<p>El &quot;Canna Coco B&quot; ofrece una mezcla equilibrada de nutrientes esenciales que promueven un desarrollo saludable de las ra\u00edces y un crecimiento vigoroso de las plantas. Su f\u00f3rmula avanzada asegura que sus plantas reciban los elementos necesarios para una floraci\u00f3n abundante y de alta calidad, optimizando as\u00ed el rendimiento de su cosecha.<\/p>\n<p>Composici\u00f3n: El &quot;Canna Coco B&quot; contiene una mezcla precisa de micro y macronutrientes que complementan el sustrato de coco, incluyendo calcio, nitr\u00f3geno, y otros elementos esenciales.<\/p>\n<p>Instrucciones de uso: Mezcle en partes iguales con &quot;Canna Coco A&quot; para obtener los mejores resultados. Utilice 4 ml por litro de agua durante toda la fase de crecimiento y floraci\u00f3n. Aseg\u00farese de ajustar el pH del agua entre 5.5 y 6.2 para un rendimiento \u00f3ptimo. Use este producto junto con el resto de la l\u00ednea Canna Coco para asegurar una nutrici\u00f3n completa y equilibrada de sus plantas.<\/p>\n","protected":false},"excerpt":{"rendered":"<p><P>Tras varios a\u00f1os de investigaciones con an\u00e1lisis de suelos, drenaje y hojas, CANNA ha logrado ser el primero en desarrollar un fertilizante que est\u00e1 espec\u00edficamente adaptado a las caracter\u00edsticas de los sustratos de cocos. CANNA Coco A y B est\u00e1 compuesto de minerales de valor a\u00f1adido y, adem\u00e1s contiene quelatos naturales, \u00e1cidos h\u00famicos y f\u00falvicos que permiten que la planta absorba nutrientes de forma \u00f3ptima.<\/P><br \/><P>Cultivadores de todo el mundo se han mostrado entusiastas durante a\u00f1os con el crecimiento explosivo y la floraci\u00f3n profusa de CANNA Coco. Gracias a las exclusivas cualidades amortiguadoras del medio Coco, CANNA Coco A y B se usa para las fases de crecimiento y floraci\u00f3n.<\/P><\/p>\n","protected":false},"featured_media":9758,"comment_status":"open","ping_status":"closed","template":"","meta":{"_bst_post_transparent":"","_bst_post_title":"","_bst_post_layout":"","_bst_post_sidebar_id":"","_bst_post_content_style":"","_bst_post_vertical_padding":"","_bst_post_feature":"","_bst_post_feature_position":"","_bst_post_header":false,"_bst_post_footer":false},"pwb-brand":[132],"product_brand":[],"product_cat":[39],"product_tag":[],"class_list":{"0":"post-9759","1":"product","2":"type-product","3":"status-publish","4":"has-post-thumbnail","6":"pwb-brand-canna","7":"product_cat-fertilizantes","9":"first","10":"instock","11":"sale","12":"taxable","13":"shipping-taxable","14":"purchasable","15":"product-type-simple","16":"entry","17":"content-bg","18":"loop-entry"},"brands":[{"id":132,"name":"Canna","slug":"canna"}],"_links":{"self":[{"href":"https:\/\/puregrowshop.com\/fr\/wp-json\/wp\/v2\/product\/9759","targetHints":{"allow":["GET"]}}],"collection":[{"href":"https:\/\/puregrowshop.com\/fr\/wp-json\/wp\/v2\/product"}],"about":[{"href":"https:\/\/puregrowshop.com\/fr\/wp-json\/wp\/v2\/types\/product"}],"replies":[{"embeddable":true,"href":"https:\/\/puregrowshop.com\/fr\/wp-json\/wp\/v2\/comments?post=9759"}],"wp:featuredmedia":[{"embeddable":true,"href":"https:\/\/puregrowshop.com\/fr\/wp-json\/wp\/v2\/media\/9758"}],"wp:attachment":[{"href":"https:\/\/puregrowshop.com\/fr\/wp-json\/wp\/v2\/media?parent=9759"}],"wp:term":[{"taxonomy":"pwb-brand","embeddable":true,"href":"https:\/\/puregrowshop.com\/fr\/wp-json\/wp\/v2\/pwb-brand?post=9759"},{"taxonomy":"product_brand","embeddable":true,"href":"https:\/\/puregrowshop.com\/fr\/wp-json\/wp\/v2\/product_brand?post=9759"},{"taxonomy":"product_cat","embeddable":true,"href":"https:\/\/puregrowshop.com\/fr\/wp-json\/wp\/v2\/product_cat?post=9759"},{"taxonomy":"product_tag","embeddable":true,"href":"https:\/\/puregrowshop.com\/fr\/wp-json\/wp\/v2\/product_tag?post=9759"}],"curies":[{"name":"wp","href":"https:\/\/api.w.org\/{rel}","templated":true}]}}