{"id":9755,"date":"2024-10-28T11:12:49","date_gmt":"2024-10-28T11:12:49","guid":{"rendered":"https:\/\/puregrowshop.com\/terra-flores-20-lt-canna\/"},"modified":"2025-12-27T20:01:41","modified_gmt":"2025-12-27T20:01:41","slug":"terra-flores-20-lt-canna","status":"publish","type":"product","link":"https:\/\/puregrowshop.com\/fr\/terra-flores-20-lt-canna\/","title":{"rendered":"Terra Flores 20 lt. Canna"},"content":{"rendered":"<p>Presentamos el fertilizante &quot;Terra Flores 20 lt. Canna&quot;, la soluci\u00f3n ideal para aquellos que buscan maximizar el potencial de sus plantas en la fase de floraci\u00f3n. Especialmente formulado para proporcionar una nutrici\u00f3n \u00f3ptima, Terra Flores es esencial para obtener flores y frutos de la m\u00e1s alta calidad.<\/p>\n<ul>\n<li>Volumen: 20 litros<\/li>\n<li>Peso: 21 kg<\/li>\n<li>Categor\u00eda: Fertilizantes<\/li>\n<li>Compatible con sistemas hidrop\u00f3nicos y de tierra<\/li>\n<\/ul>\n<p>Este fertilizante altamente especializado garantiza que tus plantas reciban todos los nutrientes esenciales necesarios para un crecimiento saludable y una floraci\u00f3n exuberante. Al usar Terra Flores, experimentar\u00e1s un aumento en la producci\u00f3n de aceites esenciales y aroma, potenciando as\u00ed la calidad de tus cultivos.<\/p>\n<p>Composici\u00f3n: Elaborado con nutrientes de alta calidad, contiene una mezcla equilibrada de nitr\u00f3geno, f\u00f3sforo, potasio y oligoelementos, esenciales para la fase de floraci\u00f3n.<\/p>\n<p>Instrucciones de uso y dosificaci\u00f3n: Agitar bien antes de usar. Para obtener resultados \u00f3ptimos, mezclar 5 ml de Terra Flores por cada litro de agua. Aplicar la soluci\u00f3n nutritiva de 1 a 3 veces por semana, dependiendo de las necesidades de las plantas y las condiciones del cultivo.<\/p>\n<p>Con Terra Flores 20 lt. Canna, proporciona a tus plantas la nutrici\u00f3n que merecen para florecer en todo su esplendor.<\/p>\n","protected":false},"excerpt":{"rendered":"<p>La gama de nutrientes de CANNA Terra se ha desarrollado para el cultivo tanto en interior como en exterior. Los nutrientes CANNA Terra deber\u00edan usarse en combinaci\u00f3n con CANNA Terra Professional y CANNA Terra Professional Plus para resultados \u00f3ptimos.<BR><BR>CANNA Terra fue el primer nutriente en el mercado que se desarroll\u00f3 para el cultivo en suelo. CANNA Terra no tiene parang\u00f3n, gracias a su f\u00f3rmula Terra revolucionaria y los elevados est\u00e1ndares que CANNA establece durante la producci\u00f3n.<BR><BR>Los fertilizantes CANNA tienen un efecto biotropical. Se absorben por el sistema de la planta de forma natural. CANNA Terra garantiza un equilibrio \u00f3ptimo en las c\u00e9lulas de la planta, adem\u00e1s aumenta la resistencia. En comparaci\u00f3n con otros fertilizantes, los productos de Terra se absorben r\u00e1pidamente. Esto es importante para plantas de r\u00e1pido crecimiento como el cannabis ya que las fases de desarrollo se suceden muy r\u00e1pidamente. Este elevado grado de asborbibilidad significa que la planta tan s\u00f3lo debe dedicar un poco de energ\u00eda a este proceso, y por tanto puede centrarse completamente en el crecimiento y la floraci\u00f3n.<\/p>\n","protected":false},"featured_media":9754,"comment_status":"open","ping_status":"closed","template":"","meta":{"_bst_post_transparent":"","_bst_post_title":"","_bst_post_layout":"","_bst_post_sidebar_id":"","_bst_post_content_style":"","_bst_post_vertical_padding":"","_bst_post_feature":"","_bst_post_feature_position":"","_bst_post_header":false,"_bst_post_footer":false},"pwb-brand":[132],"product_brand":[],"product_cat":[39],"product_tag":[],"class_list":{"0":"post-9755","1":"product","2":"type-product","3":"status-publish","4":"has-post-thumbnail","6":"pwb-brand-canna","7":"product_cat-fertilizantes","9":"first","10":"instock","11":"sale","12":"taxable","13":"shipping-taxable","14":"purchasable","15":"product-type-simple","16":"entry","17":"content-bg","18":"loop-entry"},"brands":[{"id":132,"name":"Canna","slug":"canna"}],"_links":{"self":[{"href":"https:\/\/puregrowshop.com\/fr\/wp-json\/wp\/v2\/product\/9755","targetHints":{"allow":["GET"]}}],"collection":[{"href":"https:\/\/puregrowshop.com\/fr\/wp-json\/wp\/v2\/product"}],"about":[{"href":"https:\/\/puregrowshop.com\/fr\/wp-json\/wp\/v2\/types\/product"}],"replies":[{"embeddable":true,"href":"https:\/\/puregrowshop.com\/fr\/wp-json\/wp\/v2\/comments?post=9755"}],"wp:featuredmedia":[{"embeddable":true,"href":"https:\/\/puregrowshop.com\/fr\/wp-json\/wp\/v2\/media\/9754"}],"wp:attachment":[{"href":"https:\/\/puregrowshop.com\/fr\/wp-json\/wp\/v2\/media?parent=9755"}],"wp:term":[{"taxonomy":"pwb-brand","embeddable":true,"href":"https:\/\/puregrowshop.com\/fr\/wp-json\/wp\/v2\/pwb-brand?post=9755"},{"taxonomy":"product_brand","embeddable":true,"href":"https:\/\/puregrowshop.com\/fr\/wp-json\/wp\/v2\/product_brand?post=9755"},{"taxonomy":"product_cat","embeddable":true,"href":"https:\/\/puregrowshop.com\/fr\/wp-json\/wp\/v2\/product_cat?post=9755"},{"taxonomy":"product_tag","embeddable":true,"href":"https:\/\/puregrowshop.com\/fr\/wp-json\/wp\/v2\/product_tag?post=9755"}],"curies":[{"name":"wp","href":"https:\/\/api.w.org\/{rel}","templated":true}]}}