{"id":9747,"date":"2024-10-28T11:12:48","date_gmt":"2024-10-28T11:12:48","guid":{"rendered":"https:\/\/puregrowshop.com\/tracemix-1-lt-canna\/"},"modified":"2025-12-27T20:01:41","modified_gmt":"2025-12-27T20:01:41","slug":"tracemix-1-lt-canna","status":"publish","type":"product","link":"https:\/\/puregrowshop.com\/fr\/tracemix-1-lt-canna\/","title":{"rendered":"Tracemix 1 lt. Canna"},"content":{"rendered":"<p>Presentamos Tracemix 1 lt. de Canna, un fertilizante de alta calidad dise\u00f1ado para proporcionar una nutrici\u00f3n equilibrada y completa a tus plantas. Ideal para cultivadores que buscan optimizar el crecimiento y la salud de sus cultivos, Tracemix es la soluci\u00f3n perfecta para asegurar que tus plantas reciban todos los micronutrientes esenciales.<\/p>\n<ul>\n<li>Peso neto: 1 litro<\/li>\n<li>Categor\u00eda: Fertilizantes<\/li>\n<li>Alta concentraci\u00f3n de oligoelementos esenciales<\/li>\n<li>Compatible con diversos m\u00e9todos de cultivo<\/li>\n<\/ul>\n<p>Tracemix de Canna est\u00e1 formulado para corregir deficiencias de micronutrientes, mejorando la salud general y el vigor de las plantas. Su aplicaci\u00f3n regular asegura un crecimiento \u00f3ptimo y un desarrollo robusto, permitiendo que las plantas alcancen su m\u00e1ximo potencial.<\/p>\n<p>Composici\u00f3n: Tracemix incluye elementos esenciales como hierro, manganeso, zinc, boro, cobre, molibdeno, y cobalto, cada uno en proporciones cuidadosamente equilibradas para maximizar la absorci\u00f3n.<\/p>\n<p>Instrucciones de uso: Agitar bien antes de usar. Mezclar 1 ml de Tracemix por 1 litro de agua. Aplicar durante la fase de crecimiento y floraci\u00f3n, una vez a la semana. Ajuste la dosis seg\u00fan las necesidades espec\u00edficas de sus plantas y condiciones de cultivo. Para obtener los mejores resultados, utilice en combinaci\u00f3n con otros productos de la l\u00ednea Canna.<\/p>\n","protected":false},"excerpt":{"rendered":"<p><P>TRACE MIX de CANNA consiste en varios oligoelementos que son indispensables para la planta. Estos oligoelementos son utilizados por varios sistemas de encimas e influyen por ello el desarrollo de la planta.<\/P><br \/><P>TRACE MIX es un fertilizante mineral que es altamente apropiado como sustancia suplementaria para el est\u00edmulo de la fase de crecimiento y floraci\u00f3n. Adem\u00e1s puede servir para reducir la falta de oligoelementos.<\/P><\/p>\n","protected":false},"featured_media":9746,"comment_status":"open","ping_status":"closed","template":"","meta":{"_bst_post_transparent":"","_bst_post_title":"","_bst_post_layout":"","_bst_post_sidebar_id":"","_bst_post_content_style":"","_bst_post_vertical_padding":"","_bst_post_feature":"","_bst_post_feature_position":"","_bst_post_header":false,"_bst_post_footer":false},"pwb-brand":[132],"product_brand":[],"product_cat":[39],"product_tag":[],"class_list":{"0":"post-9747","1":"product","2":"type-product","3":"status-publish","4":"has-post-thumbnail","6":"pwb-brand-canna","7":"product_cat-fertilizantes","9":"first","10":"instock","11":"sale","12":"taxable","13":"shipping-taxable","14":"purchasable","15":"product-type-simple","16":"entry","17":"content-bg","18":"loop-entry"},"brands":[{"id":132,"name":"Canna","slug":"canna"}],"_links":{"self":[{"href":"https:\/\/puregrowshop.com\/fr\/wp-json\/wp\/v2\/product\/9747","targetHints":{"allow":["GET"]}}],"collection":[{"href":"https:\/\/puregrowshop.com\/fr\/wp-json\/wp\/v2\/product"}],"about":[{"href":"https:\/\/puregrowshop.com\/fr\/wp-json\/wp\/v2\/types\/product"}],"replies":[{"embeddable":true,"href":"https:\/\/puregrowshop.com\/fr\/wp-json\/wp\/v2\/comments?post=9747"}],"wp:featuredmedia":[{"embeddable":true,"href":"https:\/\/puregrowshop.com\/fr\/wp-json\/wp\/v2\/media\/9746"}],"wp:attachment":[{"href":"https:\/\/puregrowshop.com\/fr\/wp-json\/wp\/v2\/media?parent=9747"}],"wp:term":[{"taxonomy":"pwb-brand","embeddable":true,"href":"https:\/\/puregrowshop.com\/fr\/wp-json\/wp\/v2\/pwb-brand?post=9747"},{"taxonomy":"product_brand","embeddable":true,"href":"https:\/\/puregrowshop.com\/fr\/wp-json\/wp\/v2\/product_brand?post=9747"},{"taxonomy":"product_cat","embeddable":true,"href":"https:\/\/puregrowshop.com\/fr\/wp-json\/wp\/v2\/product_cat?post=9747"},{"taxonomy":"product_tag","embeddable":true,"href":"https:\/\/puregrowshop.com\/fr\/wp-json\/wp\/v2\/product_tag?post=9747"}],"curies":[{"name":"wp","href":"https:\/\/api.w.org\/{rel}","templated":true}]}}