{"id":9735,"date":"2024-10-28T11:12:46","date_gmt":"2024-10-28T11:12:46","guid":{"rendered":"https:\/\/puregrowshop.com\/pk-13-14-10-lt-canna\/"},"modified":"2025-12-27T20:01:32","modified_gmt":"2025-12-27T20:01:32","slug":"pk-13-14-10-lt-canna","status":"publish","type":"product","link":"https:\/\/puregrowshop.com\/fr\/pk-13-14-10-lt-canna\/","title":{"rendered":"PK 13\/14 &#8211; 10 lt. Canna"},"content":{"rendered":"<p>Presentamos el PK 13\/14 de 10 litros de Canna, un fertilizante esencial para cultivadores que buscan maximizar el potencial de sus plantas durante la fase de floraci\u00f3n. Este producto est\u00e1 dise\u00f1ado para proporcionar un impulso concentrado de f\u00f3sforo y potasio, elementos cr\u00edticos para el desarrollo de flores grandes y compactas.<\/p>\n<ul>\n<li>Peso: 13 kg<\/li>\n<li>Categor\u00eda: Fertilizantes<\/li>\n<li>Formato: L\u00edquido<\/li>\n<li>Volumen: 10 litros<\/li>\n<\/ul>\n<p>Beneficios y Usos: El uso de PK 13\/14 resulta en un incremento notable en la producci\u00f3n de flores, mejorando tanto el tama\u00f1o como la calidad. Este fertilizante promueve la formaci\u00f3n de c\u00e9lulas m\u00e1s robustas y una mayor resistencia, asegurando cosechas m\u00e1s abundantes y vigorosas. Ideal para cultivadores que desean optimizar el rendimiento de sus plantas.<\/p>\n<p>Composici\u00f3n: Contiene una alta concentraci\u00f3n de f\u00f3sforo y potasio, elementos esenciales que act\u00faan en sinergia para potenciar el desarrollo floral.<\/p>\n<p>Instrucciones de Uso y Dosificaci\u00f3n: A\u00f1adir PK 13\/14 al agua de riego durante 3 a 4 semanas, comenzando en la segunda mitad de la fase de floraci\u00f3n. Mezclar 1.5 ml de PK 13\/14 por litro de agua. Ajustar seg\u00fan las necesidades espec\u00edficas de la planta y el entorno de cultivo. Agitar bien antes de usar y almacenar en un lugar fresco y oscuro para mantener su efectividad.<\/p>\n","protected":false},"excerpt":{"rendered":"<p><P>PK 13\/14 es un potente estimulante de la floraci\u00f3n que te sorprender\u00e1. Se trata de una f\u00f3rmula extremadamente concentrada que contiene una mezcla cuidadosamente equilibrada e integrada de compuestos puros de potasio y f\u00f3sforo para conseguir los mejores resultados de floraci\u00f3n. Esta exclusiva combinaci\u00f3n de compuestos puede considerarse un potente inductor de la floraci\u00f3n que desarrolla yemas de m\u00e1s peso, m\u00e1s prietas y m\u00e1s dulces, de una forma extremadamente r\u00e1pida.<\/P><br \/><P>Cultivadores profesionales de todo el mundo han comprobado que PK 13\/14 incrementa el peso de las cosechas de flores de forma significativa, una y otra vez.<\/P><br \/><P>A diferencia de los productos de potasa de calidad inferior, PK 13\/14 cuenta con una composici\u00f3n garantizada de un 13% de P205 y un 14% de K20. PK 13\/14 es \u00fanico, absolutamente seguro, f\u00e1cil de utilizar e incre\u00edblemente efectivo.<\/P><br \/><P>PK 13\/14 no es un nutriente. Es un aditivo. Un producto de eficacia demostrada que deber\u00edan utilizar todos los cultivadores.<\/P><\/p>\n","protected":false},"featured_media":9734,"comment_status":"open","ping_status":"closed","template":"","meta":{"_bst_post_transparent":"","_bst_post_title":"","_bst_post_layout":"","_bst_post_sidebar_id":"","_bst_post_content_style":"","_bst_post_vertical_padding":"","_bst_post_feature":"","_bst_post_feature_position":"","_bst_post_header":false,"_bst_post_footer":false},"pwb-brand":[132],"product_brand":[],"product_cat":[39],"product_tag":[],"class_list":{"0":"post-9735","1":"product","2":"type-product","3":"status-publish","4":"has-post-thumbnail","6":"pwb-brand-canna","7":"product_cat-fertilizantes","8":"product_shipping_class-entre-10-kg-y-20-kg","10":"first","11":"instock","12":"sale","13":"taxable","14":"shipping-taxable","15":"purchasable","16":"product-type-simple","17":"entry","18":"content-bg","19":"loop-entry"},"brands":[{"id":132,"name":"Canna","slug":"canna"}],"_links":{"self":[{"href":"https:\/\/puregrowshop.com\/fr\/wp-json\/wp\/v2\/product\/9735","targetHints":{"allow":["GET"]}}],"collection":[{"href":"https:\/\/puregrowshop.com\/fr\/wp-json\/wp\/v2\/product"}],"about":[{"href":"https:\/\/puregrowshop.com\/fr\/wp-json\/wp\/v2\/types\/product"}],"replies":[{"embeddable":true,"href":"https:\/\/puregrowshop.com\/fr\/wp-json\/wp\/v2\/comments?post=9735"}],"wp:featuredmedia":[{"embeddable":true,"href":"https:\/\/puregrowshop.com\/fr\/wp-json\/wp\/v2\/media\/9734"}],"wp:attachment":[{"href":"https:\/\/puregrowshop.com\/fr\/wp-json\/wp\/v2\/media?parent=9735"}],"wp:term":[{"taxonomy":"pwb-brand","embeddable":true,"href":"https:\/\/puregrowshop.com\/fr\/wp-json\/wp\/v2\/pwb-brand?post=9735"},{"taxonomy":"product_brand","embeddable":true,"href":"https:\/\/puregrowshop.com\/fr\/wp-json\/wp\/v2\/product_brand?post=9735"},{"taxonomy":"product_cat","embeddable":true,"href":"https:\/\/puregrowshop.com\/fr\/wp-json\/wp\/v2\/product_cat?post=9735"},{"taxonomy":"product_tag","embeddable":true,"href":"https:\/\/puregrowshop.com\/fr\/wp-json\/wp\/v2\/product_tag?post=9735"}],"curies":[{"name":"wp","href":"https:\/\/api.w.org\/{rel}","templated":true}]}}