{"id":9733,"date":"2024-10-28T11:12:46","date_gmt":"2024-10-28T11:12:46","guid":{"rendered":"https:\/\/puregrowshop.com\/cannazym-10-lt-canna\/"},"modified":"2025-12-27T20:01:32","modified_gmt":"2025-12-27T20:01:32","slug":"cannazym-10-lt-canna","status":"publish","type":"product","link":"https:\/\/puregrowshop.com\/fr\/cannazym-10-lt-canna\/","title":{"rendered":"Cannazym 10 lt. Canna"},"content":{"rendered":"<p>Presentamos el Cannazym 10 lt. de Canna, un fertilizante especializado dise\u00f1ado para mejorar la salud y el vigor de sus plantas. Ideal para cultivadores que buscan maximizar el rendimiento y la calidad de sus cosechas, este producto asegura un crecimiento \u00f3ptimo al descomponer eficientemente los restos de ra\u00edces.<\/p>\n<ul>\n<li>Contenido: 10 litros<\/li>\n<li>Peso: 11 kg<\/li>\n<li>Categor\u00eda: Fertilizantes<\/li>\n<li>Enzimas activas que facilitan la descomposici\u00f3n de materia org\u00e1nica<\/li>\n<li>Compatible con todos los sustratos y sistemas de cultivo<\/li>\n<\/ul>\n<p>El uso de Cannazym ofrece m\u00faltiples beneficios, entre ellos, la mejora en la absorci\u00f3n de nutrientes y la estimulaci\u00f3n del crecimiento de ra\u00edces nuevas y saludables. Adem\u00e1s, previene la formaci\u00f3n de pat\u00f3genos al eliminar los restos org\u00e1nicos, creando un ambiente m\u00e1s seguro para sus plantas.<\/p>\n<p>Este fertilizante se compone principalmente de enzimas naturales que catalizan la descomposici\u00f3n de celulosa, promoviendo un ciclo de nutrientes m\u00e1s eficiente.<\/p>\n<p>Instrucciones de uso: Agitar bien antes de usar. A\u00f1adir 25 ml de Cannazym por cada 10 litros de agua. Aplicar con regularidad durante todo el ciclo de crecimiento para obtener los mejores resultados. Mantener en un lugar fresco y oscuro.<\/p>\n","protected":false},"excerpt":{"rendered":"<p><P>CANNAZYM es la enmienda del suelo que mejora la resistencia de la planta. Este producto extremamente popular es un preparado enzim\u00e1tico de alta calidad que se encarga de la descomposici\u00f3n de las ra\u00edces muertas, evitando de esta forma que se pudran. Aparte de ello crea m\u00e1s espacio libre para el resto de las ra\u00edces que de esta forma recibir\u00e1n suficiente ox\u00edgeno.<\/P><br \/><P>CANNAZYM contiene, adem\u00e1s, vitaminas que estimulan el desarrollo de la planta. Esto permite una mejor absorci\u00f3n de las sustancias nutritivas e incrementa la resistencia contra agentes pat\u00f3genos.<\/P><\/p>\n","protected":false},"featured_media":9732,"comment_status":"open","ping_status":"closed","template":"","meta":{"_bst_post_transparent":"","_bst_post_title":"","_bst_post_layout":"","_bst_post_sidebar_id":"","_bst_post_content_style":"","_bst_post_vertical_padding":"","_bst_post_feature":"","_bst_post_feature_position":"","_bst_post_header":false,"_bst_post_footer":false},"pwb-brand":[132],"product_brand":[],"product_cat":[39],"product_tag":[],"class_list":{"0":"post-9733","1":"product","2":"type-product","3":"status-publish","4":"has-post-thumbnail","6":"pwb-brand-canna","7":"product_cat-fertilizantes","8":"product_shipping_class-entre-10-kg-y-20-kg","10":"first","11":"instock","12":"sale","13":"taxable","14":"shipping-taxable","15":"purchasable","16":"product-type-simple","17":"entry","18":"content-bg","19":"loop-entry"},"brands":[{"id":132,"name":"Canna","slug":"canna"}],"_links":{"self":[{"href":"https:\/\/puregrowshop.com\/fr\/wp-json\/wp\/v2\/product\/9733","targetHints":{"allow":["GET"]}}],"collection":[{"href":"https:\/\/puregrowshop.com\/fr\/wp-json\/wp\/v2\/product"}],"about":[{"href":"https:\/\/puregrowshop.com\/fr\/wp-json\/wp\/v2\/types\/product"}],"replies":[{"embeddable":true,"href":"https:\/\/puregrowshop.com\/fr\/wp-json\/wp\/v2\/comments?post=9733"}],"wp:featuredmedia":[{"embeddable":true,"href":"https:\/\/puregrowshop.com\/fr\/wp-json\/wp\/v2\/media\/9732"}],"wp:attachment":[{"href":"https:\/\/puregrowshop.com\/fr\/wp-json\/wp\/v2\/media?parent=9733"}],"wp:term":[{"taxonomy":"pwb-brand","embeddable":true,"href":"https:\/\/puregrowshop.com\/fr\/wp-json\/wp\/v2\/pwb-brand?post=9733"},{"taxonomy":"product_brand","embeddable":true,"href":"https:\/\/puregrowshop.com\/fr\/wp-json\/wp\/v2\/product_brand?post=9733"},{"taxonomy":"product_cat","embeddable":true,"href":"https:\/\/puregrowshop.com\/fr\/wp-json\/wp\/v2\/product_cat?post=9733"},{"taxonomy":"product_tag","embeddable":true,"href":"https:\/\/puregrowshop.com\/fr\/wp-json\/wp\/v2\/product_tag?post=9733"}],"curies":[{"name":"wp","href":"https:\/\/api.w.org\/{rel}","templated":true}]}}