{"id":9729,"date":"2024-10-28T11:12:45","date_gmt":"2024-10-28T11:12:45","guid":{"rendered":"https:\/\/puregrowshop.com\/canna-cure-1-lt-canna\/"},"modified":"2025-12-27T20:01:32","modified_gmt":"2025-12-27T20:01:32","slug":"canna-cure-1-lt-canna","status":"publish","type":"product","link":"https:\/\/puregrowshop.com\/fr\/canna-cure-1-lt-canna\/","title":{"rendered":"Canna Cure 1 lt. Canna"},"content":{"rendered":"<p><P>Advertencia de CANNACURE<\/P><br \/><P>Si el cultivo est\u00e1 infestado de, por ejemplo, mosca blanca, ara\u00f1a roja o chinchilla repetir la pulverizaci\u00f3n a los tres d\u00edas y, de nuevo si se necesitara, tres d\u00edas m\u00e1s tarde. Repetir el proceso semanalmente. Bas\u00e1ndonos en nuestra experiencia de infestaciones severas, la mayor parte de las plagas comunes no aparecen si se aplica CANNACURE exhaustivamente en la parte superior e inferior de las hojas semanalmente, desde el inicio del proceso hasta el momento de la cosecha. Cuando se utiliza CANNACURE, lo que hacemos es aplicar un nutriente foliar as\u00ed como un exhaustivo pesticida y un fungicida, todo en uno.<\/P><\/p>\n","protected":false},"excerpt":{"rendered":"<p><P>CANNACURE es el primer pesticida respetuoso con el medio ambiente de CANNA los laboratorios de CANNA han desarrollado un estimulador multi-tarea que:<\/P><br \/><P>Controla las plagas a trav\u00e9s de medios f\u00edsicos respetuosos con el medio ambiente<BR>Estimula el crecimiento como un nutriente foliar<BR>CANNACURE asegura plantas m\u00e1s sanas, que se traduce en flores m\u00e1s grandes y un aumento de los rendimientos.<\/P><\/p>\n","protected":false},"featured_media":9728,"comment_status":"open","ping_status":"closed","template":"","meta":{"_bst_post_transparent":"","_bst_post_title":"","_bst_post_layout":"","_bst_post_sidebar_id":"","_bst_post_content_style":"","_bst_post_vertical_padding":"","_bst_post_feature":"","_bst_post_feature_position":"","_bst_post_header":false,"_bst_post_footer":false},"pwb-brand":[132],"product_brand":[],"product_cat":[39],"product_tag":[],"class_list":{"0":"post-9729","1":"product","2":"type-product","3":"status-publish","4":"has-post-thumbnail","6":"pwb-brand-canna","7":"product_cat-fertilizantes","9":"first","10":"instock","11":"sale","12":"taxable","13":"shipping-taxable","14":"purchasable","15":"product-type-simple","16":"entry","17":"content-bg","18":"loop-entry"},"brands":[{"id":132,"name":"Canna","slug":"canna"}],"_links":{"self":[{"href":"https:\/\/puregrowshop.com\/fr\/wp-json\/wp\/v2\/product\/9729","targetHints":{"allow":["GET"]}}],"collection":[{"href":"https:\/\/puregrowshop.com\/fr\/wp-json\/wp\/v2\/product"}],"about":[{"href":"https:\/\/puregrowshop.com\/fr\/wp-json\/wp\/v2\/types\/product"}],"replies":[{"embeddable":true,"href":"https:\/\/puregrowshop.com\/fr\/wp-json\/wp\/v2\/comments?post=9729"}],"wp:featuredmedia":[{"embeddable":true,"href":"https:\/\/puregrowshop.com\/fr\/wp-json\/wp\/v2\/media\/9728"}],"wp:attachment":[{"href":"https:\/\/puregrowshop.com\/fr\/wp-json\/wp\/v2\/media?parent=9729"}],"wp:term":[{"taxonomy":"pwb-brand","embeddable":true,"href":"https:\/\/puregrowshop.com\/fr\/wp-json\/wp\/v2\/pwb-brand?post=9729"},{"taxonomy":"product_brand","embeddable":true,"href":"https:\/\/puregrowshop.com\/fr\/wp-json\/wp\/v2\/product_brand?post=9729"},{"taxonomy":"product_cat","embeddable":true,"href":"https:\/\/puregrowshop.com\/fr\/wp-json\/wp\/v2\/product_cat?post=9729"},{"taxonomy":"product_tag","embeddable":true,"href":"https:\/\/puregrowshop.com\/fr\/wp-json\/wp\/v2\/product_tag?post=9729"}],"curies":[{"name":"wp","href":"https:\/\/api.w.org\/{rel}","templated":true}]}}