{"id":9727,"date":"2024-10-28T11:12:45","date_gmt":"2024-10-28T11:12:45","guid":{"rendered":"https:\/\/puregrowshop.com\/bio-rhizotonic-5-lt-canna\/"},"modified":"2025-12-27T20:01:32","modified_gmt":"2025-12-27T20:01:32","slug":"bio-rhizotonic-5-lt-canna","status":"publish","type":"product","link":"https:\/\/puregrowshop.com\/fr\/bio-rhizotonic-5-lt-canna\/","title":{"rendered":"Bio Rhizotonic  5 lt. Canna"},"content":{"rendered":"<p>Presentamos el Bio Rhizotonic 5 lt. de Canna, un fertilizante org\u00e1nico de alta calidad dise\u00f1ado para promover el crecimiento saludable de las ra\u00edces en tus plantas. Ideal para horticultores que buscan mejorar la vitalidad y resistencia de sus cultivos desde la ra\u00edz.<\/p>\n<ul>\n<li>Peso: 5.5 kg<\/li>\n<li>Categor\u00eda: Fertilizantes<\/li>\n<li>Capacidad: 5 litros<\/li>\n<li>Compatible con sistemas de cultivo en tierra y coco<\/li>\n<\/ul>\n<p>El Bio Rhizotonic estimula el desarrollo de ra\u00edces fuertes y sanas, lo que resulta en plantas m\u00e1s vigorosas y productivas. Este producto mejora la absorci\u00f3n de nutrientes y aumenta la resistencia al estr\u00e9s. Es perfecto para su uso durante la fase de enraizamiento y trasplante, asegurando una r\u00e1pida recuperaci\u00f3n y adaptaci\u00f3n de las plantas.<\/p>\n<p>Compuesto por ingredientes 100% naturales, este fertilizante es seguro para el medio ambiente y para tus plantas. Su f\u00f3rmula \u00fanica est\u00e1 enriquecida con vitaminas y minerales esenciales.<\/p>\n<p>Para obtener los mejores resultados, diluye 40 ml de Bio Rhizotonic en 10 litros de agua. Aplica la soluci\u00f3n directamente en el sustrato o mediante riego. Se recomienda su uso de 1 a 6 veces al d\u00eda, dependiendo de las necesidades de tus plantas y las condiciones de cultivo.<\/p>\n","protected":false},"excerpt":{"rendered":"<p>Es un estimulante radicular 100 % natural con certificado biol\u00f3gico (OMRI). Est\u00e1 compuesto por varias vitaminas, entre ellas, la vitamina B1 y B2. BioRhizotonic favorece el desarrollo del pelo radicular y de las puntas de la ra\u00edz, y aumenta la resistencia de la planta. Un sistema radicular fuerte permite que la planta pueda absorber m\u00e1s sustancias nutrientes y crezca con m\u00e1s rapidez. BioRhizotonic ejerce un visible efecto vitalizador en las plantas y arraigan m\u00e1s r\u00e1pidamente en el suelo. Adem\u00e1s, BioRhizotonic recupera y refuerza las plantas que parecen enfermas o en mal estado.<\/p>\n","protected":false},"featured_media":9726,"comment_status":"open","ping_status":"closed","template":"","meta":{"_bst_post_transparent":"","_bst_post_title":"","_bst_post_layout":"","_bst_post_sidebar_id":"","_bst_post_content_style":"","_bst_post_vertical_padding":"","_bst_post_feature":"","_bst_post_feature_position":"","_bst_post_header":false,"_bst_post_footer":false},"pwb-brand":[132],"product_brand":[],"product_cat":[39],"product_tag":[],"class_list":{"0":"post-9727","1":"product","2":"type-product","3":"status-publish","4":"has-post-thumbnail","6":"pwb-brand-canna","7":"product_cat-fertilizantes","9":"first","10":"instock","11":"sale","12":"taxable","13":"shipping-taxable","14":"purchasable","15":"product-type-simple","16":"entry","17":"content-bg","18":"loop-entry"},"brands":[{"id":132,"name":"Canna","slug":"canna"}],"_links":{"self":[{"href":"https:\/\/puregrowshop.com\/fr\/wp-json\/wp\/v2\/product\/9727","targetHints":{"allow":["GET"]}}],"collection":[{"href":"https:\/\/puregrowshop.com\/fr\/wp-json\/wp\/v2\/product"}],"about":[{"href":"https:\/\/puregrowshop.com\/fr\/wp-json\/wp\/v2\/types\/product"}],"replies":[{"embeddable":true,"href":"https:\/\/puregrowshop.com\/fr\/wp-json\/wp\/v2\/comments?post=9727"}],"wp:featuredmedia":[{"embeddable":true,"href":"https:\/\/puregrowshop.com\/fr\/wp-json\/wp\/v2\/media\/9726"}],"wp:attachment":[{"href":"https:\/\/puregrowshop.com\/fr\/wp-json\/wp\/v2\/media?parent=9727"}],"wp:term":[{"taxonomy":"pwb-brand","embeddable":true,"href":"https:\/\/puregrowshop.com\/fr\/wp-json\/wp\/v2\/pwb-brand?post=9727"},{"taxonomy":"product_brand","embeddable":true,"href":"https:\/\/puregrowshop.com\/fr\/wp-json\/wp\/v2\/product_brand?post=9727"},{"taxonomy":"product_cat","embeddable":true,"href":"https:\/\/puregrowshop.com\/fr\/wp-json\/wp\/v2\/product_cat?post=9727"},{"taxonomy":"product_tag","embeddable":true,"href":"https:\/\/puregrowshop.com\/fr\/wp-json\/wp\/v2\/product_tag?post=9727"}],"curies":[{"name":"wp","href":"https:\/\/api.w.org\/{rel}","templated":true}]}}