{"id":9725,"date":"2024-10-28T11:12:44","date_gmt":"2024-10-28T11:12:44","guid":{"rendered":"https:\/\/puregrowshop.com\/bio-boost-5-lt-canna\/"},"modified":"2025-12-27T20:01:24","modified_gmt":"2025-12-27T20:01:24","slug":"bio-boost-5-lt-canna","status":"publish","type":"product","link":"https:\/\/puregrowshop.com\/fr\/bio-boost-5-lt-canna\/","title":{"rendered":"Bio Boost  5 lt. Canna"},"content":{"rendered":"<p>Presentamos Bio Boost 5 lt. Canna, un aditivo estimulante de alta calidad dise\u00f1ado para maximizar el potencial de crecimiento de sus plantas. Ideal para cultivadores que buscan obtener resultados excepcionales, Bio Boost est\u00e1 formulado para mejorar la calidad y el rendimiento de sus cultivos de manera natural y efectiva.<\/p>\n<ul>\n<li>Peso: 5.3 kg<\/li>\n<li>Categor\u00eda: Fertilizantes<\/li>\n<li>Volumen: 5 litros<\/li>\n<li>Aditivo estimulante 100% natural<\/li>\n<\/ul>\n<h4>Bio Boost Canna ofrece una serie de beneficios clave para sus plantas<\/h4>\n<ul>\n<li>Aumenta la producci\u00f3n y mejora el sabor de los frutos.<\/li>\n<li>Mejora el metabolismo y la absorci\u00f3n de nutrientes.<\/li>\n<li>Proporciona una resistencia natural contra enfermedades.<\/li>\n<\/ul>\n<p>Este producto se compone de ingredientes 100% naturales, garantizando el cuidado del medio ambiente mientras potencia el desarrollo de sus cultivos.<\/p>\n<p>Para obtener los mejores resultados, agite bien antes de usar. A\u00f1ada Bio Boost en una proporci\u00f3n de 2-4 ml por litro de agua al regar sus plantas durante la fase de floraci\u00f3n. \u00daselo en combinaci\u00f3n con sus nutrientes habituales para maximizar la eficacia. Ideal para todo tipo de sistemas de cultivo, incluyendo hidropon\u00eda y tierra.<\/p>\n","protected":false},"excerpt":{"rendered":"<p>Tras a\u00f1os de investigaci\u00f3n, Canna ha conseguido desarrollar un proceso de fermentaci\u00f3n 100 % controlado. De esta forma es posible obtener un producto constante con una composici\u00f3n mineral correcta y exacta para producir ingredientes org\u00e1nicos. Los componentes de BioBoost son directamente absorbibles, estimulan el metabolismo y la resistencia de las plantas; adem\u00e1s mejora la calidad del suelo y la biodiversidad. Este aditivo mejora el rendimiento de cada sistema de cultivo y se puede aplicar en combinaci\u00f3n con todas las l\u00edneas de nutrientes y aditivos de Canna. BioBoost no es un fertilizante, sino un extracto de plantas fermentadas con caracter\u00edsticas estimulantes de floraci\u00f3n que son, adem\u00e1s, responsables de un sabor m\u00e1s intenso.<\/p>\n","protected":false},"featured_media":9724,"comment_status":"open","ping_status":"closed","template":"","meta":{"_bst_post_transparent":"","_bst_post_title":"","_bst_post_layout":"","_bst_post_sidebar_id":"","_bst_post_content_style":"","_bst_post_vertical_padding":"","_bst_post_feature":"","_bst_post_feature_position":"","_bst_post_header":false,"_bst_post_footer":false},"pwb-brand":[132],"product_brand":[],"product_cat":[39],"product_tag":[],"class_list":{"0":"post-9725","1":"product","2":"type-product","3":"status-publish","4":"has-post-thumbnail","6":"pwb-brand-canna","7":"product_cat-fertilizantes","9":"first","10":"instock","11":"sale","12":"taxable","13":"shipping-taxable","14":"purchasable","15":"product-type-simple","16":"entry","17":"content-bg","18":"loop-entry"},"brands":[{"id":132,"name":"Canna","slug":"canna"}],"_links":{"self":[{"href":"https:\/\/puregrowshop.com\/fr\/wp-json\/wp\/v2\/product\/9725","targetHints":{"allow":["GET"]}}],"collection":[{"href":"https:\/\/puregrowshop.com\/fr\/wp-json\/wp\/v2\/product"}],"about":[{"href":"https:\/\/puregrowshop.com\/fr\/wp-json\/wp\/v2\/types\/product"}],"replies":[{"embeddable":true,"href":"https:\/\/puregrowshop.com\/fr\/wp-json\/wp\/v2\/comments?post=9725"}],"wp:featuredmedia":[{"embeddable":true,"href":"https:\/\/puregrowshop.com\/fr\/wp-json\/wp\/v2\/media\/9724"}],"wp:attachment":[{"href":"https:\/\/puregrowshop.com\/fr\/wp-json\/wp\/v2\/media?parent=9725"}],"wp:term":[{"taxonomy":"pwb-brand","embeddable":true,"href":"https:\/\/puregrowshop.com\/fr\/wp-json\/wp\/v2\/pwb-brand?post=9725"},{"taxonomy":"product_brand","embeddable":true,"href":"https:\/\/puregrowshop.com\/fr\/wp-json\/wp\/v2\/product_brand?post=9725"},{"taxonomy":"product_cat","embeddable":true,"href":"https:\/\/puregrowshop.com\/fr\/wp-json\/wp\/v2\/product_cat?post=9725"},{"taxonomy":"product_tag","embeddable":true,"href":"https:\/\/puregrowshop.com\/fr\/wp-json\/wp\/v2\/product_tag?post=9725"}],"curies":[{"name":"wp","href":"https:\/\/api.w.org\/{rel}","templated":true}]}}