{"id":9719,"date":"2024-10-28T11:12:43","date_gmt":"2024-10-28T11:12:43","guid":{"rendered":"https:\/\/puregrowshop.com\/terra-vega-1-l-canna\/"},"modified":"2025-12-27T20:01:24","modified_gmt":"2025-12-27T20:01:24","slug":"terra-vega-1-l-canna","status":"publish","type":"product","link":"https:\/\/puregrowshop.com\/fr\/terra-vega-1-l-canna\/","title":{"rendered":"Terra Vega  1 l Canna"},"content":{"rendered":"<p>Descubre el poder de &quot;Terra Vega 1 l Canna&quot;, un fertilizante premium dise\u00f1ado espec\u00edficamente para potenciar el crecimiento vigoroso de tus plantas en la fase vegetativa. Ideal para cultivadores que buscan resultados excepcionales, este producto garantiza un desarrollo robusto y saludable desde las ra\u00edces hasta las hojas.<\/p>\n<ul>\n<li>Peso: 1.3 kg<\/li>\n<li>Categor\u00eda: Fertilizantes<\/li>\n<li>Alta concentraci\u00f3n de nutrientes esenciales<\/li>\n<li>Formulaci\u00f3n l\u00edquida de f\u00e1cil aplicaci\u00f3n<\/li>\n<li>Optimizado para suelos ricos en turba y mezclas sin tierra<\/li>\n<\/ul>\n<p>Con &quot;Terra Vega 1 l Canna&quot;, tus plantas recibir\u00e1n todos los nutrientes necesarios para un crecimiento r\u00e1pido y uniforme. Al mejorar la estructura del suelo y aumentar la capacidad de absorci\u00f3n de agua, tus cultivos estar\u00e1n m\u00e1s sanos y resistentes a enfermedades. Ideal tanto para interiores como exteriores, asegura una base s\u00f3lida para la producci\u00f3n fruct\u00edfera.<\/p>\n<p>Elaborado con una mezcla equilibrada de nitr\u00f3geno, potasio y microelementos, este fertilizante proporciona una nutrici\u00f3n completa y equilibrada.<\/p>\n<p>Instrucciones de uso: Agitar bien antes de usar. Diluir 50 ml de &quot;Terra Vega&quot; en 10 litros de agua. Aplicar la soluci\u00f3n de riego durante la fase vegetativa de las plantas, asegurando un riego uniforme. Usar en cada riego para obtener los mejores resultados.<\/p>\n","protected":false},"excerpt":{"rendered":"<p><P>Unos reto\u00f1os laterales vigorosos y un desarrollo exuberante de las ra\u00edces son caracter\u00edsticas de crecimiento sano y potente y forman la base de una elevada producci\u00f3n.<\/P><br \/><P>Terra Vega se ha desarrollado para satisfacer los requisitos de la planta durante la fase de crecimiento. La completa absorci\u00f3n de agua y de nutrientes desde el inicio del cultivo tambi\u00e9n est\u00e1 garantizada porque Terra Vega es rico en compuestos nitrogenados que se pueden absorber directamente, quelatos de hierro EDDHA de valor a\u00f1adido y oligoelementos. <\/P><br \/><P>Terra Vega es adecuado para usar con distintos tipos de suelos como los suelos prefertilizados o suelos que son deficientes en nutrientes o que se han usado anteriormente.<\/P><\/p>\n","protected":false},"featured_media":9718,"comment_status":"open","ping_status":"closed","template":"","meta":{"_bst_post_transparent":"","_bst_post_title":"","_bst_post_layout":"","_bst_post_sidebar_id":"","_bst_post_content_style":"","_bst_post_vertical_padding":"","_bst_post_feature":"","_bst_post_feature_position":"","_bst_post_header":false,"_bst_post_footer":false},"pwb-brand":[132],"product_brand":[],"product_cat":[39],"product_tag":[],"class_list":{"0":"post-9719","1":"product","2":"type-product","3":"status-publish","4":"has-post-thumbnail","6":"pwb-brand-canna","7":"product_cat-fertilizantes","9":"first","10":"instock","11":"sale","12":"taxable","13":"shipping-taxable","14":"purchasable","15":"product-type-simple","16":"entry","17":"content-bg","18":"loop-entry"},"brands":[{"id":132,"name":"Canna","slug":"canna"}],"_links":{"self":[{"href":"https:\/\/puregrowshop.com\/fr\/wp-json\/wp\/v2\/product\/9719","targetHints":{"allow":["GET"]}}],"collection":[{"href":"https:\/\/puregrowshop.com\/fr\/wp-json\/wp\/v2\/product"}],"about":[{"href":"https:\/\/puregrowshop.com\/fr\/wp-json\/wp\/v2\/types\/product"}],"replies":[{"embeddable":true,"href":"https:\/\/puregrowshop.com\/fr\/wp-json\/wp\/v2\/comments?post=9719"}],"wp:featuredmedia":[{"embeddable":true,"href":"https:\/\/puregrowshop.com\/fr\/wp-json\/wp\/v2\/media\/9718"}],"wp:attachment":[{"href":"https:\/\/puregrowshop.com\/fr\/wp-json\/wp\/v2\/media?parent=9719"}],"wp:term":[{"taxonomy":"pwb-brand","embeddable":true,"href":"https:\/\/puregrowshop.com\/fr\/wp-json\/wp\/v2\/pwb-brand?post=9719"},{"taxonomy":"product_brand","embeddable":true,"href":"https:\/\/puregrowshop.com\/fr\/wp-json\/wp\/v2\/product_brand?post=9719"},{"taxonomy":"product_cat","embeddable":true,"href":"https:\/\/puregrowshop.com\/fr\/wp-json\/wp\/v2\/product_cat?post=9719"},{"taxonomy":"product_tag","embeddable":true,"href":"https:\/\/puregrowshop.com\/fr\/wp-json\/wp\/v2\/product_tag?post=9719"}],"curies":[{"name":"wp","href":"https:\/\/api.w.org\/{rel}","templated":true}]}}