{"id":9717,"date":"2024-10-28T11:12:43","date_gmt":"2024-10-28T11:12:43","guid":{"rendered":"https:\/\/puregrowshop.com\/terra-flores-10-lt-canna\/"},"modified":"2025-12-27T20:01:24","modified_gmt":"2025-12-27T20:01:24","slug":"terra-flores-10-lt-canna","status":"publish","type":"product","link":"https:\/\/puregrowshop.com\/fr\/terra-flores-10-lt-canna\/","title":{"rendered":"Terra Flores 10 lt. Canna"},"content":{"rendered":"<p>Terra Flores 10 lt. Canna es un fertilizante de alta calidad dise\u00f1ado espec\u00edficamente para la fase de floraci\u00f3n de las plantas. Ideal para cultivadores que buscan maximizar el potencial de sus cultivos, este producto asegura un crecimiento exuberante y flores de mayor tama\u00f1o y calidad.<\/p>\n<ul>\n<li>Peso: 11.5 kg<\/li>\n<li>Capacidad: 10 litros<\/li>\n<li>Categor\u00eda: Fertilizantes para la fase de floraci\u00f3n<\/li>\n<li>Marca: Canna<\/li>\n<\/ul>\n<p>Con Terra Flores, sus plantas recibir\u00e1n todos los nutrientes esenciales que necesitan durante su fase de floraci\u00f3n. Este fertilizante estimula la producci\u00f3n de frutos y flores, mejorando la calidad y el sabor de los cultivos. Adem\u00e1s, su f\u00f3rmula est\u00e1 dise\u00f1ada para ser f\u00e1cilmente absorbida por las ra\u00edces, promoviendo un crecimiento saludable y vigoroso.<\/p>\n<p>Este fertilizante se compone de minerales de alta calidad y componentes naturales que enriquecen el sustrato, asegurando una floraci\u00f3n abundante y prolongada.<\/p>\n<p>Para su uso, simplemente agregue 5 ml de Terra Flores por litro de agua y apl\u00edquelo durante la fase de floraci\u00f3n. Aseg\u00farese de ajustar el pH y la EC de la soluci\u00f3n para obtener los mejores resultados. Use con regularidad y observe c\u00f3mo sus plantas florecen al m\u00e1ximo de su potencial.<\/p>\n","protected":false},"excerpt":{"rendered":"<p>La gama de nutrientes de CANNA Terra se ha desarrollado para el cultivo tanto en interior como en exterior. Los nutrientes CANNA Terra deber\u00edan usarse en combinaci\u00f3n con CANNA Terra Professional y CANNA Terra Professional Plus para resultados \u00f3ptimos.<BR><BR>CANNA Terra fue el primer nutriente en el mercado que se desarroll\u00f3 para el cultivo en suelo. CANNA Terra no tiene parang\u00f3n, gracias a su f\u00f3rmula Terra revolucionaria y los elevados est\u00e1ndares que CANNA establece durante la producci\u00f3n.<BR><BR>Los fertilizantes CANNA tienen un efecto biotropical. Se absorben por el sistema de la planta de forma natural. CANNA Terra garantiza un equilibrio \u00f3ptimo en las c\u00e9lulas de la planta, adem\u00e1s aumenta la resistencia. En comparaci\u00f3n con otros fertilizantes, los productos de Terra se absorben r\u00e1pidamente. Esto es importante para plantas de r\u00e1pido crecimiento como el cannabis ya que las fases de desarrollo se suceden muy r\u00e1pidamente. Este elevado grado de asborbibilidad significa que la planta tan s\u00f3lo debe dedicar un poco de energ\u00eda a este proceso, y por tanto puede centrarse completamente en el crecimiento y la floraci\u00f3n.<\/p>\n","protected":false},"featured_media":9716,"comment_status":"open","ping_status":"closed","template":"","meta":{"_bst_post_transparent":"","_bst_post_title":"","_bst_post_layout":"","_bst_post_sidebar_id":"","_bst_post_content_style":"","_bst_post_vertical_padding":"","_bst_post_feature":"","_bst_post_feature_position":"","_bst_post_header":false,"_bst_post_footer":false},"pwb-brand":[132],"product_brand":[],"product_cat":[39],"product_tag":[],"class_list":{"0":"post-9717","1":"product","2":"type-product","3":"status-publish","4":"has-post-thumbnail","6":"pwb-brand-canna","7":"product_cat-fertilizantes","8":"product_shipping_class-entre-10-kg-y-20-kg","10":"first","11":"instock","12":"sale","13":"taxable","14":"shipping-taxable","15":"purchasable","16":"product-type-simple","17":"entry","18":"content-bg","19":"loop-entry"},"brands":[{"id":132,"name":"Canna","slug":"canna"}],"_links":{"self":[{"href":"https:\/\/puregrowshop.com\/fr\/wp-json\/wp\/v2\/product\/9717","targetHints":{"allow":["GET"]}}],"collection":[{"href":"https:\/\/puregrowshop.com\/fr\/wp-json\/wp\/v2\/product"}],"about":[{"href":"https:\/\/puregrowshop.com\/fr\/wp-json\/wp\/v2\/types\/product"}],"replies":[{"embeddable":true,"href":"https:\/\/puregrowshop.com\/fr\/wp-json\/wp\/v2\/comments?post=9717"}],"wp:featuredmedia":[{"embeddable":true,"href":"https:\/\/puregrowshop.com\/fr\/wp-json\/wp\/v2\/media\/9716"}],"wp:attachment":[{"href":"https:\/\/puregrowshop.com\/fr\/wp-json\/wp\/v2\/media?parent=9717"}],"wp:term":[{"taxonomy":"pwb-brand","embeddable":true,"href":"https:\/\/puregrowshop.com\/fr\/wp-json\/wp\/v2\/pwb-brand?post=9717"},{"taxonomy":"product_brand","embeddable":true,"href":"https:\/\/puregrowshop.com\/fr\/wp-json\/wp\/v2\/product_brand?post=9717"},{"taxonomy":"product_cat","embeddable":true,"href":"https:\/\/puregrowshop.com\/fr\/wp-json\/wp\/v2\/product_cat?post=9717"},{"taxonomy":"product_tag","embeddable":true,"href":"https:\/\/puregrowshop.com\/fr\/wp-json\/wp\/v2\/product_tag?post=9717"}],"curies":[{"name":"wp","href":"https:\/\/api.w.org\/{rel}","templated":true}]}}