{"id":9713,"date":"2024-10-28T11:12:42","date_gmt":"2024-10-28T11:12:42","guid":{"rendered":"https:\/\/puregrowshop.com\/terra-flores-1-l-canna\/"},"modified":"2025-12-27T20:01:24","modified_gmt":"2025-12-27T20:01:24","slug":"terra-flores-1-l-canna","status":"publish","type":"product","link":"https:\/\/puregrowshop.com\/fr\/terra-flores-1-l-canna\/","title":{"rendered":"Terra Flores  1 l Canna"},"content":{"rendered":"<p>Terra Flores 1 l Canna es un fertilizante de alta calidad dise\u00f1ado espec\u00edficamente para la fase de floraci\u00f3n de sus plantas. Este producto es ideal para cultivadores que buscan maximizar el potencial de sus cosechas al proporcionar los nutrientes esenciales que las plantas necesitan durante esta etapa cr\u00edtica.<\/p>\n<ul>\n<li>Peso: 1.2 kg<\/li>\n<li>Categor\u00eda: Fertilizantes<\/li>\n<li>Contenido: 1 litro<\/li>\n<li>Dise\u00f1ado para la fase de floraci\u00f3n<\/li>\n<li>Compatible con cultivos en tierra<\/li>\n<\/ul>\n<p>Beneficios y Usos: Terra Flores promueve un desarrollo m\u00e1s vigoroso de las flores, mejorando tanto el tama\u00f1o como el aroma de las mismas. Al utilizar este fertilizante, las plantas reciben una mezcla equilibrada de macro y micronutrientes que aseguran una floraci\u00f3n abundante y saludable. Es especialmente eficaz para aumentar la producci\u00f3n y calidad de los frutos en cultivos de interior y exterior.<\/p>\n<p>Composici\u00f3n: Terra Flores contiene un equilibrio \u00f3ptimo de nutrientes esenciales, incluyendo f\u00f3sforo y potasio, que son cruciales para el desarrollo de flores robustas. Tambi\u00e9n incluye oligoelementos de f\u00e1cil absorci\u00f3n para mejorar la eficiencia del crecimiento.<\/p>\n<p>Instrucciones de uso y dosificaci\u00f3n: Agite bien antes de usar. Mezcle 50 ml de Terra Flores por cada 10 litros de agua. Aplique esta soluci\u00f3n nutritiva cada vez que riegue durante la fase de floraci\u00f3n. Ajuste la cantidad seg\u00fan las necesidades espec\u00edficas de sus plantas y las condiciones de cultivo.<\/p>\n","protected":false},"excerpt":{"rendered":"<p>La gama de nutrientes de CANNA Terra se ha desarrollado para el cultivo tanto en interior como en exterior. Los nutrientes CANNA Terra deber\u00edan usarse en combinaci\u00f3n con CANNA Terra Professional y CANNA Terra Professional Plus para resultados \u00f3ptimos.<BR><BR>CANNA Terra fue el primer nutriente en el mercado que se desarroll\u00f3 para el cultivo en suelo. CANNA Terra no tiene parang\u00f3n, gracias a su f\u00f3rmula Terra revolucionaria y los elevados est\u00e1ndares que CANNA establece durante la producci\u00f3n.<BR><BR>Los fertilizantes CANNA tienen un efecto biotropical. Se absorben por el sistema de la planta de forma natural. CANNA Terra garantiza un equilibrio \u00f3ptimo en las c\u00e9lulas de la planta, adem\u00e1s aumenta la resistencia. En comparaci\u00f3n con otros fertilizantes, los productos de Terra se absorben r\u00e1pidamente. Esto es importante para plantas de r\u00e1pido crecimiento como el cannabis ya que las fases de desarrollo se suceden muy r\u00e1pidamente. Este elevado grado de asborbibilidad significa que la planta tan s\u00f3lo debe dedicar un poco de energ\u00eda a este proceso, y por tanto puede centrarse completamente en el crecimiento y la floraci\u00f3n.<\/p>\n","protected":false},"featured_media":9712,"comment_status":"open","ping_status":"closed","template":"","meta":{"_bst_post_transparent":"","_bst_post_title":"","_bst_post_layout":"","_bst_post_sidebar_id":"","_bst_post_content_style":"","_bst_post_vertical_padding":"","_bst_post_feature":"","_bst_post_feature_position":"","_bst_post_header":false,"_bst_post_footer":false},"pwb-brand":[132],"product_brand":[],"product_cat":[39],"product_tag":[],"class_list":{"0":"post-9713","1":"product","2":"type-product","3":"status-publish","4":"has-post-thumbnail","6":"pwb-brand-canna","7":"product_cat-fertilizantes","9":"first","10":"instock","11":"sale","12":"taxable","13":"shipping-taxable","14":"purchasable","15":"product-type-simple","16":"entry","17":"content-bg","18":"loop-entry"},"brands":[{"id":132,"name":"Canna","slug":"canna"}],"_links":{"self":[{"href":"https:\/\/puregrowshop.com\/fr\/wp-json\/wp\/v2\/product\/9713","targetHints":{"allow":["GET"]}}],"collection":[{"href":"https:\/\/puregrowshop.com\/fr\/wp-json\/wp\/v2\/product"}],"about":[{"href":"https:\/\/puregrowshop.com\/fr\/wp-json\/wp\/v2\/types\/product"}],"replies":[{"embeddable":true,"href":"https:\/\/puregrowshop.com\/fr\/wp-json\/wp\/v2\/comments?post=9713"}],"wp:featuredmedia":[{"embeddable":true,"href":"https:\/\/puregrowshop.com\/fr\/wp-json\/wp\/v2\/media\/9712"}],"wp:attachment":[{"href":"https:\/\/puregrowshop.com\/fr\/wp-json\/wp\/v2\/media?parent=9713"}],"wp:term":[{"taxonomy":"pwb-brand","embeddable":true,"href":"https:\/\/puregrowshop.com\/fr\/wp-json\/wp\/v2\/pwb-brand?post=9713"},{"taxonomy":"product_brand","embeddable":true,"href":"https:\/\/puregrowshop.com\/fr\/wp-json\/wp\/v2\/product_brand?post=9713"},{"taxonomy":"product_cat","embeddable":true,"href":"https:\/\/puregrowshop.com\/fr\/wp-json\/wp\/v2\/product_cat?post=9713"},{"taxonomy":"product_tag","embeddable":true,"href":"https:\/\/puregrowshop.com\/fr\/wp-json\/wp\/v2\/product_tag?post=9713"}],"curies":[{"name":"wp","href":"https:\/\/api.w.org\/{rel}","templated":true}]}}