{"id":9709,"date":"2024-10-28T11:12:42","date_gmt":"2024-10-28T11:12:42","guid":{"rendered":"https:\/\/puregrowshop.com\/pk-13-14-5-lt-canna\/"},"modified":"2025-12-27T20:01:15","modified_gmt":"2025-12-27T20:01:15","slug":"pk-13-14-5-lt-canna","status":"publish","type":"product","link":"https:\/\/puregrowshop.com\/fr\/pk-13-14-5-lt-canna\/","title":{"rendered":"PK 13\/14 &#8211;  5 lt. Canna"},"content":{"rendered":"<p>Descubre el poder de PK 13\/14 de Canna, un fertilizante de alta calidad dise\u00f1ado para maximizar el rendimiento y la calidad de tus cultivos. Especialmente formulado para la fase de floraci\u00f3n, este aditivo promueve un crecimiento vigoroso y un desarrollo \u00f3ptimo de las flores.<\/p>\n<ul>\n<li>Capacidad: 5 litros<\/li>\n<li>Peso: 6.5 kg<\/li>\n<li>Incrementa la producci\u00f3n de flores<\/li>\n<li>Mejora la estructura celular de las plantas<\/li>\n<li>Compatible con todos los sistemas de cultivo<\/li>\n<\/ul>\n<p>El PK 13\/14 proporciona a tus plantas un impulso esencial de f\u00f3sforo y potasio, elementos clave que favorecen el desarrollo de flores m\u00e1s grandes y densas. Al potenciar la estructura celular, garantiza cultivos m\u00e1s robustos y resistentes, optimizando el proceso de fotos\u00edntesis y mejorando el sabor y el aroma del producto final.<\/p>\n<p>Composici\u00f3n: Este fertilizante contiene una proporci\u00f3n equilibrada de f\u00f3sforo (P) y potasio (K), esenciales para el desarrollo energ\u00e9tico y la s\u00edntesis de prote\u00ednas.<\/p>\n<p>Instrucciones de uso y dosificaci\u00f3n: A\u00f1ade PK 13\/14 al agua de riego durante la fase de floraci\u00f3n, aproximadamente en la tercera o cuarta semana. Mezcla 1.5 ml por litro de agua, asegurando una distribuci\u00f3n uniforme. Para obtener los mejores resultados, sigue las recomendaciones del fabricante y ajusta seg\u00fan las necesidades espec\u00edficas de tus plantas.<\/p>\n","protected":false},"excerpt":{"rendered":"<p><P>PK 13\/14 es un potente estimulante de la floraci\u00f3n que te sorprender\u00e1. Se trata de una f\u00f3rmula extremadamente concentrada que contiene una mezcla cuidadosamente equilibrada e integrada de compuestos puros de potasio y f\u00f3sforo para conseguir los mejores resultados de floraci\u00f3n. Esta exclusiva combinaci\u00f3n de compuestos puede considerarse un potente inductor de la floraci\u00f3n que desarrolla yemas de m\u00e1s peso, m\u00e1s prietas y m\u00e1s dulces, de una forma extremadamente r\u00e1pida.<\/P><br \/><P>Cultivadores profesionales de todo el mundo han comprobado que PK 13\/14 incrementa el peso de las cosechas de flores de forma significativa, una y otra vez.<\/P><br \/><P>A diferencia de los productos de potasa de calidad inferior, PK 13\/14 cuenta con una composici\u00f3n garantizada de un 13% de P205 y un 14% de K20. PK 13\/14 es \u00fanico, absolutamente seguro, f\u00e1cil de utilizar e incre\u00edblemente efectivo.<\/P><br \/><P>PK 13\/14 no es un nutriente. Es un aditivo. Un producto de eficacia demostrada que deber\u00edan utilizar todos los cultivadores.<\/P><\/p>\n","protected":false},"featured_media":9708,"comment_status":"open","ping_status":"closed","template":"","meta":{"_bst_post_transparent":"","_bst_post_title":"","_bst_post_layout":"","_bst_post_sidebar_id":"","_bst_post_content_style":"","_bst_post_vertical_padding":"","_bst_post_feature":"","_bst_post_feature_position":"","_bst_post_header":false,"_bst_post_footer":false},"pwb-brand":[132],"product_brand":[],"product_cat":[39],"product_tag":[],"class_list":{"0":"post-9709","1":"product","2":"type-product","3":"status-publish","4":"has-post-thumbnail","6":"pwb-brand-canna","7":"product_cat-fertilizantes","8":"product_shipping_class-entre-5-kg-y-10-kg","10":"first","11":"instock","12":"sale","13":"taxable","14":"shipping-taxable","15":"purchasable","16":"product-type-simple","17":"entry","18":"content-bg","19":"loop-entry"},"brands":[{"id":132,"name":"Canna","slug":"canna"}],"_links":{"self":[{"href":"https:\/\/puregrowshop.com\/fr\/wp-json\/wp\/v2\/product\/9709","targetHints":{"allow":["GET"]}}],"collection":[{"href":"https:\/\/puregrowshop.com\/fr\/wp-json\/wp\/v2\/product"}],"about":[{"href":"https:\/\/puregrowshop.com\/fr\/wp-json\/wp\/v2\/types\/product"}],"replies":[{"embeddable":true,"href":"https:\/\/puregrowshop.com\/fr\/wp-json\/wp\/v2\/comments?post=9709"}],"wp:featuredmedia":[{"embeddable":true,"href":"https:\/\/puregrowshop.com\/fr\/wp-json\/wp\/v2\/media\/9708"}],"wp:attachment":[{"href":"https:\/\/puregrowshop.com\/fr\/wp-json\/wp\/v2\/media?parent=9709"}],"wp:term":[{"taxonomy":"pwb-brand","embeddable":true,"href":"https:\/\/puregrowshop.com\/fr\/wp-json\/wp\/v2\/pwb-brand?post=9709"},{"taxonomy":"product_brand","embeddable":true,"href":"https:\/\/puregrowshop.com\/fr\/wp-json\/wp\/v2\/product_brand?post=9709"},{"taxonomy":"product_cat","embeddable":true,"href":"https:\/\/puregrowshop.com\/fr\/wp-json\/wp\/v2\/product_cat?post=9709"},{"taxonomy":"product_tag","embeddable":true,"href":"https:\/\/puregrowshop.com\/fr\/wp-json\/wp\/v2\/product_tag?post=9709"}],"curies":[{"name":"wp","href":"https:\/\/api.w.org\/{rel}","templated":true}]}}