{"id":9705,"date":"2024-10-28T11:12:41","date_gmt":"2024-10-28T11:12:41","guid":{"rendered":"https:\/\/puregrowshop.com\/pk-13-14-1-lt-canna\/"},"modified":"2025-12-27T20:01:15","modified_gmt":"2025-12-27T20:01:15","slug":"pk-13-14-1-lt-canna","status":"publish","type":"product","link":"https:\/\/puregrowshop.com\/fr\/pk-13-14-1-lt-canna\/","title":{"rendered":"PK 13\/14 &#8211;  1 lt. Canna"},"content":{"rendered":"<p>Presentamos el &quot;PK 13\/14 &#8211; 1 lt. Canna&quot;, un fertilizante de alto rendimiento dise\u00f1ado para maximizar el crecimiento y desarrollo de las plantas durante la fase de floraci\u00f3n. Ideal para cultivadores que buscan mejorar la calidad y cantidad de sus cosechas, este producto es esencial para cualquier sistema de cultivo avanzado.<\/p>\n<ul>\n<li>Peso: 1.2 kg<\/li>\n<li>Categor\u00eda: Fertilizantes<\/li>\n<li>Formato: L\u00edquido concentrado<\/li>\n<li>Relaci\u00f3n de nutrientes: F\u00f3sforo (P) 13%, Potasio (K) 14%<\/li>\n<\/ul>\n<h4>Beneficios y Usos<\/h4>\n<p>El &quot;PK 13\/14 &#8211; 1 lt. Canna&quot; provee una explosi\u00f3n de nutrientes esenciales que favorecen la formaci\u00f3n de flores m\u00e1s grandes y compactas. Su f\u00f3rmula concentrada asegura que las plantas reciban la cantidad \u00f3ptima de f\u00f3sforo y potasio, elementos clave para la producci\u00f3n de energ\u00eda y resistencia estructural, lo que resulta en cosechas m\u00e1s abundantes y de mejor calidad.<\/p>\n<p>Composici\u00f3n:<\/p>\n<p>El fertilizante est\u00e1 compuesto por una mezcla equilibrada de f\u00f3sforo y potasio en una soluci\u00f3n l\u00edquida, f\u00e1cil de absorber por las plantas.<\/p>\n<p>Instrucciones de uso y dosificaci\u00f3n:<\/p>\n<p>Para obtener los mejores resultados, a\u00f1ada &quot;PK 13\/14&quot; al agua de riego durante la fase de floraci\u00f3n, generalmente a partir de la tercera o cuarta semana. La dosificaci\u00f3n recomendada es de 1.5 ml por litro de agua. Aseg\u00farese de agitar bien antes de usar y seguir el calendario de nutrici\u00f3n de Canna para optimizar el rendimiento del cultivo.<\/p>\n","protected":false},"excerpt":{"rendered":"<p><P>PK 13\/14 es un potente estimulante de la floraci\u00f3n que te sorprender\u00e1. Se trata de una f\u00f3rmula extremadamente concentrada que contiene una mezcla cuidadosamente equilibrada e integrada de compuestos puros de potasio y f\u00f3sforo para conseguir los mejores resultados de floraci\u00f3n. Esta exclusiva combinaci\u00f3n de compuestos puede considerarse un potente inductor de la floraci\u00f3n que desarrolla yemas de m\u00e1s peso, m\u00e1s prietas y m\u00e1s dulces, de una forma extremadamente r\u00e1pida.<\/P><br \/><P>Cultivadores profesionales de todo el mundo han comprobado que PK 13\/14 incrementa el peso de las cosechas de flores de forma significativa, una y otra vez.<\/P><br \/><P>A diferencia de los productos de potasa de calidad inferior, PK 13\/14 cuenta con una composici\u00f3n garantizada de un 13% de P205 y un 14% de K20. PK 13\/14 es \u00fanico, absolutamente seguro, f\u00e1cil de utilizar e incre\u00edblemente efectivo.<\/P><br \/><P>PK 13\/14 no es un nutriente. Es un aditivo. Un producto de eficacia demostrada que deber\u00edan utilizar todos los cultivadores.<\/P><\/p>\n","protected":false},"featured_media":9704,"comment_status":"open","ping_status":"closed","template":"","meta":{"_bst_post_transparent":"","_bst_post_title":"","_bst_post_layout":"","_bst_post_sidebar_id":"","_bst_post_content_style":"","_bst_post_vertical_padding":"","_bst_post_feature":"","_bst_post_feature_position":"","_bst_post_header":false,"_bst_post_footer":false},"pwb-brand":[132],"product_brand":[],"product_cat":[39],"product_tag":[],"class_list":{"0":"post-9705","1":"product","2":"type-product","3":"status-publish","4":"has-post-thumbnail","6":"pwb-brand-canna","7":"product_cat-fertilizantes","9":"first","10":"instock","11":"sale","12":"taxable","13":"shipping-taxable","14":"purchasable","15":"product-type-simple","16":"entry","17":"content-bg","18":"loop-entry"},"brands":[{"id":132,"name":"Canna","slug":"canna"}],"_links":{"self":[{"href":"https:\/\/puregrowshop.com\/fr\/wp-json\/wp\/v2\/product\/9705","targetHints":{"allow":["GET"]}}],"collection":[{"href":"https:\/\/puregrowshop.com\/fr\/wp-json\/wp\/v2\/product"}],"about":[{"href":"https:\/\/puregrowshop.com\/fr\/wp-json\/wp\/v2\/types\/product"}],"replies":[{"embeddable":true,"href":"https:\/\/puregrowshop.com\/fr\/wp-json\/wp\/v2\/comments?post=9705"}],"wp:featuredmedia":[{"embeddable":true,"href":"https:\/\/puregrowshop.com\/fr\/wp-json\/wp\/v2\/media\/9704"}],"wp:attachment":[{"href":"https:\/\/puregrowshop.com\/fr\/wp-json\/wp\/v2\/media?parent=9705"}],"wp:term":[{"taxonomy":"pwb-brand","embeddable":true,"href":"https:\/\/puregrowshop.com\/fr\/wp-json\/wp\/v2\/pwb-brand?post=9705"},{"taxonomy":"product_brand","embeddable":true,"href":"https:\/\/puregrowshop.com\/fr\/wp-json\/wp\/v2\/product_brand?post=9705"},{"taxonomy":"product_cat","embeddable":true,"href":"https:\/\/puregrowshop.com\/fr\/wp-json\/wp\/v2\/product_cat?post=9705"},{"taxonomy":"product_tag","embeddable":true,"href":"https:\/\/puregrowshop.com\/fr\/wp-json\/wp\/v2\/product_tag?post=9705"}],"curies":[{"name":"wp","href":"https:\/\/api.w.org\/{rel}","templated":true}]}}