{"id":9703,"date":"2024-10-28T11:12:39","date_gmt":"2024-10-28T11:12:39","guid":{"rendered":"https:\/\/puregrowshop.com\/pk-13-14-500-ml-canna\/"},"modified":"2025-12-27T20:01:15","modified_gmt":"2025-12-27T20:01:15","slug":"pk-13-14-500-ml-canna","status":"publish","type":"product","link":"https:\/\/puregrowshop.com\/fr\/pk-13-14-500-ml-canna\/","title":{"rendered":"PK 13\/14 &#8211;    500 ml. Canna"},"content":{"rendered":"<p>Presentamos el PK 13\/14 de 500 ml de Canna, un concentrado de nutrientes dise\u00f1ado para optimizar el rendimiento de tus plantas durante la fase de floraci\u00f3n. Este fertilizante profesional ofrece una f\u00f3rmula equilibrada que promueve un desarrollo de flores m\u00e1s abundante y robusto. Ideal para cultivadores que buscan maximizar la calidad y cantidad de sus cosechas.<\/p>\n<ul>\n<li>Peso: 0.6 kg<\/li>\n<li>Categor\u00eda: Fertilizantes<\/li>\n<li>Contenido: 500 ml<\/li>\n<li>Marca: Canna<\/li>\n<li>Apto para: Todos los tipos de cultivo<\/li>\n<\/ul>\n<p>El PK 13\/14 es un suplemento esencial para el crecimiento de flores, proporcionando f\u00f3sforo y potasio en cantidades \u00f3ptimas. Estos nutrientes son cruciales para el desarrollo celular y la producci\u00f3n de energ\u00eda en las plantas, garantizando flores m\u00e1s grandes y densas. Adem\u00e1s, su aplicaci\u00f3n mejora la resistencia de la planta y acelera el ciclo de floraci\u00f3n.<\/p>\n<p>Composici\u00f3n: Dise\u00f1ado con una alta concentraci\u00f3n de f\u00f3sforo (P) y potasio (K), este fertilizante ofrece un impulso significativo durante la fase crucial de floraci\u00f3n.<\/p>\n<p>Instrucciones de uso: Mezclar 1.5 ml de PK 13\/14 por litro de agua y aplicar durante la fase de floraci\u00f3n. Usar una vez por semana para obtener los mejores resultados. Aseg\u00farate de seguir las indicaciones espec\u00edficas del cultivo para evitar sobrefertilizaci\u00f3n.<\/p>\n","protected":false},"excerpt":{"rendered":"<p><P>PK 13\/14 es un potente estimulante de la floraci\u00f3n que te sorprender\u00e1. Se trata de una f\u00f3rmula extremadamente concentrada que contiene una mezcla cuidadosamente equilibrada e integrada de compuestos puros de potasio y f\u00f3sforo para conseguir los mejores resultados de floraci\u00f3n. Esta exclusiva combinaci\u00f3n de compuestos puede considerarse un potente inductor de la floraci\u00f3n que desarrolla yemas de m\u00e1s peso, m\u00e1s prietas y m\u00e1s dulces, de una forma extremadamente r\u00e1pida.<\/P><br \/><P>Cultivadores profesionales de todo el mundo han comprobado que PK 13\/14 incrementa el peso de las cosechas de flores de forma significativa, una y otra vez.<\/P><br \/><P>A diferencia de los productos de potasa de calidad inferior, PK 13\/14 cuenta con una composici\u00f3n garantizada de un 13% de P205 y un 14% de K20. PK 13\/14 es \u00fanico, absolutamente seguro, f\u00e1cil de utilizar e incre\u00edblemente efectivo.<\/P><br \/><P>PK 13\/14 no es un nutriente. Es un aditivo. Un producto de eficacia demostrada que deber\u00edan utilizar todos los cultivadores.<\/P><\/p>\n","protected":false},"featured_media":9702,"comment_status":"open","ping_status":"closed","template":"","meta":{"_bst_post_transparent":"","_bst_post_title":"","_bst_post_layout":"","_bst_post_sidebar_id":"","_bst_post_content_style":"","_bst_post_vertical_padding":"","_bst_post_feature":"","_bst_post_feature_position":"","_bst_post_header":false,"_bst_post_footer":false},"pwb-brand":[132],"product_brand":[],"product_cat":[39],"product_tag":[],"class_list":{"0":"post-9703","1":"product","2":"type-product","3":"status-publish","4":"has-post-thumbnail","6":"pwb-brand-canna","7":"product_cat-fertilizantes","9":"first","10":"instock","11":"sale","12":"taxable","13":"shipping-taxable","14":"purchasable","15":"product-type-simple","16":"entry","17":"content-bg","18":"loop-entry"},"brands":[{"id":132,"name":"Canna","slug":"canna"}],"_links":{"self":[{"href":"https:\/\/puregrowshop.com\/fr\/wp-json\/wp\/v2\/product\/9703","targetHints":{"allow":["GET"]}}],"collection":[{"href":"https:\/\/puregrowshop.com\/fr\/wp-json\/wp\/v2\/product"}],"about":[{"href":"https:\/\/puregrowshop.com\/fr\/wp-json\/wp\/v2\/types\/product"}],"replies":[{"embeddable":true,"href":"https:\/\/puregrowshop.com\/fr\/wp-json\/wp\/v2\/comments?post=9703"}],"wp:featuredmedia":[{"embeddable":true,"href":"https:\/\/puregrowshop.com\/fr\/wp-json\/wp\/v2\/media\/9702"}],"wp:attachment":[{"href":"https:\/\/puregrowshop.com\/fr\/wp-json\/wp\/v2\/media?parent=9703"}],"wp:term":[{"taxonomy":"pwb-brand","embeddable":true,"href":"https:\/\/puregrowshop.com\/fr\/wp-json\/wp\/v2\/pwb-brand?post=9703"},{"taxonomy":"product_brand","embeddable":true,"href":"https:\/\/puregrowshop.com\/fr\/wp-json\/wp\/v2\/product_brand?post=9703"},{"taxonomy":"product_cat","embeddable":true,"href":"https:\/\/puregrowshop.com\/fr\/wp-json\/wp\/v2\/product_cat?post=9703"},{"taxonomy":"product_tag","embeddable":true,"href":"https:\/\/puregrowshop.com\/fr\/wp-json\/wp\/v2\/product_tag?post=9703"}],"curies":[{"name":"wp","href":"https:\/\/api.w.org\/{rel}","templated":true}]}}