{"id":9693,"date":"2024-10-28T11:12:38","date_gmt":"2024-10-28T11:12:38","guid":{"rendered":"https:\/\/puregrowshop.com\/nitrogeno-n-1-l-canna\/"},"modified":"2026-02-05T09:23:07","modified_gmt":"2026-02-05T09:23:07","slug":"nitrogeno-n-1-l-canna","status":"publish","type":"product","link":"https:\/\/puregrowshop.com\/fr\/nitrogeno-n-1-l-canna\/","title":{"rendered":"Nitrogeno (N) 1 l Canna"},"content":{"rendered":"<p>El &quot;Nitr\u00f3geno (N) 1 L Canna&quot; es un fertilizante esencial dise\u00f1ado para satisfacer las necesidades nutricionales de las plantas en crecimiento. Este producto de alta calidad es ideal para cultivadores que buscan optimizar el desarrollo y la salud de sus cultivos, proporcionando un aporte crucial de nitr\u00f3geno que fomenta el crecimiento vigoroso.<\/p>\n<ul>\n<li>Peso: 1.3 kg<\/li>\n<li>Categor\u00eda: Fertilizantes<\/li>\n<li>Presentaci\u00f3n: Botella de 1 litro<\/li>\n<\/ul>\n<p>Beneficios y Usos: Este fertilizante es especialmente eficaz para corregir deficiencias de nitr\u00f3geno en las plantas, lo que puede manifestarse en un crecimiento lento o hojas amarillentas. Al garantizar un suministro adecuado de este nutriente, las plantas pueden desarrollar un follaje m\u00e1s denso y verde, mejorar su fotos\u00edntesis, y aumentar su resistencia a las enfermedades.<\/p>\n<p>Composici\u00f3n: La f\u00f3rmula contiene una alta concentraci\u00f3n de nitr\u00f3geno en una forma f\u00e1cilmente absorbible por las plantas, asegurando una respuesta r\u00e1pida y efectiva en el cultivo.<\/p>\n<p>Instrucciones de uso y dosificaci\u00f3n: Agite bien antes de usar. A\u00f1ada 2-4 ml de producto por litro de agua y aplique la soluci\u00f3n directamente al sustrato. Ajuste la dosis seg\u00fan las necesidades espec\u00edficas de sus plantas y el ciclo de cultivo. Utilice regularmente para obtener resultados \u00f3ptimos.<\/p>\n","protected":false},"excerpt":{"rendered":"<p><P>El NITR\u00d3GENO desempe\u00f1a un papel principal en la s\u00edntesis prote\u00ednica y en el metabolismo energ\u00e9tico, que son esenciales para el desarrollo de la planta. Puede utilizarse en caso de carencia de nitr\u00f3geno y como sustancia suplementaria para el est\u00edmulo del crecimiento. NITR\u00d3GENO es tambi\u00e9n un elemento nutritivo indispensable para la producci\u00f3n de THC y la resistencia.<\/P><br \/><P>El l\u00edquido es absorbido directamente por la planta y tiene un efecto estimulante al crecimiento vegetativo.<\/P><\/p>\n","protected":false},"featured_media":9692,"comment_status":"open","ping_status":"closed","template":"","meta":{"_bst_post_transparent":"","_bst_post_title":"","_bst_post_layout":"","_bst_post_sidebar_id":"","_bst_post_content_style":"","_bst_post_vertical_padding":"","_bst_post_feature":"","_bst_post_feature_position":"","_bst_post_header":false,"_bst_post_footer":false},"pwb-brand":[132],"product_brand":[],"product_cat":[39],"product_tag":[],"class_list":{"0":"post-9693","1":"product","2":"type-product","3":"status-publish","4":"has-post-thumbnail","6":"pwb-brand-canna","7":"product_cat-fertilizantes","9":"first","10":"instock","11":"sale","12":"taxable","13":"shipping-taxable","14":"purchasable","15":"product-type-simple","16":"entry","17":"content-bg","18":"loop-entry"},"brands":[{"id":132,"name":"Canna","slug":"canna"}],"_links":{"self":[{"href":"https:\/\/puregrowshop.com\/fr\/wp-json\/wp\/v2\/product\/9693","targetHints":{"allow":["GET"]}}],"collection":[{"href":"https:\/\/puregrowshop.com\/fr\/wp-json\/wp\/v2\/product"}],"about":[{"href":"https:\/\/puregrowshop.com\/fr\/wp-json\/wp\/v2\/types\/product"}],"replies":[{"embeddable":true,"href":"https:\/\/puregrowshop.com\/fr\/wp-json\/wp\/v2\/comments?post=9693"}],"wp:featuredmedia":[{"embeddable":true,"href":"https:\/\/puregrowshop.com\/fr\/wp-json\/wp\/v2\/media\/9692"}],"wp:attachment":[{"href":"https:\/\/puregrowshop.com\/fr\/wp-json\/wp\/v2\/media?parent=9693"}],"wp:term":[{"taxonomy":"pwb-brand","embeddable":true,"href":"https:\/\/puregrowshop.com\/fr\/wp-json\/wp\/v2\/pwb-brand?post=9693"},{"taxonomy":"product_brand","embeddable":true,"href":"https:\/\/puregrowshop.com\/fr\/wp-json\/wp\/v2\/product_brand?post=9693"},{"taxonomy":"product_cat","embeddable":true,"href":"https:\/\/puregrowshop.com\/fr\/wp-json\/wp\/v2\/product_cat?post=9693"},{"taxonomy":"product_tag","embeddable":true,"href":"https:\/\/puregrowshop.com\/fr\/wp-json\/wp\/v2\/product_tag?post=9693"}],"curies":[{"name":"wp","href":"https:\/\/api.w.org\/{rel}","templated":true}]}}