{"id":9691,"date":"2024-10-28T11:12:37","date_gmt":"2024-10-28T11:12:37","guid":{"rendered":"https:\/\/puregrowshop.com\/magnesio-mgo-1-l-canna\/"},"modified":"2025-12-27T20:01:05","modified_gmt":"2025-12-27T20:01:05","slug":"magnesio-mgo-1-l-canna","status":"publish","type":"product","link":"https:\/\/puregrowshop.com\/fr\/magnesio-mgo-1-l-canna\/","title":{"rendered":"Magnesio (MgO) 1 L. Canna"},"content":{"rendered":"<p>Descubre el poder del Magnesio (Mg O) 1 L de Canna, un fertilizante esencial dise\u00f1ado para optimizar el crecimiento y la salud de tus plantas. Este producto es imprescindible para aquellos que buscan mejorar la absorci\u00f3n de nutrientes y asegurar un desarrollo robusto en sus cultivos.<\/p>\n<ul>\n<li>Peso: 1.3 kg<\/li>\n<li>Categor\u00eda: Fertilizantes<\/li>\n<li>Presentaci\u00f3n: L\u00edquido en botella de 1 litro<\/li>\n<li>Concentraci\u00f3n de Magnesio: \u00d3xido de Magnesio (MgO)<\/li>\n<\/ul>\n<p>El magnesio es un elemento vital en la fotos\u00edntesis, ayudando a la formaci\u00f3n de clorofila y fortaleciendo la estructura celular. Su uso regular puede prevenir deficiencias visibles y asegurar una producci\u00f3n \u00f3ptima de tus plantas. Ideal para suelos pobres en magnesio o aquellos con alta acidez.<\/p>\n<p>Composici\u00f3n:<\/p>\n<ul>\n<li>Agua purificada<\/li>\n<li>\u00d3xido de magnesio<\/li>\n<\/ul>\n<p>Instrucciones de uso y dosificaci\u00f3n:<\/p>\n<p>Agite bien antes de usar. Para aplicaci\u00f3n foliar, mezcle 1 ml de producto por litro de agua. Para riego, use 2 ml por litro de agua. Aplique una vez por semana o seg\u00fan las necesidades espec\u00edficas de sus plantas. Aseg\u00farese de seguir las instrucciones para evitar sobredosificaci\u00f3n.<\/p>\n<p>Con el Magnesio (Mg O) 1 L de Canna, tus plantas recibir\u00e1n el cuidado experto que merecen, garantizando un crecimiento vigoroso y saludable.<\/p>\n","protected":false},"excerpt":{"rendered":"<p><P>Magnesio es el \u00e1tomo central en la clorofila y es, pues, esencial en la fotos\u00edntesis. El magnesio influye, adem\u00e1s, otros pigmentos y procesos fisiol\u00f3gicos. Esto hace que sea un elemento indispensable en el desarrollo de la planta.<\/P><br \/><P>El MAGNESIO es directamente absorbible por la planta y su efecto es por ello r\u00e1pidamente visible. Puede utilizarse como fertilizante en caso de carencia de magnesio y como sustancia suplementaria para el est\u00edmulo del crecimiento y floraci\u00f3n.<\/P><\/p>\n","protected":false},"featured_media":9690,"comment_status":"open","ping_status":"closed","template":"","meta":{"_bst_post_transparent":"","_bst_post_title":"","_bst_post_layout":"","_bst_post_sidebar_id":"","_bst_post_content_style":"","_bst_post_vertical_padding":"","_bst_post_feature":"","_bst_post_feature_position":"","_bst_post_header":false,"_bst_post_footer":false},"pwb-brand":[132],"product_brand":[],"product_cat":[39],"product_tag":[],"class_list":{"0":"post-9691","1":"product","2":"type-product","3":"status-publish","4":"has-post-thumbnail","6":"pwb-brand-canna","7":"product_cat-fertilizantes","9":"first","10":"instock","11":"sale","12":"taxable","13":"shipping-taxable","14":"purchasable","15":"product-type-simple","16":"entry","17":"content-bg","18":"loop-entry"},"brands":[{"id":132,"name":"Canna","slug":"canna"}],"_links":{"self":[{"href":"https:\/\/puregrowshop.com\/fr\/wp-json\/wp\/v2\/product\/9691","targetHints":{"allow":["GET"]}}],"collection":[{"href":"https:\/\/puregrowshop.com\/fr\/wp-json\/wp\/v2\/product"}],"about":[{"href":"https:\/\/puregrowshop.com\/fr\/wp-json\/wp\/v2\/types\/product"}],"replies":[{"embeddable":true,"href":"https:\/\/puregrowshop.com\/fr\/wp-json\/wp\/v2\/comments?post=9691"}],"wp:featuredmedia":[{"embeddable":true,"href":"https:\/\/puregrowshop.com\/fr\/wp-json\/wp\/v2\/media\/9690"}],"wp:attachment":[{"href":"https:\/\/puregrowshop.com\/fr\/wp-json\/wp\/v2\/media?parent=9691"}],"wp:term":[{"taxonomy":"pwb-brand","embeddable":true,"href":"https:\/\/puregrowshop.com\/fr\/wp-json\/wp\/v2\/pwb-brand?post=9691"},{"taxonomy":"product_brand","embeddable":true,"href":"https:\/\/puregrowshop.com\/fr\/wp-json\/wp\/v2\/product_brand?post=9691"},{"taxonomy":"product_cat","embeddable":true,"href":"https:\/\/puregrowshop.com\/fr\/wp-json\/wp\/v2\/product_cat?post=9691"},{"taxonomy":"product_tag","embeddable":true,"href":"https:\/\/puregrowshop.com\/fr\/wp-json\/wp\/v2\/product_tag?post=9691"}],"curies":[{"name":"wp","href":"https:\/\/api.w.org\/{rel}","templated":true}]}}